{"id":1027,"date":"2026-02-17T17:10:52","date_gmt":"2026-02-17T17:10:52","guid":{"rendered":"https:\/\/xn--ensemblepourtierc-rtb.fr\/?page_id=1027"},"modified":"2026-03-06T17:56:28","modified_gmt":"2026-03-06T17:56:28","slug":"%f0%9f%8c%bf-limportance-de-lentretien-des-haies-et-des-fosses-a-tierce","status":"publish","type":"page","link":"https:\/\/xn--ensemblepourtierc-rtb.fr\/?page_id=1027","title":{"rendered":"\ud83c\udf3f L\u2019importance de l\u2019entretien des haies et des foss\u00e9s \u00e0 Tierc\u00e9"},"content":{"rendered":"\t\t<div data-elementor-type=\"wp-page\" data-elementor-id=\"1027\" class=\"elementor elementor-1027\">\n\t\t\t\t<div class=\"elementor-element elementor-element-7a8ab2b e-flex e-con-boxed e-con e-parent\" data-id=\"7a8ab2b\" data-element_type=\"container\" data-e-type=\"container\">\n\t\t\t\t\t<div class=\"e-con-inner\">\n\t\t<div class=\"elementor-element elementor-element-d90dc3c e-con-full e-flex e-con e-child\" data-id=\"d90dc3c\" data-element_type=\"container\" data-e-type=\"container\">\n\t\t<div class=\"elementor-element elementor-element-db37642 e-con-full e-flex e-con e-child\" data-id=\"db37642\" data-element_type=\"container\" data-e-type=\"container\">\n\t\t\t\t<div class=\"elementor-element elementor-element-3abf807 elementor-widget__width-initial elementor-widget elementor-widget-image\" data-id=\"3abf807\" data-element_type=\"widget\" data-e-type=\"widget\" data-widget_type=\"image.default\">\n\t\t\t\t\t\t\t\t\t\t\t\t\t\t\t<img fetchpriority=\"high\" decoding=\"async\" width=\"923\" height=\"923\" src=\"https:\/\/xn--ensemblepourtierc-rtb.fr\/wp-content\/uploads\/2026\/01\/smiley-orange-1024x1024.jpg\" class=\"attachment-large size-large wp-image-896\" alt=\"\" srcset=\"https:\/\/xn--ensemblepourtierc-rtb.fr\/wp-content\/uploads\/2026\/01\/smiley-orange-1024x1024.jpg 1024w, https:\/\/xn--ensemblepourtierc-rtb.fr\/wp-content\/uploads\/2026\/01\/smiley-orange-300x300.jpg 300w, https:\/\/xn--ensemblepourtierc-rtb.fr\/wp-content\/uploads\/2026\/01\/smiley-orange-150x150.jpg 150w, https:\/\/xn--ensemblepourtierc-rtb.fr\/wp-content\/uploads\/2026\/01\/smiley-orange-768x768.jpg 768w, https:\/\/xn--ensemblepourtierc-rtb.fr\/wp-content\/uploads\/2026\/01\/elementor\/thumbs\/smiley-orange-rhuh4eomb536ilosq9uvjvww4i5j5gjhgz3jvyyprc.jpg 100w, https:\/\/xn--ensemblepourtierc-rtb.fr\/wp-content\/uploads\/2026\/01\/smiley-orange.jpg 1472w\" sizes=\"(max-width: 923px) 100vw, 923px\" \/>\t\t\t\t\t\t\t\t\t\t\t\t\t\t\t<\/div>\n\t\t\t\t<\/div>\n\t\t<div class=\"elementor-element elementor-element-2e92959 e-con-full e-flex e-con e-child\" data-id=\"2e92959\" data-element_type=\"container\" data-e-type=\"container\">\n\t\t\t\t<div class=\"elementor-element elementor-element-2990167 elementor-widget__width-initial elementor-widget elementor-widget-text-editor\" data-id=\"2990167\" data-element_type=\"widget\" data-e-type=\"widget\" data-widget_type=\"text-editor.default\">\n\t\t\t\t\t\t\t\t\t<h1 class=\"p1\"><span class=\"s1\">\ud83c\udf3f<\/span><span class=\"s2\"> L\u2019importance de l\u2019entretien des haies et des foss\u00e9s \u00e0 <\/span><span class=\"s2\">Tierc\u00e9<\/span><\/h1><p class=\"p2\"><span class=\"s3\">Dans une commune rurale comme Tierc\u00e9, o\u00f9 l\u2019agriculture et les paysages bocagers fa\u00e7onnent <\/span><span class=\"s3\">le territoire, <\/span><strong><span class=\"s4\">l\u2019entretien des haies et des foss\u00e9s n\u2019est pas un simple geste esth\u00e9tique, mais <\/span><span class=\"s4\">un enjeu \u00e9cologique, agricole et r\u00e9glementaire majeur<\/span><\/strong><span class=\"s3\"><strong>.<\/strong> Ces \u00e9l\u00e9ments jouent un r\u00f4le crucial <\/span><span class=\"s3\">pour la biodiversit\u00e9, la qualit\u00e9 des sols, la gestion de l\u2019eau et la s\u00e9curit\u00e9 des exploitations.<\/span><\/p><h2>\u00a0<\/h2><h2 class=\"p1\"><strong><span class=\"s2\">Qu\u2019est-ce qu\u2019une haie et un foss\u00e9 ?<\/span><\/strong><\/h2><h3 class=\"p3\"><span class=\"s5\">La haie<\/span><\/h3><p class=\"p2\"><span class=\"s3\">Une <\/span><strong><span class=\"s4\">haie agricole<\/span><\/strong><span class=\"s3\"> est un lin\u00e9aire continu de v\u00e9g\u00e9tation ligneuse compos\u00e9 d\u2019arbustes et\/ou <\/span><span class=\"s3\">d\u2019arbres, g\u00e9n\u00e9ralement d\u2019une largeur inf\u00e9rieure \u00e0 10 m. Elle peut \u00eatre plant\u00e9e \u00e0 plat, sur talus <\/span><span class=\"s3\">ou en creux et forme souvent une limite entre parcelles agricoles ou bordure de champs.<\/span><\/p><p class=\"p2\"><span class=\"s3\">Les haies sont bien plus que des simples s\u00e9parations : <strong>ce sont des <\/strong><\/span><strong><span class=\"s4\">corridors biologiques<\/span><span class=\"s3\">, <\/span><span class=\"s4\">refuges pour la faune et la flore<\/span><\/strong><span class=\"s3\">, et des <\/span><strong><span class=\"s4\">amortisseurs naturels contre l\u2019\u00e9rosion et les vents<\/span><\/strong><span class=\"s3\">. <\/span><span class=\"s3\">Elles favorisent la biodiversit\u00e9, am\u00e9liorent la structure du sol, stockent du carbone et <\/span><span class=\"s3\">contribuent \u00e0 la sant\u00e9 globale des cultures.<\/span><\/p><h3 class=\"p3\"><span class=\"s5\">Le foss\u00e9<\/span><\/h3><p class=\"p2\"><span class=\"s3\">Un <\/span><strong><span class=\"s4\">foss\u00e9<\/span><\/strong><span class=\"s3\"> agricole est un <\/span><span class=\"s4\">o<strong>uvrage lin\u00e9aire artificiel creus\u00e9 dans le sol<\/strong><\/span><span class=\"s3\">, con\u00e7u pour assurer <\/span><span class=\"s3\">l\u2019<\/span><strong><span class=\"s4\">\u00e9coulement des eaux de ruissellement et de drainage<\/span><\/strong><span class=\"s3\">. Il permet d\u2019\u00e9viter l\u2019accumulation <\/span><span class=\"s3\">d\u2019eau stagnante dans les parcelles, de prot\u00e9ger les cultures contre les inondations localis\u00e9es et <\/span><span class=\"s3\">de r\u00e9guler l\u2019humidit\u00e9 des sols.<\/span><\/p><p class=\"p2\"><span class=\"s3\">Si certains foss\u00e9s peuvent \u00eatre confondus avec de <\/span><strong><span class=\"s4\">petits cours d\u2019eau naturels<\/span><\/strong><span class=\"s3\">, ils restent des <\/span><span class=\"s3\">\u00e9l\u00e9ments essentiels de la gestion hydraulique agricole. Leur mauvaise gestion peut entra\u00eener <\/span><span class=\"s3\">des d\u00e9bordements, des risques d\u2019inondations ou des perturbations du cycle de l\u2019eau.<\/span><\/p><h2>\u00a0<\/h2><h2 class=\"p1\"><span class=\"s2\">Pourquoi l\u2019entretien est-il crucial ?<\/span><\/h2><p class=\"p2\" style=\"padding-left: 40px;\"><strong><span class=\"s3\">1. <\/span><span class=\"s4\">Pr\u00e9venir l\u2019\u00e9rosion des sols<\/span><\/strong><\/p><p class=\"p2\" style=\"padding-left: 40px;\"><span class=\"s3\">Les haies r\u00e9duisent l\u2019impact du vent et des ruissellements, limitent le lessivage des <\/span><span class=\"s3\">sols et contribuent \u00e0 pr\u00e9server la mati\u00e8re organique.<\/span><\/p><p class=\"p2\" style=\"padding-left: 40px;\"><strong><span class=\"s3\">2. <\/span><span class=\"s4\">G\u00e9rer l\u2019eau correctement<\/span><\/strong><\/p><p class=\"p2\" style=\"padding-left: 40px;\"><span class=\"s3\">Un foss\u00e9 bien entretenu assure une \u00e9vacuation efficace des eaux de pluie, r\u00e9duisant les <\/span><span class=\"s3\">risques d\u2019inondation dans les parcelles basses ou en bord de rivi\u00e8re.<\/span><\/p><p class=\"p2\" style=\"padding-left: 40px;\"><strong><span class=\"s3\">3. <\/span><span class=\"s4\">Soutenir la biodiversit\u00e9<\/span><\/strong><\/p><p class=\"p2\" style=\"padding-left: 40px;\"><span class=\"s3\">Haies et foss\u00e9s sont des <\/span><span class=\"s4\">habitats v\u00e9g\u00e9taux et animaux<\/span><span class=\"s3\"> riches : insectes pollinisateurs, <\/span><span class=\"s3\">oiseaux, petits mammif\u00e8res ou amphibiens, qui contribuent \u00e0 l\u2019\u00e9quilibre \u00e9cologique et <\/span><span class=\"s3\">\u00e0 la sant\u00e9 des cultures.<\/span><\/p><p class=\"p2\" style=\"padding-left: 40px;\"><strong><span class=\"s3\">4. <\/span><span class=\"s4\">Am\u00e9liorer la qualit\u00e9 de l\u2019eau<\/span><\/strong><\/p><p class=\"p2\" style=\"padding-left: 40px;\"><span class=\"s3\">Les foss\u00e9s agissent comme tampons, retenant s\u00e9diments et substances avant qu\u2019ils <\/span><span class=\"s3\">n\u2019atteignent les cours d\u2019eau principaux.<\/span><\/p><h2>\u00a0<\/h2><h2 class=\"p1\"><span class=\"s2\">Rappels des normes agricoles applicables<\/span><\/h2><h3 class=\"p3\"><span class=\"s5\">R\u00e9glementation PAC et BCAE 8<\/span><\/h3><p class=\"p2\"><span class=\"s3\">Pour les exploitants agricoles qui per\u00e7oivent des aides de la <\/span><span class=\"s4\">Politique Agricole Commune <\/span><span class=\"s4\">(PAC)<\/span><span class=\"s3\">, l\u2019entretien des haies est une obligation :<\/span><\/p><ul><li class=\"p2\"><span class=\"s3\">L\u2019entretien des haies est encadr\u00e9 par la <\/span><span class=\"s4\">c<strong>onditionnalit\u00e9 de la PAC (BCAE 8)<\/strong><\/span><span class=\"s3\"> : les <\/span><span class=\"s3\">haies doivent \u00eatre maintenues et ne pas \u00eatre arrach\u00e9es ou laiss\u00e9es \u00e0 l\u2019abandon.<\/span><\/li><li class=\"p2\"><span class=\"s3\">La <\/span><strong><span class=\"s4\">taille des haies agricoles est interdite entre le 16 mars et le 15 ao\u00fbt <\/span><\/strong><span class=\"s3\">chaque <\/span><span class=\"s3\">ann\u00e9e afin de prot\u00e9ger la p\u00e9riode de nidification des oiseaux.<\/span><\/li><li class=\"p2\"><span class=\"s3\">En dehors de cette p\u00e9riode, la taille doit \u00eatre r\u00e9alis\u00e9e avec soin pour garantir la s\u00e9curit\u00e9 <\/span><span class=\"s3\">des voisins, prot\u00e9ger les cultures et respecter les distances l\u00e9gales.<\/span><\/li><\/ul><p class=\"p2\"><span class=\"s3\">Ces r\u00e8gles s\u2019appliquent sp\u00e9cifiquement aux haies agricoles ; les haies priv\u00e9es ou urbaines <\/span><span class=\"s3\">peuvent \u00eatre soumises \u00e0 d\u2019autres r\u00e8gles locales ou au <\/span><strong><span class=\"s4\">Code Civil<\/span><\/strong><span class=\"s3\">.<\/span><\/p><h3 class=\"p3\"><span class=\"s5\">Entretien des foss\u00e9s<\/span><\/h3><p class=\"p2\"><span class=\"s3\">Pour un foss\u00e9 agricole :<\/span><\/p><ul><li class=\"p2\"><strong><span class=\"s3\">Le <\/span><span class=\"s4\">propri\u00e9taire ou exploitant est responsable de l\u2019entretien courant<\/span><\/strong><span class=\"s3\"> : enlever <\/span><span class=\"s3\">emb\u00e2cles (branches, d\u00e9bris), curage l\u00e9ger, d\u00e9broussaillage des berges pour garantir <\/span><span class=\"s3\">l\u2019\u00e9coulement naturel des eaux.<\/span><\/li><li class=\"p2\"><span class=\"s3\">Tant que l\u2019intervention reste l\u00e9g\u00e8re et ne modifie pas le profil ou l\u2019axe du foss\u00e9, <\/span><strong><span class=\"s4\">aucune autorisation administrative n\u2019est n\u00e9cessaire<\/span><\/strong><span class=\"s3\">.<\/span><\/li><li class=\"p2\"><span class=\"s3\">En revanche, les <\/span><strong><span class=\"s4\">travaux lourds ou modifications structurelles<\/span><\/strong><span class=\"s3\"> (recalibrage, <\/span><span class=\"s3\">drainage, suppression du foss\u00e9) peuvent n\u00e9cessiter une <\/span><strong><span class=\"s4\">d\u00e9claration ou autorisation <\/span><\/strong><span class=\"s3\">aupr\u00e8s de la mairie ou des services de l\u2019\u00c9tat.<\/span><\/li><\/ul><h2>\u00a0<\/h2><h2 class=\"p1\"><span class=\"s2\">Risques et sanctions en cas de non-respect<\/span><\/h2><h3 class=\"p3\"><span class=\"s5\">Pour les haies<\/span><\/h3><ul><li class=\"p2\"><span class=\"s3\">La <\/span><strong><span class=\"s4\">non-conformit\u00e9 \u00e0 la conditionnalit\u00e9 PAC<\/span><\/strong><span class=\"s3\"> peut entra\u00eener une <\/span><strong><span class=\"s4\">r\u00e9duction des aides <\/span><span class=\"s4\">agricoles<\/span><\/strong><span class=\"s3\"> (par exemple 3 % sur l\u2019ensemble des aides lors d\u2019un premier manquement, <\/span><span class=\"s3\">puis 9 % en cas de r\u00e9cidive).<\/span><\/li><li class=\"p2\"><span class=\"s3\">Si une intervention enfreinte des protections environnementales (esp\u00e8ces prot\u00e9g\u00e9es, <\/span><span class=\"s3\">habitats sensibles), elle peut aussi exposer \u00e0 des <\/span><strong><span class=\"s4\">sanctions p\u00e9nales<\/span><\/strong><span class=\"s3\"> sous le <\/span><strong><span class=\"s4\">Code de <\/span><span class=\"s4\">l\u2019environnement<\/span><\/strong><span class=\"s3\">, y compris amendes importantes.<\/span><\/li><\/ul><h3 class=\"p2\"><span class=\"s5\">Pour les foss\u00e9s<\/span><\/h3><ul><li class=\"p2\"><span class=\"s3\">Un foss\u00e9 <\/span><strong><span class=\"s4\">obstru\u00e9 ou mal entretenu<\/span><\/strong><span class=\"s3\"> peut favoriser les d\u00e9bordements d\u2019eau, risque <\/span><span class=\"s3\">d\u2019inondation des parcelles ou dommages aux propri\u00e9t\u00e9s riveraines.<\/span><\/li><li class=\"p2\"><span class=\"s3\">Une intervention qui modifie le profil hydraulique sans autorisation peut n\u00e9cessiter <\/span><span class=\"s3\">une <\/span><strong><span class=\"s4\">remise en \u00e9tat ou des sanctions administratives<\/span><\/strong><span class=\"s3\"> (contr\u00f4les par les services <\/span><span class=\"s3\">agricoles ou environnementaux).<\/span><\/li><\/ul><h2>\u00a0<\/h2><h2 class=\"p1\"><span class=\"s2\">Conclusion<\/span><\/h2><p class=\"p2\"><span class=\"s3\">Pour une commune agricole comme <\/span><strong><span class=\"s4\">Tierc\u00e9<\/span><\/strong><span class=\"s3\">, l\u2019entretien r\u00e9gulier et conforme des haies et des <\/span><span class=\"s3\">foss\u00e9s :<\/span><\/p><ul><li class=\"p2\"><strong><span class=\"s4\">Prot\u00e8ge les sols et les cultures<\/span><span class=\"s3\">,<\/span><\/strong><\/li><li class=\"p2\"><strong><span class=\"s4\">Renforce la biodiversit\u00e9 locale<\/span><span class=\"s3\">,<\/span><\/strong><\/li><li class=\"p2\"><strong><span class=\"s4\">G\u00e8re efficacement l\u2019eau<\/span><span class=\"s3\">,<\/span><\/strong><\/li><li class=\"p2\"><strong><span class=\"s4\">Garantit la conformit\u00e9 r\u00e9glementaire des exploitations agricoles<\/span><span class=\"s3\">.<\/span><\/strong><\/li><\/ul><p class=\"p2\"><span class=\"s3\">Respecter ces \u00e9l\u00e9ments n\u2019est pas uniquement une obligation l\u00e9gale : c\u2019est un v\u00e9ritable <\/span><span class=\"s3\">investissement dans la durabilit\u00e9 des pratiques agricoles, la pr\u00e9servation du paysage bocager <\/span><span class=\"s3\">et la s\u00e9curit\u00e9 des exploitations agricoles du territoire.<\/span><\/p>\t\t\t\t\t\t\t\t<\/div>\n\t\t\t\t<\/div>\n\t\t\t\t<\/div>\n\t\t\t\t\t<\/div>\n\t\t\t\t<\/div>\n\t\t\t\t<\/div>\n\t\t","protected":false},"excerpt":{"rendered":"<p>\ud83c\udf3f L\u2019importance de l\u2019entretien des haies et des foss\u00e9s \u00e0 Tierc\u00e9 Dans une commune rurale comme Tierc\u00e9, o\u00f9 l\u2019agriculture et les paysages bocagers fa\u00e7onnent le territoire, l\u2019entretien des haies et des foss\u00e9s n\u2019est pas un simple geste esth\u00e9tique, mais un enjeu \u00e9cologique, agricole et r\u00e9glementaire majeur. Ces \u00e9l\u00e9ments jouent un r\u00f4le crucial pour la biodiversit\u00e9,&hellip;<\/p>\n","protected":false},"author":1,"featured_media":1060,"parent":0,"menu_order":0,"comment_status":"closed","ping_status":"closed","template":"","meta":{"footnotes":""},"class_list":["post-1027","page","type-page","status-publish","has-post-thumbnail","hentry"],"_links":{"self":[{"href":"https:\/\/xn--ensemblepourtierc-rtb.fr\/index.php?rest_route=\/wp\/v2\/pages\/1027","targetHints":{"allow":["GET"]}}],"collection":[{"href":"https:\/\/xn--ensemblepourtierc-rtb.fr\/index.php?rest_route=\/wp\/v2\/pages"}],"about":[{"href":"https:\/\/xn--ensemblepourtierc-rtb.fr\/index.php?rest_route=\/wp\/v2\/types\/page"}],"author":[{"embeddable":true,"href":"https:\/\/xn--ensemblepourtierc-rtb.fr\/index.php?rest_route=\/wp\/v2\/users\/1"}],"replies":[{"embeddable":true,"href":"https:\/\/xn--ensemblepourtierc-rtb.fr\/index.php?rest_route=%2Fwp%2Fv2%2Fcomments&post=1027"}],"version-history":[{"count":41,"href":"https:\/\/xn--ensemblepourtierc-rtb.fr\/index.php?rest_route=\/wp\/v2\/pages\/1027\/revisions"}],"predecessor-version":[{"id":1070,"href":"https:\/\/xn--ensemblepourtierc-rtb.fr\/index.php?rest_route=\/wp\/v2\/pages\/1027\/revisions\/1070"}],"wp:featuredmedia":[{"embeddable":true,"href":"https:\/\/xn--ensemblepourtierc-rtb.fr\/index.php?rest_route=\/wp\/v2\/media\/1060"}],"wp:attachment":[{"href":"https:\/\/xn--ensemblepourtierc-rtb.fr\/index.php?rest_route=%2Fwp%2Fv2%2Fmedia&parent=1027"}],"curies":[{"name":"wp","href":"https:\/\/api.w.org\/{rel}","templated":true}]}}