{"id":1088,"date":"2026-02-18T20:32:26","date_gmt":"2026-02-18T20:32:26","guid":{"rendered":"https:\/\/xn--ensemblepourtierc-rtb.fr\/?page_id=1088"},"modified":"2026-02-18T20:33:01","modified_gmt":"2026-02-18T20:33:01","slug":"severine","status":"publish","type":"page","link":"https:\/\/xn--ensemblepourtierc-rtb.fr\/?page_id=1088","title":{"rendered":"S\u00e9verine"},"content":{"rendered":"\n<p><strong><strong>Tierc\u00e9, notre ville, notre avenir.\u00a0<\/strong><\/strong><\/p>\n\n\n\n<p>Je m\u2019appelle S\u00e9verine et je vis \u00e0 Tierc\u00e9 depuis plus de 20 ans.<\/p>\n\n\n\n<p>M\u00e9decin urgentiste pendant 15 ans, aujourd\u2019hui m\u00e9decin du travail, j\u2019ai toujours plac\u00e9 l\u2019humain au c\u0153ur de mon engagement.<\/p>\n\n\n\n<p>Tierc\u00e9, ce n\u2019est pas seulement une ville o\u00f9 il fait bon vivre, c\u2019est une ville avec un vrai&nbsp; potentiel humain, \u00e9conomique et \u00e9cologique.<\/p>\n\n\n\n<p>Pour lib\u00e9rer pleinement ce potentiel, il faut une \u00e9quipe dynamique, engag\u00e9e, et r\u00e9ellement \u00e0 l\u2019\u00e9coute des habitants.<\/p>\n\n\n\n<p>Je suis convaincue que c\u2019est ensemble, avec une \u00e9quipe motiv\u00e9e et des citoyens impliqu\u00e9s, que nous pouvons construire une ville plus forte, plus vivante et plus agr\u00e9able pour tous.<\/p>\n\n\n\n<p>Mon p\u00e9ch\u00e9 mignon : ma famille, mon moteur au quotidien.<\/p>\n","protected":false},"excerpt":{"rendered":"<p>Tierc\u00e9, notre ville, notre avenir.\u00a0 Je m\u2019appelle S\u00e9verine et je vis \u00e0 Tierc\u00e9 depuis plus de 20 ans. M\u00e9decin urgentiste pendant 15 ans, aujourd\u2019hui m\u00e9decin du travail, j\u2019ai toujours plac\u00e9 l\u2019humain au c\u0153ur de mon engagement. Tierc\u00e9, ce n\u2019est pas seulement une ville o\u00f9 il fait bon vivre, c\u2019est une ville avec un vrai&nbsp; potentiel&hellip;<\/p>\n","protected":false},"author":1,"featured_media":1089,"parent":0,"menu_order":0,"comment_status":"closed","ping_status":"closed","template":"","meta":{"footnotes":""},"class_list":["post-1088","page","type-page","status-publish","has-post-thumbnail","hentry"],"_links":{"self":[{"href":"https:\/\/xn--ensemblepourtierc-rtb.fr\/index.php?rest_route=\/wp\/v2\/pages\/1088","targetHints":{"allow":["GET"]}}],"collection":[{"href":"https:\/\/xn--ensemblepourtierc-rtb.fr\/index.php?rest_route=\/wp\/v2\/pages"}],"about":[{"href":"https:\/\/xn--ensemblepourtierc-rtb.fr\/index.php?rest_route=\/wp\/v2\/types\/page"}],"author":[{"embeddable":true,"href":"https:\/\/xn--ensemblepourtierc-rtb.fr\/index.php?rest_route=\/wp\/v2\/users\/1"}],"replies":[{"embeddable":true,"href":"https:\/\/xn--ensemblepourtierc-rtb.fr\/index.php?rest_route=%2Fwp%2Fv2%2Fcomments&post=1088"}],"version-history":[{"count":2,"href":"https:\/\/xn--ensemblepourtierc-rtb.fr\/index.php?rest_route=\/wp\/v2\/pages\/1088\/revisions"}],"predecessor-version":[{"id":1092,"href":"https:\/\/xn--ensemblepourtierc-rtb.fr\/index.php?rest_route=\/wp\/v2\/pages\/1088\/revisions\/1092"}],"wp:featuredmedia":[{"embeddable":true,"href":"https:\/\/xn--ensemblepourtierc-rtb.fr\/index.php?rest_route=\/wp\/v2\/media\/1089"}],"wp:attachment":[{"href":"https:\/\/xn--ensemblepourtierc-rtb.fr\/index.php?rest_route=%2Fwp%2Fv2%2Fmedia&parent=1088"}],"curies":[{"name":"wp","href":"https:\/\/api.w.org\/{rel}","templated":true}]}}