{"id":1094,"date":"2026-02-18T20:41:42","date_gmt":"2026-02-18T20:41:42","guid":{"rendered":"https:\/\/xn--ensemblepourtierc-rtb.fr\/?page_id=1094"},"modified":"2026-02-18T20:41:42","modified_gmt":"2026-02-18T20:41:42","slug":"nathalie","status":"publish","type":"page","link":"https:\/\/xn--ensemblepourtierc-rtb.fr\/?page_id=1094","title":{"rendered":"Nathalie"},"content":{"rendered":"\n<p><strong>Un parcours fait d\u2019engagement\u2026 et d\u2019un rire communicatif<\/strong><\/p>\n\n\n\n<p>Je suis Nathalie, agent hospitalier depuis 32 ans, un m\u00e9tier dans lequel j\u2019ai toujours mis de l\u2019\u00e9coute, de la bienveillance et du respect. Accompagner les autres fait partie de ma nature, et j\u2019exerce cette mission avec une grande implication.<\/p>\n\n\n\n<p>Pendant la scolarit\u00e9 de mes deux enfants, j\u2019ai \u00e9t\u00e9 engag\u00e9e dans la vie associative, ce qui m\u2019a permis de contribuer \u00e0 la dynamique locale et de renforcer les liens entre les familles.<\/p>\n\n\n\n<p>En dehors de mon travail, je cultive plusieurs passions :<\/p>\n\n\n\n<p>&#8211; La couture, qui me permet de cr\u00e9er et de laisser parler ma cr\u00e9ativit\u00e9 ;<\/p>\n\n\n\n<p>&#8211; La lecture, mon moment d\u2019\u00e9vasion et de d\u00e9couverte.<\/p>\n\n\n\n<p>Ceux qui me connaissent savent que je suis quelqu\u2019un de souriant, que j\u2019aime rire et partager des moments simples, chaleureux et conviviaux avec les personnes qui m\u2019entourent.<\/p>\n\n\n\n<p>Mon&nbsp; p\u00e9ch\u00e9 mignon: Le rire, tout simplement. Celui qui fait du bien, qui d\u00e9tend et qui rassemble.<\/p>\n","protected":false},"excerpt":{"rendered":"<p>Un parcours fait d\u2019engagement\u2026 et d\u2019un rire communicatif Je suis Nathalie, agent hospitalier depuis 32 ans, un m\u00e9tier dans lequel j\u2019ai toujours mis de l\u2019\u00e9coute, de la bienveillance et du respect. Accompagner les autres fait partie de ma nature, et j\u2019exerce cette mission avec une grande implication. Pendant la scolarit\u00e9 de mes deux enfants, j\u2019ai&hellip;<\/p>\n","protected":false},"author":1,"featured_media":1095,"parent":0,"menu_order":0,"comment_status":"closed","ping_status":"closed","template":"","meta":{"footnotes":""},"class_list":["post-1094","page","type-page","status-publish","has-post-thumbnail","hentry"],"_links":{"self":[{"href":"https:\/\/xn--ensemblepourtierc-rtb.fr\/index.php?rest_route=\/wp\/v2\/pages\/1094","targetHints":{"allow":["GET"]}}],"collection":[{"href":"https:\/\/xn--ensemblepourtierc-rtb.fr\/index.php?rest_route=\/wp\/v2\/pages"}],"about":[{"href":"https:\/\/xn--ensemblepourtierc-rtb.fr\/index.php?rest_route=\/wp\/v2\/types\/page"}],"author":[{"embeddable":true,"href":"https:\/\/xn--ensemblepourtierc-rtb.fr\/index.php?rest_route=\/wp\/v2\/users\/1"}],"replies":[{"embeddable":true,"href":"https:\/\/xn--ensemblepourtierc-rtb.fr\/index.php?rest_route=%2Fwp%2Fv2%2Fcomments&post=1094"}],"version-history":[{"count":1,"href":"https:\/\/xn--ensemblepourtierc-rtb.fr\/index.php?rest_route=\/wp\/v2\/pages\/1094\/revisions"}],"predecessor-version":[{"id":1096,"href":"https:\/\/xn--ensemblepourtierc-rtb.fr\/index.php?rest_route=\/wp\/v2\/pages\/1094\/revisions\/1096"}],"wp:featuredmedia":[{"embeddable":true,"href":"https:\/\/xn--ensemblepourtierc-rtb.fr\/index.php?rest_route=\/wp\/v2\/media\/1095"}],"wp:attachment":[{"href":"https:\/\/xn--ensemblepourtierc-rtb.fr\/index.php?rest_route=%2Fwp%2Fv2%2Fmedia&parent=1094"}],"curies":[{"name":"wp","href":"https:\/\/api.w.org\/{rel}","templated":true}]}}