{"id":1109,"date":"2026-03-03T17:07:02","date_gmt":"2026-03-03T17:07:02","guid":{"rendered":"https:\/\/xn--ensemblepourtierc-rtb.fr\/?page_id=1109"},"modified":"2026-03-06T17:54:17","modified_gmt":"2026-03-06T17:54:17","slug":"ralentisseurs-a-tierce-entre-conformite-reglementaire-et-doutes-sur-la-securite","status":"publish","type":"page","link":"https:\/\/xn--ensemblepourtierc-rtb.fr\/?page_id=1109","title":{"rendered":"Ralentisseurs \u00e0 Tierc\u00e9 : entre conformit\u00e9 r\u00e9glementaire et doutes sur la s\u00e9curit\u00e9"},"content":{"rendered":"\t\t<div data-elementor-type=\"wp-page\" data-elementor-id=\"1109\" class=\"elementor elementor-1109\">\n\t\t\t\t<div class=\"elementor-element elementor-element-53b64ac e-flex e-con-boxed e-con e-parent\" data-id=\"53b64ac\" data-element_type=\"container\" data-e-type=\"container\">\n\t\t\t\t\t<div class=\"e-con-inner\">\n\t\t<div class=\"elementor-element elementor-element-37b70be e-con-full e-flex e-con e-child\" data-id=\"37b70be\" data-element_type=\"container\" data-e-type=\"container\">\n\t\t<div class=\"elementor-element elementor-element-557d036 e-con-full e-flex e-con e-child\" data-id=\"557d036\" data-element_type=\"container\" data-e-type=\"container\">\n\t\t<div class=\"elementor-element elementor-element-5aa7da7 e-con-full e-flex e-con e-child\" data-id=\"5aa7da7\" data-element_type=\"container\" data-e-type=\"container\">\n\t\t\t\t<div class=\"elementor-element elementor-element-00e4b81 elementor-widget__width-initial elementor-widget elementor-widget-image\" data-id=\"00e4b81\" data-element_type=\"widget\" data-e-type=\"widget\" data-widget_type=\"image.default\">\n\t\t\t\t\t\t\t\t\t\t\t\t\t\t\t<img fetchpriority=\"high\" decoding=\"async\" width=\"923\" height=\"923\" src=\"https:\/\/xn--ensemblepourtierc-rtb.fr\/wp-content\/uploads\/2026\/02\/smiley-rouge-1024x1024.jpg\" class=\"attachment-large size-large wp-image-981\" alt=\"\" srcset=\"https:\/\/xn--ensemblepourtierc-rtb.fr\/wp-content\/uploads\/2026\/02\/smiley-rouge-1024x1024.jpg 1024w, https:\/\/xn--ensemblepourtierc-rtb.fr\/wp-content\/uploads\/2026\/02\/smiley-rouge-300x300.jpg 300w, https:\/\/xn--ensemblepourtierc-rtb.fr\/wp-content\/uploads\/2026\/02\/smiley-rouge-150x150.jpg 150w, https:\/\/xn--ensemblepourtierc-rtb.fr\/wp-content\/uploads\/2026\/02\/smiley-rouge-768x768.jpg 768w, https:\/\/xn--ensemblepourtierc-rtb.fr\/wp-content\/uploads\/2026\/02\/smiley-rouge.jpg 1472w\" sizes=\"(max-width: 923px) 100vw, 923px\" \/>\t\t\t\t\t\t\t\t\t\t\t\t\t\t\t<\/div>\n\t\t\t\t<\/div>\n\t\t<div class=\"elementor-element elementor-element-27714ef e-con-full e-flex e-con e-child\" data-id=\"27714ef\" data-element_type=\"container\" data-e-type=\"container\">\n\t\t\t\t<div class=\"elementor-element elementor-element-c098fbb elementor-widget elementor-widget-heading\" data-id=\"c098fbb\" data-element_type=\"widget\" data-e-type=\"widget\" data-widget_type=\"heading.default\">\n\t\t\t\t\t<h2 class=\"elementor-heading-title elementor-size-default\">Ralentisseurs \u00e0 Tierc\u00e9 : entre conformit\u00e9 r\u00e9glementaire et doutes sur la s\u00e9curit\u00e9<\/h2>\t\t\t\t<\/div>\n\t\t\t\t<\/div>\n\t\t\t\t<\/div>\n\t\t\t\t<\/div>\n\t\t\t\t\t<\/div>\n\t\t\t\t<\/div>\n\t\t<div class=\"elementor-element elementor-element-9712987 e-con-full e-flex e-con e-parent\" data-id=\"9712987\" data-element_type=\"container\" data-e-type=\"container\">\n\t\t<div class=\"elementor-element elementor-element-ca5851f e-con-full e-flex e-con e-child\" data-id=\"ca5851f\" data-element_type=\"container\" data-e-type=\"container\">\n\t\t\t\t<div class=\"elementor-element elementor-element-228abcf elementor-widget elementor-widget-text-editor\" data-id=\"228abcf\" data-element_type=\"widget\" data-e-type=\"widget\" data-widget_type=\"text-editor.default\">\n\t\t\t\t\t\t\t\t\t<p>L\u2019installation r\u00e9cente de dispositifs de ralentissement dans plusieurs rues de Tierc\u00e9 avait pour objectif affich\u00e9 \u2014 selon les propos du Maire, Jean\u2011Jacques Girard, lors de la c\u00e9r\u00e9monie des v\u0153ux du 14 janvier 2026 \u2014 de r\u00e9pondre aux attentes des habitantes et habitants souhaitant faire diminuer la vitesse de circulation.<\/p><p>Pourtant, plusieurs \u00e9l\u00e9ments interrogent autant sur la m\u00e9thode que sur la s\u00e9curit\u00e9 r\u00e9elle apport\u00e9e par ces am\u00e9nagements.<\/p><p><strong>Une concertation absente<\/strong><\/p><p>Difficile d\u2019affirmer qu\u2019il s\u2019agissait d\u2019un souhait exprim\u00e9 par la population, dans la mesure o\u00f9 la concertation n\u2019a pas \u00e9t\u00e9 le point fort du conseil municipal ces derni\u00e8res ann\u00e9es.<\/p><p>Un \u00e9l\u00e9ment significatif est apparu lors du conseil municipal du 15 d\u00e9cembre 2025 relay\u00e9 par la presse \u201cOuest France\u201d dans un article dat\u00e9 du 22 d\u00e9cembre 2025\u00a0 : aucune d\u00e9lib\u00e9ration pr\u00e9alable n\u2019avait \u00e9t\u00e9 vot\u00e9e avant l\u2019implantation des ralentisseurs.<\/p><p>Ces installations ont donc \u00e9t\u00e9 r\u00e9alis\u00e9es sans d\u00e9cision formelle du conseil, ce qui interroge sur la d\u00e9marche suivie.<\/p><p>\u2714\ufe0f Conformes au Code de la route\u2026<\/p><p>\u274c \u2026 mais probl\u00e9matiques pour la s\u00e9curit\u00e9<\/p><p>D\u2019un point de vue r\u00e9glementaire, les am\u00e9nagements seraient conformes au Code de la route.<\/p><p>Mais cette conformit\u00e9 ne garantit pas la s\u00e9curit\u00e9 des usagers. Les retours du terrain montrent des difficult\u00e9s importantes.<\/p>\t\t\t\t\t\t\t\t<\/div>\n\t\t\t\t<div class=\"elementor-element elementor-element-daaf2e8 elementor-widget-divider--view-line elementor-widget elementor-widget-divider\" data-id=\"daaf2e8\" data-element_type=\"widget\" data-e-type=\"widget\" data-widget_type=\"divider.default\">\n\t\t\t\t\t\t\t<div class=\"elementor-divider\">\n\t\t\t<span class=\"elementor-divider-separator\">\n\t\t\t\t\t\t<\/span>\n\t\t<\/div>\n\t\t\t\t\t\t<\/div>\n\t\t\t\t<div class=\"elementor-element elementor-element-f2c5eb7 elementor-widget elementor-widget-text-editor\" data-id=\"f2c5eb7\" data-element_type=\"widget\" data-e-type=\"widget\" data-widget_type=\"text-editor.default\">\n\t\t\t\t\t\t\t\t\t<p><strong>Rue Berthelot\u2013Villeneuve<\/strong> : des am\u00e9nagements qui compliquent la circulation<\/p>\t\t\t\t\t\t\t\t<\/div>\n\t\t\t\t<div class=\"elementor-element elementor-element-a4564a7 elementor-widget elementor-widget-text-editor\" data-id=\"a4564a7\" data-element_type=\"widget\" data-e-type=\"widget\" data-widget_type=\"text-editor.default\">\n\t\t\t\t\t\t\t\t\t<p>Difficult\u00e9s rencontr\u00e9es :<\/p><p>Deux camions peinent \u00e0 se croiser<\/p><p>Tracteurs et engins agricoles : leurs man\u0153uvres deviennent quasi impossibles.<\/p><p>Les exploitants ont d\u2019ailleurs sollicit\u00e9 des r\u00e9unions en mairie pour d\u00e9montrer les dysfonctionnements.<\/p>\t\t\t\t\t\t\t\t<\/div>\n\t\t\t\t<div class=\"elementor-element elementor-element-104be1b elementor-widget elementor-widget-text-editor\" data-id=\"104be1b\" data-element_type=\"widget\" data-e-type=\"widget\" data-widget_type=\"text-editor.default\">\n\t\t\t\t\t\t\t\t\t<p>Intervention du pr\u00e9fet : face aux tensions, une rencontre entre agriculteurs et pr\u00e9fecture a eu lieu afin de revoir le projet et tenter d\u2019apaiser la situation.<\/p>\t\t\t\t\t\t\t\t<\/div>\n\t\t\t\t<div class=\"elementor-element elementor-element-33c92c5 elementor-widget elementor-widget-text-editor\" data-id=\"33c92c5\" data-element_type=\"widget\" data-e-type=\"widget\" data-widget_type=\"text-editor.default\">\n\t\t\t\t\t\t\t\t\t<p>(se r\u00e9f\u00e9rer aux pi\u00e8ces jointes : <a href=\"https:\/\/xn--ensemblepourtierc-rtb.fr\/?page_id=1157\">AG des Jeunes Agriculteurs du 49<\/a> et <a href=\"https:\/\/xn--ensemblepourtierc-rtb.fr\/?page_id=1159\">charte de circulation des engins agricoles datant de 2013<\/a>, actuellement en r\u00e9vision)<\/p>\t\t\t\t\t\t\t\t<\/div>\n\t\t\t\t<div class=\"elementor-element elementor-element-7d78efe elementor-widget elementor-widget-text-editor\" data-id=\"7d78efe\" data-element_type=\"widget\" data-e-type=\"widget\" data-widget_type=\"text-editor.default\">\n\t\t\t\t\t\t\t\t\t<p>\u26a0<strong>\ufe0f Une signalisation mal comprise<\/strong><\/p><p>Les observations montrent une confusion g\u00e9n\u00e9rale des automobilistes concernant la priorit\u00e9.<\/p><p>Beaucoup pensent \u00eatre en situation prioritaire alors que le panneau implant\u00e9 indique simplement un obstacle \u00e0 contourner.<\/p>\t\t\t\t\t\t\t\t<\/div>\n\t\t<div class=\"elementor-element elementor-element-20335af e-con-full e-flex e-con e-child\" data-id=\"20335af\" data-element_type=\"container\" data-e-type=\"container\">\n\t\t\t\t<div class=\"elementor-element elementor-element-c0e9a2c elementor-widget__width-initial elementor-widget elementor-widget-image\" data-id=\"c0e9a2c\" data-element_type=\"widget\" data-e-type=\"widget\" data-widget_type=\"image.default\">\n\t\t\t\t\t\t\t\t\t\t\t\t\t\t\t<img decoding=\"async\" width=\"316\" height=\"248\" src=\"https:\/\/xn--ensemblepourtierc-rtb.fr\/wp-content\/uploads\/2026\/03\/berthelot-1.png\" class=\"attachment-large size-large wp-image-1136\" alt=\"\" srcset=\"https:\/\/xn--ensemblepourtierc-rtb.fr\/wp-content\/uploads\/2026\/03\/berthelot-1.png 316w, https:\/\/xn--ensemblepourtierc-rtb.fr\/wp-content\/uploads\/2026\/03\/berthelot-1-300x235.png 300w\" sizes=\"(max-width: 316px) 100vw, 316px\" \/>\t\t\t\t\t\t\t\t\t\t\t\t\t\t\t<\/div>\n\t\t\t\t<div class=\"elementor-element elementor-element-a65b82d elementor-widget elementor-widget-text-editor\" data-id=\"a65b82d\" data-element_type=\"widget\" data-e-type=\"widget\" data-widget_type=\"text-editor.default\">\n\t\t\t\t\t\t\t\t\t<p>Rue Berthelot-Villeneuve<br \/>conforme sur le plan r\u00e9glementaire.<\/p><p>Raison : cette signal\u00e9tique s\u2019applique du fait des espacements entre les obstacles \u00e0 contourner.<\/p>\t\t\t\t\t\t\t\t<\/div>\n\t\t\t\t<\/div>\n\t\t\t\t<div class=\"elementor-element elementor-element-2c037d9 elementor-widget elementor-widget-text-editor\" data-id=\"2c037d9\" data-element_type=\"widget\" data-e-type=\"widget\" data-widget_type=\"text-editor.default\">\n\t\t\t\t\t\t\t\t\t<p>Si un v\u00e9hicule est d\u00e9j\u00e0 engag\u00e9 en sens inverse, acc\u00e9l\u00e9rer pour passer ne rel\u00e8ve pas de la priorit\u00e9 mais d\u2019un refus de priorit\u00e9, voire d\u2019un comportement dangereux.<\/p><p>Cette incompr\u00e9hension cr\u00e9\u00e9e par l\u2019am\u00e9nagement rend la situation accidentog\u00e8ne.<\/p>\t\t\t\t\t\t\t\t<\/div>\n\t\t\t\t<div class=\"elementor-element elementor-element-fb3aec2 elementor-widget-divider--view-line elementor-widget elementor-widget-divider\" data-id=\"fb3aec2\" data-element_type=\"widget\" data-e-type=\"widget\" data-widget_type=\"divider.default\">\n\t\t\t\t\t\t\t<div class=\"elementor-divider\">\n\t\t\t<span class=\"elementor-divider-separator\">\n\t\t\t\t\t\t<\/span>\n\t\t<\/div>\n\t\t\t\t\t\t<\/div>\n\t\t\t\t<div class=\"elementor-element elementor-element-49ff5f9 elementor-widget elementor-widget-text-editor\" data-id=\"49ff5f9\" data-element_type=\"widget\" data-e-type=\"widget\" data-widget_type=\"text-editor.default\">\n\t\t\t\t\t\t\t\t\t<p>\u00a0<\/p><p><strong>Pourquoi la signalisation diff\u00e8re\u2011t\u2011elle selon les routes ?<\/strong><\/p>\t\t\t\t\t\t\t\t<\/div>\n\t\t\t\t<div class=\"elementor-element elementor-element-d369e06 elementor-widget elementor-widget-text-editor\" data-id=\"d369e06\" data-element_type=\"widget\" data-e-type=\"widget\" data-widget_type=\"text-editor.default\">\n\t\t\t\t\t\t\t\t\t<p style=\"text-align: left;\">Signal\u00e9tique mieux comprise sur les axes de Montreuil sur Loir ou Ch\u00e2teauneuf-sur-Sarthe<\/p>\t\t\t\t\t\t\t\t<\/div>\n\t\t<div class=\"elementor-element elementor-element-bc0123b e-con-full e-flex e-con e-child\" data-id=\"bc0123b\" data-element_type=\"container\" data-e-type=\"container\">\n\t\t\t\t<div class=\"elementor-element elementor-element-acbb2e7 elementor-widget__width-initial elementor-widget elementor-widget-image\" data-id=\"acbb2e7\" data-element_type=\"widget\" data-e-type=\"widget\" data-widget_type=\"image.default\">\n\t\t\t\t\t\t\t\t\t\t\t\t\t\t\t<img decoding=\"async\" width=\"184\" height=\"248\" src=\"https:\/\/xn--ensemblepourtierc-rtb.fr\/wp-content\/uploads\/2026\/03\/montreuil.png\" class=\"attachment-large size-large wp-image-1137\" alt=\"\" \/>\t\t\t\t\t\t\t\t\t\t\t\t\t\t\t<\/div>\n\t\t\t\t<div class=\"elementor-element elementor-element-7d33146 elementor-widget__width-initial elementor-widget elementor-widget-image\" data-id=\"7d33146\" data-element_type=\"widget\" data-e-type=\"widget\" data-widget_type=\"image.default\">\n\t\t\t\t\t\t\t\t\t\t\t\t\t\t\t<img loading=\"lazy\" decoding=\"async\" width=\"122\" height=\"160\" src=\"https:\/\/xn--ensemblepourtierc-rtb.fr\/wp-content\/uploads\/2026\/03\/anjou.png\" class=\"attachment-full size-full wp-image-1138\" alt=\"\" \/>\t\t\t\t\t\t\t\t\t\t\t\t\t\t\t<\/div>\n\t\t\t\t<\/div>\n\t\t\t\t<div class=\"elementor-element elementor-element-30a5a28 elementor-widget elementor-widget-text-editor\" data-id=\"30a5a28\" data-element_type=\"widget\" data-e-type=\"widget\" data-widget_type=\"text-editor.default\">\n\t\t\t\t\t\t\t\t\t<p>Cette configuration emp\u00eache l\u2019utilisation du m\u00eame type de signal\u00e9tique que celle de la route Berthelot Villeneuve, ce qui contribue \u00e0 un manque de coh\u00e9rence global, et donc \u00e0 une difficult\u00e9 de compr\u00e9hension pour les conducteurs.<\/p>\t\t\t\t\t\t\t\t<\/div>\n\t\t\t\t<div class=\"elementor-element elementor-element-9411545 elementor-widget-divider--view-line elementor-widget elementor-widget-divider\" data-id=\"9411545\" data-element_type=\"widget\" data-e-type=\"widget\" data-widget_type=\"divider.default\">\n\t\t\t\t\t\t\t<div class=\"elementor-divider\">\n\t\t\t<span class=\"elementor-divider-separator\">\n\t\t\t\t\t\t<\/span>\n\t\t<\/div>\n\t\t\t\t\t\t<\/div>\n\t\t\t\t<div class=\"elementor-element elementor-element-179983f elementor-widget elementor-widget-text-editor\" data-id=\"179983f\" data-element_type=\"widget\" data-e-type=\"widget\" data-widget_type=\"text-editor.default\">\n\t\t\t\t\t\t\t\t\t<p>Autre cas dangereux : De nuit les ralentisseurs rue d\u2019Anjou donne l\u2019impression d\u2019avoir une seule et m\u00eame ligne sur la voie.<\/p>\t\t\t\t\t\t\t\t<\/div>\n\t\t<div class=\"elementor-element elementor-element-8c927b4 e-con-full e-flex e-con e-child\" data-id=\"8c927b4\" data-element_type=\"container\" data-e-type=\"container\">\n\t\t\t\t<div class=\"elementor-element elementor-element-8a9297a elementor-widget__width-initial elementor-widget elementor-widget-image\" data-id=\"8a9297a\" data-element_type=\"widget\" data-e-type=\"widget\" data-widget_type=\"image.default\">\n\t\t\t\t\t\t\t\t\t\t\t\t\t\t\t<img loading=\"lazy\" decoding=\"async\" width=\"232\" height=\"136\" src=\"https:\/\/xn--ensemblepourtierc-rtb.fr\/wp-content\/uploads\/2026\/03\/nuit-1.png\" class=\"attachment-full size-full wp-image-1139\" alt=\"\" \/>\t\t\t\t\t\t\t\t\t\t\t\t\t\t\t<\/div>\n\t\t\t\t<div class=\"elementor-element elementor-element-2228024 elementor-widget__width-initial elementor-widget elementor-widget-image\" data-id=\"2228024\" data-element_type=\"widget\" data-e-type=\"widget\" data-widget_type=\"image.default\">\n\t\t\t\t\t\t\t\t\t\t\t\t\t\t\t<img loading=\"lazy\" decoding=\"async\" width=\"144\" height=\"212\" src=\"https:\/\/xn--ensemblepourtierc-rtb.fr\/wp-content\/uploads\/2026\/03\/nuit-2.png\" class=\"attachment-full size-full wp-image-1140\" alt=\"\" \/>\t\t\t\t\t\t\t\t\t\t\t\t\t\t\t<\/div>\n\t\t\t\t<\/div>\n\t\t\t\t<div class=\"elementor-element elementor-element-4d583bb elementor-widget elementor-widget-text-editor\" data-id=\"4d583bb\" data-element_type=\"widget\" data-e-type=\"widget\" data-widget_type=\"text-editor.default\">\n\t\t\t\t\t\t\t\t\t<p>Les espaces y sont tr\u00e8s serr\u00e9s et les plots ont \u00e9t\u00e9 install\u00e9s de mani\u00e8res \u00e0 ne pas se d\u00e9caler sur le trottoir, c\u2019est pi\u00e9geux et tr\u00e8s mal signal\u00e9s.<\/p><p>La population ne souhaite pas \u00eatre bloqu\u00e9e mais demande \u00e0 ce que les v\u00e9hicules ralentissent sur les axes entrant dans Tierc\u00e9 o\u00f9 les 50km\/h ne sont pas respect\u00e9s.<\/p><p>\u00a0<\/p>\t\t\t\t\t\t\t\t<\/div>\n\t\t\t\t<div class=\"elementor-element elementor-element-0adea88 elementor-widget-divider--view-line elementor-widget elementor-widget-divider\" data-id=\"0adea88\" data-element_type=\"widget\" data-e-type=\"widget\" data-widget_type=\"divider.default\">\n\t\t\t\t\t\t\t<div class=\"elementor-divider\">\n\t\t\t<span class=\"elementor-divider-separator\">\n\t\t\t\t\t\t<\/span>\n\t\t<\/div>\n\t\t\t\t\t\t<\/div>\n\t\t\t\t<div class=\"elementor-element elementor-element-55b0b5b elementor-widget elementor-widget-text-editor\" data-id=\"55b0b5b\" data-element_type=\"widget\" data-e-type=\"widget\" data-widget_type=\"text-editor.default\">\n\t\t\t\t\t\t\t\t\t<p><strong>Conclusion <\/strong>: un projet \u00e0 revoir pour r\u00e9ellement s\u00e9curiser<\/p><p>Le projet des ralentisseurs, bien qu\u2019annonc\u00e9 comme une r\u00e9ponse aux attentes des habitants, soul\u00e8ve aujourd\u2019hui davantage de questions que de solutions :<\/p><ul><li>absence de d\u00e9lib\u00e9ration pr\u00e9alable,<\/li><li>concertation insuffisante,<\/li><li>circulation perturb\u00e9e,<\/li><li>signalisation confuse,<\/li><li>s\u00e9curit\u00e9 toujours pas garantie.<\/li><\/ul><p>La s\u00e9curit\u00e9 routi\u00e8re m\u00e9rite une r\u00e9flexion approfondie, coh\u00e9rente et collective. Les usagers \u2014 automobilistes, riverains, agriculteurs, professionnels de la route \u2014 doivent pouvoir circuler sereinement, dans des rues o\u00f9 les am\u00e9nagements facilitent les d\u00e9placements plut\u00f4t qu\u2019ils ne les compliquent, tout en incitant chacun \u00e0 adapter sa conduite pour la s\u00e9curit\u00e9 de tous.<\/p>\t\t\t\t\t\t\t\t<\/div>\n\t\t\t\t<div class=\"elementor-element elementor-element-49c7d9f elementor-widget-divider--view-line elementor-widget elementor-widget-divider\" data-id=\"49c7d9f\" data-element_type=\"widget\" data-e-type=\"widget\" data-widget_type=\"divider.default\">\n\t\t\t\t\t\t\t<div class=\"elementor-divider\">\n\t\t\t<span class=\"elementor-divider-separator\">\n\t\t\t\t\t\t<\/span>\n\t\t<\/div>\n\t\t\t\t\t\t<\/div>\n\t\t\t\t<div class=\"elementor-element elementor-element-776e190 elementor-widget elementor-widget-text-editor\" data-id=\"776e190\" data-element_type=\"widget\" data-e-type=\"widget\" data-widget_type=\"text-editor.default\">\n\t\t\t\t\t\t\t\t\t<p>Pi\u00e8ces jointes<\/p>\t\t\t\t\t\t\t\t<\/div>\n\t\t<div class=\"elementor-element elementor-element-7aaaed7 e-grid e-con-full e-con e-child\" data-id=\"7aaaed7\" data-element_type=\"container\" data-e-type=\"container\">\n\t\t\t\t<div class=\"elementor-element elementor-element-06ec926 elementor-widget elementor-widget-button\" data-id=\"06ec926\" data-element_type=\"widget\" data-e-type=\"widget\" data-widget_type=\"button.default\">\n\t\t\t\t\t\t\t\t\t\t<a class=\"elementor-button elementor-button-link elementor-size-sm\" href=\"https:\/\/xn--ensemblepourtierc-rtb.fr\/?page_id=1157\">\n\t\t\t\t\t\t<span class=\"elementor-button-content-wrapper\">\n\t\t\t\t\t\t\t\t\t<span class=\"elementor-button-text\">Discours AG JA 49 (2026)<\/span>\n\t\t\t\t\t<\/span>\n\t\t\t\t\t<\/a>\n\t\t\t\t\t\t\t\t<\/div>\n\t\t\t\t<div class=\"elementor-element elementor-element-d13bd36 elementor-widget elementor-widget-button\" data-id=\"d13bd36\" data-element_type=\"widget\" data-e-type=\"widget\" data-widget_type=\"button.default\">\n\t\t\t\t\t\t\t\t\t\t<a class=\"elementor-button elementor-button-link elementor-size-sm\" href=\"https:\/\/xn--ensemblepourtierc-rtb.fr\/?page_id=1159\">\n\t\t\t\t\t\t<span class=\"elementor-button-content-wrapper\">\n\t\t\t\t\t\t\t\t\t<span class=\"elementor-button-text\">Charte de circulation des engins agricoles (2013)<\/span>\n\t\t\t\t\t<\/span>\n\t\t\t\t\t<\/a>\n\t\t\t\t\t\t\t\t<\/div>\n\t\t\t\t<\/div>\n\t\t\t\t<div class=\"elementor-element elementor-element-62414ec elementor-widget-divider--view-line elementor-widget elementor-widget-divider\" data-id=\"62414ec\" data-element_type=\"widget\" data-e-type=\"widget\" data-widget_type=\"divider.default\">\n\t\t\t\t\t\t\t<div class=\"elementor-divider\">\n\t\t\t<span class=\"elementor-divider-separator\">\n\t\t\t\t\t\t<\/span>\n\t\t<\/div>\n\t\t\t\t\t\t<\/div>\n\t\t\t\t<\/div>\n\t\t\t\t<\/div>\n\t\t\t\t<\/div>\n\t\t","protected":false},"excerpt":{"rendered":"<p>Ralentisseurs \u00e0 Tierc\u00e9 : entre conformit\u00e9 r\u00e9glementaire et doutes sur la s\u00e9curit\u00e9 L\u2019installation r\u00e9cente de dispositifs de ralentissement dans plusieurs rues de Tierc\u00e9 avait pour objectif affich\u00e9 \u2014 selon les propos du Maire, Jean\u2011Jacques Girard, lors de la c\u00e9r\u00e9monie des v\u0153ux du 14 janvier 2026 \u2014 de r\u00e9pondre aux attentes des habitantes et habitants souhaitant&hellip;<\/p>\n","protected":false},"author":1,"featured_media":1119,"parent":0,"menu_order":0,"comment_status":"closed","ping_status":"closed","template":"","meta":{"footnotes":""},"class_list":["post-1109","page","type-page","status-publish","has-post-thumbnail","hentry"],"_links":{"self":[{"href":"https:\/\/xn--ensemblepourtierc-rtb.fr\/index.php?rest_route=\/wp\/v2\/pages\/1109","targetHints":{"allow":["GET"]}}],"collection":[{"href":"https:\/\/xn--ensemblepourtierc-rtb.fr\/index.php?rest_route=\/wp\/v2\/pages"}],"about":[{"href":"https:\/\/xn--ensemblepourtierc-rtb.fr\/index.php?rest_route=\/wp\/v2\/types\/page"}],"author":[{"embeddable":true,"href":"https:\/\/xn--ensemblepourtierc-rtb.fr\/index.php?rest_route=\/wp\/v2\/users\/1"}],"replies":[{"embeddable":true,"href":"https:\/\/xn--ensemblepourtierc-rtb.fr\/index.php?rest_route=%2Fwp%2Fv2%2Fcomments&post=1109"}],"version-history":[{"count":48,"href":"https:\/\/xn--ensemblepourtierc-rtb.fr\/index.php?rest_route=\/wp\/v2\/pages\/1109\/revisions"}],"predecessor-version":[{"id":1185,"href":"https:\/\/xn--ensemblepourtierc-rtb.fr\/index.php?rest_route=\/wp\/v2\/pages\/1109\/revisions\/1185"}],"wp:featuredmedia":[{"embeddable":true,"href":"https:\/\/xn--ensemblepourtierc-rtb.fr\/index.php?rest_route=\/wp\/v2\/media\/1119"}],"wp:attachment":[{"href":"https:\/\/xn--ensemblepourtierc-rtb.fr\/index.php?rest_route=%2Fwp%2Fv2%2Fmedia&parent=1109"}],"curies":[{"name":"wp","href":"https:\/\/api.w.org\/{rel}","templated":true}]}}