{"id":1195,"date":"2026-03-06T16:12:54","date_gmt":"2026-03-06T16:12:54","guid":{"rendered":"https:\/\/xn--ensemblepourtierc-rtb.fr\/?page_id=1195"},"modified":"2026-03-06T20:49:36","modified_gmt":"2026-03-06T20:49:36","slug":"transparence-sur-le-projet-immobilier-entre-le-funerarium-et-le-cimetiere","status":"publish","type":"page","link":"https:\/\/xn--ensemblepourtierc-rtb.fr\/?page_id=1195","title":{"rendered":"Transparence sur le projet immobilier entre le fun\u00e9rarium et le cimeti\u00e8re"},"content":{"rendered":"\t\t<div data-elementor-type=\"wp-page\" data-elementor-id=\"1195\" class=\"elementor elementor-1195\">\n\t\t\t\t<div class=\"elementor-element elementor-element-b06ab21 e-flex e-con-boxed e-con e-parent\" data-id=\"b06ab21\" data-element_type=\"container\" data-e-type=\"container\">\n\t\t\t\t\t<div class=\"e-con-inner\">\n\t\t<div class=\"elementor-element elementor-element-dab450d e-con-full e-flex e-con e-child\" data-id=\"dab450d\" data-element_type=\"container\" data-e-type=\"container\">\n\t\t<div class=\"elementor-element elementor-element-958725f e-con-full e-flex e-con e-child\" data-id=\"958725f\" data-element_type=\"container\" data-e-type=\"container\">\n\t\t<div class=\"elementor-element elementor-element-91d325b e-con-full e-flex e-con e-child\" data-id=\"91d325b\" data-element_type=\"container\" data-e-type=\"container\">\n\t\t\t\t<div class=\"elementor-element elementor-element-7d5670f elementor-widget__width-initial elementor-widget elementor-widget-image\" data-id=\"7d5670f\" data-element_type=\"widget\" data-e-type=\"widget\" data-widget_type=\"image.default\">\n\t\t\t\t\t\t\t\t\t\t\t\t\t\t\t<img fetchpriority=\"high\" decoding=\"async\" width=\"923\" height=\"923\" src=\"https:\/\/xn--ensemblepourtierc-rtb.fr\/wp-content\/uploads\/2026\/02\/smiley-rouge-1024x1024.jpg\" class=\"attachment-large size-large wp-image-981\" alt=\"\" srcset=\"https:\/\/xn--ensemblepourtierc-rtb.fr\/wp-content\/uploads\/2026\/02\/smiley-rouge-1024x1024.jpg 1024w, https:\/\/xn--ensemblepourtierc-rtb.fr\/wp-content\/uploads\/2026\/02\/smiley-rouge-300x300.jpg 300w, https:\/\/xn--ensemblepourtierc-rtb.fr\/wp-content\/uploads\/2026\/02\/smiley-rouge-150x150.jpg 150w, https:\/\/xn--ensemblepourtierc-rtb.fr\/wp-content\/uploads\/2026\/02\/smiley-rouge-768x768.jpg 768w, https:\/\/xn--ensemblepourtierc-rtb.fr\/wp-content\/uploads\/2026\/02\/smiley-rouge.jpg 1472w\" sizes=\"(max-width: 923px) 100vw, 923px\" \/>\t\t\t\t\t\t\t\t\t\t\t\t\t\t\t<\/div>\n\t\t\t\t<\/div>\n\t\t<div class=\"elementor-element elementor-element-e004ac1 e-con-full e-flex e-con e-child\" data-id=\"e004ac1\" data-element_type=\"container\" data-e-type=\"container\">\n\t\t\t\t<div class=\"elementor-element elementor-element-f21864d elementor-widget__width-initial elementor-widget elementor-widget-text-editor\" data-id=\"f21864d\" data-element_type=\"widget\" data-e-type=\"widget\" data-widget_type=\"text-editor.default\">\n\t\t\t\t\t\t\t\t\t<p class=\"p2\" style=\"text-align: justify;\"><b>Transparence sur le projet immobilier entre le fun\u00e9rarium et le cimeti\u00e8re<\/b><b><\/b><\/p><p class=\"p2\" style=\"text-align: justify;\">Depuis plusieurs semaines, de nombreux habitants de Tierc\u00e9 nous ont alert\u00e9 au sujet d\u2019un projet immobilier pr\u00e9vu sur les terrains situ\u00e9s entre le fun\u00e9rarium et le cimeti\u00e8re.<\/p><p class=\"p3\" style=\"text-align: justify;\">Un projet port\u00e9 par le conseil municipal actuellement en place dont la population n\u2019avait pas \u00e9t\u00e9 consult\u00e9e ni inform\u00e9e et q<span class=\"s1\">ui a suscit\u00e9 inqui\u00e9tude, frustration et interrogations l\u00e9gitimes.<\/span><\/p><p class=\"p2\" style=\"text-align: justify;\">Le 3 janvier 2026, nous avons donc interrog\u00e9 Monsieur le Maire pour obtenir des clarifications pr\u00e9cises.<\/p><p class=\"p2\" style=\"text-align: justify;\"><span class=\"s3\">\u27a4<\/span> <b>Ce que nous avons appris<\/b><b><\/b><\/p><p class=\"p2\" style=\"text-align: justify;\">Il s\u2019agit d\u2019un projet de 20 logements destin\u00e9s \u00e0 des personnes en r\u00e9insertion \u2014 notamment d\u2019anciens toxicomanes \u2014 initi\u00e9 il y a environ trois ans.<\/p><p class=\"p2\" style=\"text-align: justify;\">L\u2019accompagnement pr\u00e9vu se ferait exclusivement en journ\u00e9e, les r\u00e9sidents \u00e9tant autonomes le soir et les week\u2011ends.<\/p><p class=\"p2\" style=\"text-align: justify;\">Le dossier, port\u00e9 initialement par Maine\u2011et\u2011Loire Habitat, est depuis 2022\/2023 entre les mains de European Home \u2013 Pod\u00e9lia.<\/p><p class=\"p2\" style=\"text-align: justify;\">Le projet est aujourd\u2019hui en pause, dans l\u2019attente d\u2019un agr\u00e9ment d\u00e9partemental pr\u00e9vu en 2026.<\/p><p class=\"p2\" style=\"text-align: justify;\">Une signature serait envisag\u00e9e pour juillet 2026, portant sur environ 100 000 \u20ac.<\/p><p class=\"p2\" style=\"text-align: justify;\">Quatre propri\u00e9taires sont concern\u00e9s, dont la commune avec un terrain de 3 500 m\u00b2.<\/p><p class=\"p2\" style=\"text-align: justify;\">Le maire reconna\u00eet que le profil exact des futurs locataires reste flou.<\/p><p class=\"p2\" style=\"text-align: justify;\">Des carottages men\u00e9s en 2025 n\u2019auraient pas \u00e9t\u00e9 signal\u00e9s \u00e0 la mairie par les futurs acqu\u00e9reurs.<\/p><p class=\"p2\" style=\"text-align: justify;\"><span class=\"s3\">\u27a4<\/span><b> Ce que nous indiquent les habitants<\/b><b><\/b><\/p><p class=\"p2\" style=\"text-align: justify;\">Le droit de pr\u00e9emption li\u00e9 \u00e0 l\u2019extension du cimeti\u00e8re a disparu.<\/p><p class=\"p2\" style=\"text-align: justify;\">Le PLU a \u00e9t\u00e9 modifi\u00e9 ouvrant la possibilit\u00e9 \u00e0 un b\u00e2timent dont l\u2019orientation reste incertaine.<\/p><p class=\"p2\" style=\"text-align: justify;\">Mich\u00e8le Godicheau a effectivement constat\u00e9 que le PLU avait \u00e9t\u00e9 modifi\u00e9 et adopt\u00e9 le 4 d\u00e9cembre 2025.<\/p><p class=\"p2\" style=\"text-align: justify;\"><span class=\"s3\">\u27a4<\/span><b> Leurs craintes vis \u00e0 vis de ce projet :<\/b><b><\/b><\/p><p class=\"p2\" style=\"text-align: justify;\">\u201c-Si 20 logements de personnes en r\u00e9insertion, probl\u00e8mes \u00e0 venir et ce ne sera plus la rue de la paix<\/p><p class=\"p2\" style=\"text-align: justify;\">-Nous n\u2019allons plus avoir l\u2019esprit tranquille<span class=\"Apple-converted-space\">\u00a0 <\/span>c\u2019est angoissant.<\/p><p class=\"p2\" style=\"text-align: justify;\">-Pourquoi mettre tous les logements sociaux dans le m\u00eame endroit<span class=\"Apple-converted-space\">\u00a0 <\/span>: risque de guetto surtout que la gare n est pas loin.<\/p><p class=\"p2\" style=\"text-align: justify;\">&#8211; Diminution de la valeur de nos maisons\u201d<\/p><p class=\"p2\" style=\"text-align: justify;\"><span class=\"s3\">\u27a4<\/span><b> Leurs positions :<\/b><\/p><p class=\"p2\" style=\"text-align: justify;\">Pourquoi avoir modifi\u00e9 le PLU puisque c \u00e9tait pr\u00e9vu pour le cimeti\u00e8re.<span class=\"Apple-converted-space\">\u00a0 <\/span>Si la population grandit il faut garder ce terrain pour le cimeti\u00e8re. Nous ne voulons pas de ce projet.<\/p><p class=\"p2\" style=\"text-align: justify;\"><b>Notre position : la transparence avant tout<\/b><\/p><p class=\"p2\" style=\"text-align: justify;\">Un projet de cette nature m\u00e9rite une information claire, une concertation publique et une vision ma\u00eetris\u00e9e de l\u2019am\u00e9nagement communal.<\/p><p class=\"p4\" style=\"text-align: justify;\">Les habitants doivent savoir ce qui est pr\u00e9vu, pourquoi, pour qui, et dans quelles conditions. Nous sommes ouverts \u00e0 r\u00e9pondre \u00e0 un besoin d\u2019accueil de personnes en r\u00e9insertion mais avec une<\/p><p class=\"p4\" style=\"text-align: justify;\">garantie de leur accompagnement m\u00e9dico-social et un logement r\u00e9ellement inclusif.<\/p><p class=\"p2\" style=\"text-align: justify;\">Nous nous engageons \u00e0 :<\/p><p class=\"p2\" style=\"text-align: justify;\"><span class=\"s4\">\u2705<\/span> continuer \u00e0 informer les Tierc\u00e9ens de mani\u00e8re transparente ;<\/p><p class=\"p2\" style=\"text-align: justify;\"><span class=\"s4\">\u2705<\/span> demander la publication d\u2019un dossier complet sur ce projet ;<\/p><p class=\"p2\" style=\"text-align: justify;\"><span class=\"s4\">\u2705<\/span> d\u00e9fendre un urbanisme r\u00e9fl\u00e9chi, coh\u00e9rent avec les besoins de la commune et respectueux de son identit\u00e9.<\/p><p class=\"p2\" style=\"text-align: justify;\"><b>Restons en contact<\/b><\/p><p class=\"p2\" style=\"text-align: justify;\">Nous restons \u00e0 votre \u00e9coute pour recueillir vos questions, vos avis et vos attentes sur ce sujet comme sur les autres enjeux de l\u2019avenir de Tierc\u00e9.<\/p>\t\t\t\t\t\t\t\t<\/div>\n\t\t\t\t<\/div>\n\t\t\t\t<\/div>\n\t\t\t\t<\/div>\n\t\t\t\t\t<\/div>\n\t\t\t\t<\/div>\n\t\t\t\t<\/div>\n\t\t","protected":false},"excerpt":{"rendered":"<p>Transparence sur le projet immobilier entre le fun\u00e9rarium et le cimeti\u00e8re Depuis plusieurs semaines, de nombreux habitants de Tierc\u00e9 nous ont alert\u00e9 au sujet d\u2019un projet immobilier pr\u00e9vu sur les terrains situ\u00e9s entre le fun\u00e9rarium et le cimeti\u00e8re. Un projet port\u00e9 par le conseil municipal actuellement en place dont la population n\u2019avait pas \u00e9t\u00e9 consult\u00e9e&hellip;<\/p>\n","protected":false},"author":1,"featured_media":1205,"parent":0,"menu_order":0,"comment_status":"closed","ping_status":"closed","template":"","meta":{"footnotes":""},"class_list":["post-1195","page","type-page","status-publish","has-post-thumbnail","hentry"],"_links":{"self":[{"href":"https:\/\/xn--ensemblepourtierc-rtb.fr\/index.php?rest_route=\/wp\/v2\/pages\/1195","targetHints":{"allow":["GET"]}}],"collection":[{"href":"https:\/\/xn--ensemblepourtierc-rtb.fr\/index.php?rest_route=\/wp\/v2\/pages"}],"about":[{"href":"https:\/\/xn--ensemblepourtierc-rtb.fr\/index.php?rest_route=\/wp\/v2\/types\/page"}],"author":[{"embeddable":true,"href":"https:\/\/xn--ensemblepourtierc-rtb.fr\/index.php?rest_route=\/wp\/v2\/users\/1"}],"replies":[{"embeddable":true,"href":"https:\/\/xn--ensemblepourtierc-rtb.fr\/index.php?rest_route=%2Fwp%2Fv2%2Fcomments&post=1195"}],"version-history":[{"count":11,"href":"https:\/\/xn--ensemblepourtierc-rtb.fr\/index.php?rest_route=\/wp\/v2\/pages\/1195\/revisions"}],"predecessor-version":[{"id":1336,"href":"https:\/\/xn--ensemblepourtierc-rtb.fr\/index.php?rest_route=\/wp\/v2\/pages\/1195\/revisions\/1336"}],"wp:featuredmedia":[{"embeddable":true,"href":"https:\/\/xn--ensemblepourtierc-rtb.fr\/index.php?rest_route=\/wp\/v2\/media\/1205"}],"wp:attachment":[{"href":"https:\/\/xn--ensemblepourtierc-rtb.fr\/index.php?rest_route=%2Fwp%2Fv2%2Fmedia&parent=1195"}],"curies":[{"name":"wp","href":"https:\/\/api.w.org\/{rel}","templated":true}]}}