{"id":1206,"date":"2026-03-06T16:37:43","date_gmt":"2026-03-06T16:37:43","guid":{"rendered":"https:\/\/xn--ensemblepourtierc-rtb.fr\/?page_id=1206"},"modified":"2026-03-07T09:27:31","modified_gmt":"2026-03-07T09:27:31","slug":"elementor-page-1206","status":"publish","type":"page","link":"https:\/\/xn--ensemblepourtierc-rtb.fr\/?page_id=1206","title":{"rendered":"PROGRAMME"},"content":{"rendered":"\t\t<div data-elementor-type=\"wp-page\" data-elementor-id=\"1206\" class=\"elementor elementor-1206\">\n\t\t\t\t<div class=\"elementor-element elementor-element-392903a e-flex e-con-boxed e-con e-parent\" data-id=\"392903a\" data-element_type=\"container\" data-e-type=\"container\">\n\t\t\t\t\t<div class=\"e-con-inner\">\n\t\t\t\t<div class=\"elementor-element elementor-element-7c5a616 elementor-widget elementor-widget-text-editor\" data-id=\"7c5a616\" data-element_type=\"widget\" data-e-type=\"widget\" data-widget_type=\"text-editor.default\">\n\t\t\t\t\t\t\t\t\t<p class=\"p1\" style=\"text-align: justify;\"><strong>Tous nos th\u00e8mes seront ex\u00e9cut\u00e9s en \u00e9troite concertation avec les habitantes et habitants de Tierc\u00e9.<\/strong><\/p>\t\t\t\t\t\t\t\t<\/div>\n\t\t\t\t<div class=\"elementor-element elementor-element-da8bdc1 elementor-widget-divider--view-line elementor-widget elementor-widget-divider\" data-id=\"da8bdc1\" data-element_type=\"widget\" data-e-type=\"widget\" data-widget_type=\"divider.default\">\n\t\t\t\t\t\t\t<div class=\"elementor-divider\">\n\t\t\t<span class=\"elementor-divider-separator\">\n\t\t\t\t\t\t<\/span>\n\t\t<\/div>\n\t\t\t\t\t\t<\/div>\n\t\t\t\t<div class=\"elementor-element elementor-element-98e91ea elementor-position-top elementor-widget elementor-widget-image-box\" data-id=\"98e91ea\" data-element_type=\"widget\" data-e-type=\"widget\" data-widget_type=\"image-box.default\">\n\t\t\t\t\t<div class=\"elementor-image-box-wrapper\"><figure class=\"elementor-image-box-img\"><a href=\"https:\/\/xn--ensemblepourtierc-rtb.fr\/?page_id=1229\" tabindex=\"-1\"><img fetchpriority=\"high\" decoding=\"async\" width=\"491\" height=\"491\" src=\"https:\/\/xn--ensemblepourtierc-rtb.fr\/wp-content\/uploads\/2026\/03\/sante.png\" class=\"attachment-full size-full wp-image-1216\" alt=\"\" srcset=\"https:\/\/xn--ensemblepourtierc-rtb.fr\/wp-content\/uploads\/2026\/03\/sante.png 491w, https:\/\/xn--ensemblepourtierc-rtb.fr\/wp-content\/uploads\/2026\/03\/sante-300x300.png 300w, https:\/\/xn--ensemblepourtierc-rtb.fr\/wp-content\/uploads\/2026\/03\/sante-150x150.png 150w\" sizes=\"(max-width: 491px) 100vw, 491px\" \/><\/a><\/figure><div class=\"elementor-image-box-content\"><h3 class=\"elementor-image-box-title\"><a href=\"https:\/\/xn--ensemblepourtierc-rtb.fr\/?page_id=1229\">Une Coh\u00e9sion Sociale Renforc\u00e9e, pour un Acc\u00e8s aux Soins Facilit\u00e9 et une Solidarit\u00e9 Interg\u00e9n\u00e9rationnelle<\/a><\/h3><\/div><\/div>\t\t\t\t<\/div>\n\t\t\t\t<div class=\"elementor-element elementor-element-67be00c elementor-widget-divider--view-line elementor-widget elementor-widget-divider\" data-id=\"67be00c\" data-element_type=\"widget\" data-e-type=\"widget\" data-widget_type=\"divider.default\">\n\t\t\t\t\t\t\t<div class=\"elementor-divider\">\n\t\t\t<span class=\"elementor-divider-separator\">\n\t\t\t\t\t\t<\/span>\n\t\t<\/div>\n\t\t\t\t\t\t<\/div>\n\t\t\t\t<div class=\"elementor-element elementor-element-a583631 elementor-position-top elementor-widget elementor-widget-image-box\" data-id=\"a583631\" data-element_type=\"widget\" data-e-type=\"widget\" data-widget_type=\"image-box.default\">\n\t\t\t\t\t<div class=\"elementor-image-box-wrapper\"><figure class=\"elementor-image-box-img\"><a href=\"https:\/\/xn--ensemblepourtierc-rtb.fr\/?page_id=1278\" tabindex=\"-1\"><img decoding=\"async\" width=\"491\" height=\"493\" src=\"https:\/\/xn--ensemblepourtierc-rtb.fr\/wp-content\/uploads\/2026\/03\/cadre-vie-durable.png\" class=\"attachment-full size-full wp-image-1213\" alt=\"\" srcset=\"https:\/\/xn--ensemblepourtierc-rtb.fr\/wp-content\/uploads\/2026\/03\/cadre-vie-durable.png 491w, https:\/\/xn--ensemblepourtierc-rtb.fr\/wp-content\/uploads\/2026\/03\/cadre-vie-durable-300x300.png 300w, https:\/\/xn--ensemblepourtierc-rtb.fr\/wp-content\/uploads\/2026\/03\/cadre-vie-durable-150x150.png 150w\" sizes=\"(max-width: 491px) 100vw, 491px\" \/><\/a><\/figure><div class=\"elementor-image-box-content\"><h3 class=\"elementor-image-box-title\"><a href=\"https:\/\/xn--ensemblepourtierc-rtb.fr\/?page_id=1278\"> Un cadre de vie durable, vert et agr\u00e9able \u00e0 vivre.<\/a><\/h3><p class=\"elementor-image-box-description\">\n<\/p><\/div><\/div>\t\t\t\t<\/div>\n\t\t\t\t<div class=\"elementor-element elementor-element-6574bed elementor-widget-divider--view-line elementor-widget elementor-widget-divider\" data-id=\"6574bed\" data-element_type=\"widget\" data-e-type=\"widget\" data-widget_type=\"divider.default\">\n\t\t\t\t\t\t\t<div class=\"elementor-divider\">\n\t\t\t<span class=\"elementor-divider-separator\">\n\t\t\t\t\t\t<\/span>\n\t\t<\/div>\n\t\t\t\t\t\t<\/div>\n\t\t\t\t<div class=\"elementor-element elementor-element-61a02d4 elementor-position-top elementor-widget elementor-widget-image-box\" data-id=\"61a02d4\" data-element_type=\"widget\" data-e-type=\"widget\" data-widget_type=\"image-box.default\">\n\t\t\t\t\t<div class=\"elementor-image-box-wrapper\"><figure class=\"elementor-image-box-img\"><a href=\"https:\/\/xn--ensemblepourtierc-rtb.fr\/?page_id=1288\" tabindex=\"-1\"><img decoding=\"async\" width=\"556\" height=\"516\" src=\"https:\/\/xn--ensemblepourtierc-rtb.fr\/wp-content\/uploads\/2026\/03\/une-dynamique-locale-forte.png\" class=\"attachment-full size-full wp-image-1214\" alt=\"\" srcset=\"https:\/\/xn--ensemblepourtierc-rtb.fr\/wp-content\/uploads\/2026\/03\/une-dynamique-locale-forte.png 556w, https:\/\/xn--ensemblepourtierc-rtb.fr\/wp-content\/uploads\/2026\/03\/une-dynamique-locale-forte-300x278.png 300w\" sizes=\"(max-width: 556px) 100vw, 556px\" \/><\/a><\/figure><div class=\"elementor-image-box-content\"><h3 class=\"elementor-image-box-title\"><a href=\"https:\/\/xn--ensemblepourtierc-rtb.fr\/?page_id=1288\"> Une Dynamique Locale Forte, Culturelle, Sportive et Associative.<\/a><\/h3><\/div><\/div>\t\t\t\t<\/div>\n\t\t\t\t<div class=\"elementor-element elementor-element-6b2fea0 elementor-widget-divider--view-line elementor-widget elementor-widget-divider\" data-id=\"6b2fea0\" data-element_type=\"widget\" data-e-type=\"widget\" data-widget_type=\"divider.default\">\n\t\t\t\t\t\t\t<div class=\"elementor-divider\">\n\t\t\t<span class=\"elementor-divider-separator\">\n\t\t\t\t\t\t<\/span>\n\t\t<\/div>\n\t\t\t\t\t\t<\/div>\n\t\t\t\t<div class=\"elementor-element elementor-element-ee23b83 elementor-position-top elementor-widget elementor-widget-image-box\" data-id=\"ee23b83\" data-element_type=\"widget\" data-e-type=\"widget\" data-widget_type=\"image-box.default\">\n\t\t\t\t\t<div class=\"elementor-image-box-wrapper\"><figure class=\"elementor-image-box-img\"><a href=\"https:\/\/xn--ensemblepourtierc-rtb.fr\/?page_id=1303\" tabindex=\"-1\"><img loading=\"lazy\" decoding=\"async\" width=\"541\" height=\"491\" src=\"https:\/\/xn--ensemblepourtierc-rtb.fr\/wp-content\/uploads\/2026\/03\/une-economie.png\" class=\"attachment-full size-full wp-image-1215\" alt=\"\" srcset=\"https:\/\/xn--ensemblepourtierc-rtb.fr\/wp-content\/uploads\/2026\/03\/une-economie.png 541w, https:\/\/xn--ensemblepourtierc-rtb.fr\/wp-content\/uploads\/2026\/03\/une-economie-300x272.png 300w\" sizes=\"(max-width: 541px) 100vw, 541px\" \/><\/a><\/figure><div class=\"elementor-image-box-content\"><h3 class=\"elementor-image-box-title\"><a href=\"https:\/\/xn--ensemblepourtierc-rtb.fr\/?page_id=1303\">Une \u00c9conomie Locale Dynamique, des Commerces de Proximit\u00e9 et une S\u00e9curit\u00e9 Am\u00e9lior\u00e9e<\/a><\/h3><\/div><\/div>\t\t\t\t<\/div>\n\t\t\t\t\t<\/div>\n\t\t\t\t<\/div>\n\t\t<div class=\"elementor-element elementor-element-720597d e-flex e-con-boxed e-con e-parent\" data-id=\"720597d\" data-element_type=\"container\" data-e-type=\"container\">\n\t\t\t\t\t<div class=\"e-con-inner\">\n\t\t\t\t<div class=\"elementor-element elementor-element-1541a73 elementor-widget-divider--view-line elementor-widget elementor-widget-divider\" data-id=\"1541a73\" data-element_type=\"widget\" data-e-type=\"widget\" data-widget_type=\"divider.default\">\n\t\t\t\t\t\t\t<div class=\"elementor-divider\">\n\t\t\t<span class=\"elementor-divider-separator\">\n\t\t\t\t\t\t<\/span>\n\t\t<\/div>\n\t\t\t\t\t\t<\/div>\n\t\t\t\t\t<\/div>\n\t\t\t\t<\/div>\n\t\t<div class=\"elementor-element elementor-element-4a31b84 e-flex e-con-boxed e-con e-parent\" data-id=\"4a31b84\" data-element_type=\"container\" data-e-type=\"container\">\n\t\t\t\t\t<div class=\"e-con-inner\">\n\t\t\t\t<div class=\"elementor-element elementor-element-ff98c30 elementor-widget elementor-widget-text-editor\" data-id=\"ff98c30\" data-element_type=\"widget\" data-e-type=\"widget\" data-widget_type=\"text-editor.default\">\n\t\t\t\t\t\t\t\t\t<p class=\"p1\" style=\"text-align: justify;\">Ensemble, construisons le Tierc\u00e9 de demain, une commune o\u00f9 il fait bon vivre, o\u00f9 chacun trouve sa place et o\u00f9 l&rsquo;avenir se dessine avec optimisme et engagement. Nous comptons sur votre soutien pour concr\u00e9tiser ces ambitions pour Tierc\u00e9.<\/p>\t\t\t\t\t\t\t\t<\/div>\n\t\t\t\t\t<\/div>\n\t\t\t\t<\/div>\n\t\t\t\t<\/div>\n\t\t","protected":false},"excerpt":{"rendered":"<p>Tous nos th\u00e8mes seront ex\u00e9cut\u00e9s en \u00e9troite concertation avec les habitantes et habitants de Tierc\u00e9. Une Coh\u00e9sion Sociale Renforc\u00e9e, pour un Acc\u00e8s aux Soins Facilit\u00e9 et une Solidarit\u00e9 Interg\u00e9n\u00e9rationnelle Un cadre de vie durable, vert et agr\u00e9able \u00e0 vivre. Une Dynamique Locale Forte, Culturelle, Sportive et Associative. Une \u00c9conomie Locale Dynamique, des Commerces de Proximit\u00e9&hellip;<\/p>\n","protected":false},"author":1,"featured_media":0,"parent":0,"menu_order":0,"comment_status":"closed","ping_status":"closed","template":"","meta":{"footnotes":""},"class_list":["post-1206","page","type-page","status-publish","hentry"],"_links":{"self":[{"href":"https:\/\/xn--ensemblepourtierc-rtb.fr\/index.php?rest_route=\/wp\/v2\/pages\/1206","targetHints":{"allow":["GET"]}}],"collection":[{"href":"https:\/\/xn--ensemblepourtierc-rtb.fr\/index.php?rest_route=\/wp\/v2\/pages"}],"about":[{"href":"https:\/\/xn--ensemblepourtierc-rtb.fr\/index.php?rest_route=\/wp\/v2\/types\/page"}],"author":[{"embeddable":true,"href":"https:\/\/xn--ensemblepourtierc-rtb.fr\/index.php?rest_route=\/wp\/v2\/users\/1"}],"replies":[{"embeddable":true,"href":"https:\/\/xn--ensemblepourtierc-rtb.fr\/index.php?rest_route=%2Fwp%2Fv2%2Fcomments&post=1206"}],"version-history":[{"count":47,"href":"https:\/\/xn--ensemblepourtierc-rtb.fr\/index.php?rest_route=\/wp\/v2\/pages\/1206\/revisions"}],"predecessor-version":[{"id":1348,"href":"https:\/\/xn--ensemblepourtierc-rtb.fr\/index.php?rest_route=\/wp\/v2\/pages\/1206\/revisions\/1348"}],"wp:attachment":[{"href":"https:\/\/xn--ensemblepourtierc-rtb.fr\/index.php?rest_route=%2Fwp%2Fv2%2Fmedia&parent=1206"}],"curies":[{"name":"wp","href":"https:\/\/api.w.org\/{rel}","templated":true}]}}