{"id":1278,"date":"2026-03-07T07:10:29","date_gmt":"2026-03-07T07:10:29","guid":{"rendered":"https:\/\/xn--ensemblepourtierc-rtb.fr\/?page_id=1278"},"modified":"2026-03-08T17:35:15","modified_gmt":"2026-03-08T17:35:15","slug":"un-cadre-de-vie-durable-vert-et-agreable-a-vivre","status":"publish","type":"page","link":"https:\/\/xn--ensemblepourtierc-rtb.fr\/?page_id=1278","title":{"rendered":"Un cadre de vie durable, vert et agr\u00e9able \u00e0 vivre."},"content":{"rendered":"\t\t<div data-elementor-type=\"wp-page\" data-elementor-id=\"1278\" class=\"elementor elementor-1278\">\n\t\t\t\t<div class=\"elementor-element elementor-element-c121b78 e-flex e-con-boxed e-con e-parent\" data-id=\"c121b78\" data-element_type=\"container\" data-e-type=\"container\">\n\t\t\t\t\t<div class=\"e-con-inner\">\n\t\t\t\t<div class=\"elementor-element elementor-element-760fa82 elementor-widget elementor-widget-image\" data-id=\"760fa82\" data-element_type=\"widget\" data-e-type=\"widget\" data-widget_type=\"image.default\">\n\t\t\t\t\t\t\t\t\t\t\t\t\t\t\t<img fetchpriority=\"high\" decoding=\"async\" width=\"491\" height=\"493\" src=\"https:\/\/xn--ensemblepourtierc-rtb.fr\/wp-content\/uploads\/2026\/03\/cadre-vie-durable.png\" class=\"attachment-large size-large wp-image-1213\" alt=\"\" srcset=\"https:\/\/xn--ensemblepourtierc-rtb.fr\/wp-content\/uploads\/2026\/03\/cadre-vie-durable.png 491w, https:\/\/xn--ensemblepourtierc-rtb.fr\/wp-content\/uploads\/2026\/03\/cadre-vie-durable-300x300.png 300w, https:\/\/xn--ensemblepourtierc-rtb.fr\/wp-content\/uploads\/2026\/03\/cadre-vie-durable-150x150.png 150w\" sizes=\"(max-width: 491px) 100vw, 491px\" \/>\t\t\t\t\t\t\t\t\t\t\t\t\t\t\t<\/div>\n\t\t\t\t<div class=\"elementor-element elementor-element-188a475 elementor-widget elementor-widget-text-editor\" data-id=\"188a475\" data-element_type=\"widget\" data-e-type=\"widget\" data-widget_type=\"text-editor.default\">\n\t\t\t\t\t\t\t\t\t<p class=\"p1\"><strong><span class=\"s1\">Nous nous engageons \u00e0 faire de Tierc\u00e9 une commune durable, verte, respirable et agr\u00e9able \u00e0 vivre pour tous. Pour cela, nous mettrons l&rsquo;accent sur :<\/span><\/strong><\/p>\t\t\t\t\t\t\t\t<\/div>\n\t\t\t\t<div class=\"elementor-element elementor-element-3b5a2aa elementor-widget elementor-widget-text-editor\" data-id=\"3b5a2aa\" data-element_type=\"widget\" data-e-type=\"widget\" data-widget_type=\"text-editor.default\">\n\t\t\t\t\t\t\t\t\t<p><strong>Les mobilit\u00e9s douces et securis\u00e9<\/strong>\u00a0:\u00a0<\/p>\n<ul>\n<li style=\"text-align: justify;\">\n<p class=\"p1\"><span class=\"s1\">Nous d\u00e9velopperons activement les pistes d\u00e9di\u00e9es uniquement aux v\u00e9los afin d&rsquo;assurer la s\u00e9curit\u00e9 des cyclistes. Cela impliquera de ne pas avoir de voies m\u00e9lang\u00e9es \u00e0 la circulation standard.<\/span><\/p>\n<\/li>\n<li>\n<p class=\"p1\"><span class=\"s1\">Pour les pi\u00e9tons, nous s\u00e9curiserons les trottoirs, et ferons de l&rsquo;acc\u00e8s aux personnes \u00e0 mobilit\u00e9 r\u00e9duite notre priorit\u00e9 \u00e9galement.<\/span><\/p>\n<\/li>\n<\/ul>\t\t\t\t\t\t\t\t<\/div>\n\t\t\t\t\t<\/div>\n\t\t\t\t<\/div>\n\t\t<div class=\"elementor-element elementor-element-71e894c e-flex e-con-boxed e-con e-parent\" data-id=\"71e894c\" data-element_type=\"container\" data-e-type=\"container\">\n\t\t\t\t\t<div class=\"e-con-inner\">\n\t\t\t\t<div class=\"elementor-element elementor-element-767aae5 elementor-widget elementor-widget-text-editor\" data-id=\"767aae5\" data-element_type=\"widget\" data-e-type=\"widget\" data-widget_type=\"text-editor.default\">\n\t\t\t\t\t\t\t\t\t<p class=\"p1\" style=\"text-align: justify;\"><strong>La protection de nos espaces naturels et la v\u00e9g\u00e9talisation urbaine :<\/strong><\/p>\n<ul class=\"ul1\" style=\"text-align: justify;\">\n<li class=\"li1\" style=\"text-align: left;\">\n<p class=\"p1\" style=\"text-align: justify;\">Nous renforcerons le plan du v\u00e9g\u00e9tal en ville, en encourageant la participation citoyenne pour la v\u00e9g\u00e9talisation des rues, des venelles et des trottoirs.<\/p>\n<\/li>\n<\/ul>\n<ul class=\"ul1\">\n<li class=\"li1\" style=\"text-align: justify;\">\n<p class=\"p1\">Nous relancerons le challenge \u00ab\u00a0Ville Fleurie\u00a0\u00bb, cr\u00e9erons des jardins \u00e0 th\u00e8mes, assurerons un entretien rigoureux de nos bois et for\u00eats dans le respect de notre monde agricole et avec sa collaboration.<\/p>\n<\/li>\n<li style=\"text-align: justify;\">\n<p class=\"p1\">Nous d\u00e9velopperons des \u00eelots de fra\u00eecheur pour lutter contre les fortes chaleurs.<\/p>\n<\/li>\n<li>\n<p class=\"p1\" style=\"text-align: justify;\">Nous maintiendrons la vie agricole tierc\u00e9enne et entretiendrons nos campagnes pour parvenir \u00e0 en faire des lieux de vie agr\u00e9able.<\/p>\n<\/li>\n<\/ul>\t\t\t\t\t\t\t\t<\/div>\n\t\t\t\t\t<\/div>\n\t\t\t\t<\/div>\n\t\t<div class=\"elementor-element elementor-element-fb0e14b e-flex e-con-boxed e-con e-parent\" data-id=\"fb0e14b\" data-element_type=\"container\" data-e-type=\"container\">\n\t\t\t\t\t<div class=\"e-con-inner\">\n\t\t\t\t<div class=\"elementor-element elementor-element-4395b52 elementor-widget elementor-widget-text-editor\" data-id=\"4395b52\" data-element_type=\"widget\" data-e-type=\"widget\" data-widget_type=\"text-editor.default\">\n\t\t\t\t\t\t\t\t\t<p class=\"p1\" style=\"text-align: justify;\"><strong>La gestion \u00e9nerg\u00e9tique :<\/strong><\/p>\n<ul class=\"ul1\">\n<li class=\"li1\" style=\"text-align: justify;\">\n<p class=\"p1\" style=\"text-align: justify;\">Nous nous engageons \u00e0 respecter la loi sur les \u00e9nergies renouvelables en supprimant les g\u00e2chis \u00e9nerg\u00e9tiques, en am\u00e9liorant l&rsquo;efficacit\u00e9 des chauffages, des \u00e9clairages et l&rsquo;utilisation de l&rsquo;eau, dans les lieux.<\/p>\n<\/li>\n<li style=\"text-align: justify;\">Nous valoriserons les circuits courts.<\/li>\n<li>\n<p class=\"p1\" style=\"text-align: justify;\">Nous d\u00e9gagerons des \u00e9conomies \u00e9nerg\u00e9tiques que nous injecterons dans les moyens humains.<\/p>\n<\/li>\n<\/ul>\t\t\t\t\t\t\t\t<\/div>\n\t\t\t\t\t<\/div>\n\t\t\t\t<\/div>\n\t\t<div class=\"elementor-element elementor-element-fc95bf0 e-flex e-con-boxed e-con e-parent\" data-id=\"fc95bf0\" data-element_type=\"container\" data-e-type=\"container\">\n\t\t\t\t\t<div class=\"e-con-inner\">\n\t\t\t\t<div class=\"elementor-element elementor-element-cbba988 elementor-widget elementor-widget-video\" data-id=\"cbba988\" data-element_type=\"widget\" data-e-type=\"widget\" data-settings=\"{&quot;youtube_url&quot;:&quot;https:\\\/\\\/www.youtube.com\\\/watch?v=URVHKeG_wfI&quot;,&quot;video_type&quot;:&quot;youtube&quot;,&quot;controls&quot;:&quot;yes&quot;}\" data-widget_type=\"video.default\">\n\t\t\t\t\t\t\t<div class=\"elementor-wrapper elementor-open-inline\">\n\t\t\t<div class=\"elementor-video\"><\/div>\t\t<\/div>\n\t\t\t\t\t\t<\/div>\n\t\t\t\t\t<\/div>\n\t\t\t\t<\/div>\n\t\t\t\t<\/div>\n\t\t","protected":false},"excerpt":{"rendered":"<p>Nous nous engageons \u00e0 faire de Tierc\u00e9 une commune durable, verte, respirable et agr\u00e9able \u00e0 vivre pour tous. Pour cela, nous mettrons l&rsquo;accent sur : Les mobilit\u00e9s douces et securis\u00e9\u00a0:\u00a0 Nous d\u00e9velopperons activement les pistes d\u00e9di\u00e9es uniquement aux v\u00e9los afin d&rsquo;assurer la s\u00e9curit\u00e9 des cyclistes. Cela impliquera de ne pas avoir de voies m\u00e9lang\u00e9es \u00e0&hellip;<\/p>\n","protected":false},"author":1,"featured_media":0,"parent":0,"menu_order":0,"comment_status":"closed","ping_status":"closed","template":"","meta":{"footnotes":""},"class_list":["post-1278","page","type-page","status-publish","hentry"],"_links":{"self":[{"href":"https:\/\/xn--ensemblepourtierc-rtb.fr\/index.php?rest_route=\/wp\/v2\/pages\/1278","targetHints":{"allow":["GET"]}}],"collection":[{"href":"https:\/\/xn--ensemblepourtierc-rtb.fr\/index.php?rest_route=\/wp\/v2\/pages"}],"about":[{"href":"https:\/\/xn--ensemblepourtierc-rtb.fr\/index.php?rest_route=\/wp\/v2\/types\/page"}],"author":[{"embeddable":true,"href":"https:\/\/xn--ensemblepourtierc-rtb.fr\/index.php?rest_route=\/wp\/v2\/users\/1"}],"replies":[{"embeddable":true,"href":"https:\/\/xn--ensemblepourtierc-rtb.fr\/index.php?rest_route=%2Fwp%2Fv2%2Fcomments&post=1278"}],"version-history":[{"count":8,"href":"https:\/\/xn--ensemblepourtierc-rtb.fr\/index.php?rest_route=\/wp\/v2\/pages\/1278\/revisions"}],"predecessor-version":[{"id":1380,"href":"https:\/\/xn--ensemblepourtierc-rtb.fr\/index.php?rest_route=\/wp\/v2\/pages\/1278\/revisions\/1380"}],"wp:attachment":[{"href":"https:\/\/xn--ensemblepourtierc-rtb.fr\/index.php?rest_route=%2Fwp%2Fv2%2Fmedia&parent=1278"}],"curies":[{"name":"wp","href":"https:\/\/api.w.org\/{rel}","templated":true}]}}