{"id":1288,"date":"2026-03-07T07:12:21","date_gmt":"2026-03-07T07:12:21","guid":{"rendered":"https:\/\/xn--ensemblepourtierc-rtb.fr\/?page_id=1288"},"modified":"2026-03-09T20:14:50","modified_gmt":"2026-03-09T20:14:50","slug":"une-dynamique-locale-forte-culturelle-sportive-et-associative","status":"publish","type":"page","link":"https:\/\/xn--ensemblepourtierc-rtb.fr\/?page_id=1288","title":{"rendered":"Une Dynamique Locale Forte, Culturelle, Sportive et Associative\u00a0"},"content":{"rendered":"\t\t<div data-elementor-type=\"wp-page\" data-elementor-id=\"1288\" class=\"elementor elementor-1288\">\n\t\t\t\t<div class=\"elementor-element elementor-element-4c11dd1 e-flex e-con-boxed e-con e-parent\" data-id=\"4c11dd1\" data-element_type=\"container\" data-e-type=\"container\">\n\t\t\t\t\t<div class=\"e-con-inner\">\n\t\t\t\t<div class=\"elementor-element elementor-element-ceb92fa elementor-widget elementor-widget-image\" data-id=\"ceb92fa\" data-element_type=\"widget\" data-e-type=\"widget\" data-widget_type=\"image.default\">\n\t\t\t\t\t\t\t\t\t\t\t\t\t\t\t<img fetchpriority=\"high\" decoding=\"async\" width=\"556\" height=\"516\" src=\"https:\/\/xn--ensemblepourtierc-rtb.fr\/wp-content\/uploads\/2026\/03\/une-dynamique-locale-forte.png\" class=\"attachment-large size-large wp-image-1214\" alt=\"\" srcset=\"https:\/\/xn--ensemblepourtierc-rtb.fr\/wp-content\/uploads\/2026\/03\/une-dynamique-locale-forte.png 556w, https:\/\/xn--ensemblepourtierc-rtb.fr\/wp-content\/uploads\/2026\/03\/une-dynamique-locale-forte-300x278.png 300w\" sizes=\"(max-width: 556px) 100vw, 556px\" \/>\t\t\t\t\t\t\t\t\t\t\t\t\t\t\t<\/div>\n\t\t\t\t<div class=\"elementor-element elementor-element-10c80d2 elementor-widget elementor-widget-text-editor\" data-id=\"10c80d2\" data-element_type=\"widget\" data-e-type=\"widget\" data-widget_type=\"text-editor.default\">\n\t\t\t\t\t\t\t\t\t<p class=\"p1\" style=\"text-align: justify;\"><strong>Nous voulons faire de Tierc\u00e9 une ville qui bouge, f\u00e9d\u00e8re et rayonne, en valorisant ses forces vives par :<\/strong><\/p>\t\t\t\t\t\t\t\t<\/div>\n\t\t\t\t<div class=\"elementor-element elementor-element-73da455 elementor-widget elementor-widget-text-editor\" data-id=\"73da455\" data-element_type=\"widget\" data-e-type=\"widget\" data-widget_type=\"text-editor.default\">\n\t\t\t\t\t\t\t\t\t<p class=\"p1\" style=\"text-align: justify;\"><strong>Le soutien aux associations :<\/strong><\/p><ul><li style=\"text-align: justify;\"><p class=\"p1\">Nous reverrons la gestion et l&rsquo;accompagnement de nos associations pour leur offrir un cadre propice \u00e0 leur d\u00e9veloppement et \u00e0 l&rsquo;enrichissement de notre vie locale.<\/p><\/li><li><p class=\"p1\" style=\"text-align: justify;\">Nous annualiserons le \u00ab\u00a0forum des associations\u00a0\u00bb<\/p><\/li><\/ul>\t\t\t\t\t\t\t\t<\/div>\n\t\t\t\t\t<\/div>\n\t\t\t\t<\/div>\n\t\t<div class=\"elementor-element elementor-element-d670ea4 e-flex e-con-boxed e-con e-parent\" data-id=\"d670ea4\" data-element_type=\"container\" data-e-type=\"container\">\n\t\t\t\t\t<div class=\"e-con-inner\">\n\t\t\t\t<div class=\"elementor-element elementor-element-c9138e0 elementor-widget elementor-widget-text-editor\" data-id=\"c9138e0\" data-element_type=\"widget\" data-e-type=\"widget\" data-widget_type=\"text-editor.default\">\n\t\t\t\t\t\t\t\t\t<p class=\"p1\" style=\"text-align: justify;\"><strong>Le rapprochement des g\u00e9n\u00e9rations :<\/strong><\/p><ul class=\"ul1\"><li class=\"li1\" style=\"text-align: left;\"><p class=\"p1\" style=\"text-align: justify;\">Nous favoriserons les rencontres et les \u00e9changes entre les habitants de tous \u00e2ges \u00e0 travers des challenges et des \u00e9v\u00e9nements conviviaux.<\/p><\/li><\/ul>\t\t\t\t\t\t\t\t<\/div>\n\t\t\t\t\t<\/div>\n\t\t\t\t<\/div>\n\t\t<div class=\"elementor-element elementor-element-adc75c6 e-flex e-con-boxed e-con e-parent\" data-id=\"adc75c6\" data-element_type=\"container\" data-e-type=\"container\">\n\t\t\t\t\t<div class=\"e-con-inner\">\n\t\t\t\t<div class=\"elementor-element elementor-element-72fdd66 elementor-widget elementor-widget-text-editor\" data-id=\"72fdd66\" data-element_type=\"widget\" data-e-type=\"widget\" data-widget_type=\"text-editor.default\">\n\t\t\t\t\t\t\t\t\t<p class=\"p1\" style=\"text-align: justify;\"><strong>Des festivit\u00e9s th\u00e9matiques innovantes :<\/strong><\/p><ul class=\"ul1\"><li class=\"li1\" style=\"text-align: left;\"><p class=\"p1\" style=\"text-align: justify;\">Nous cr\u00e9erons des festivit\u00e9s \u00e0 th\u00e8mes, en modifiant notamment notre festival musical en un festival culturel ouvert \u00e0 tous les arts et \u00e0 toutes les g\u00e9n\u00e9rations, pour enrichir notre offre de loisirs.<\/p><\/li><\/ul>\t\t\t\t\t\t\t\t<\/div>\n\t\t\t\t\t<\/div>\n\t\t\t\t<\/div>\n\t\t<div class=\"elementor-element elementor-element-9002b47 e-flex e-con-boxed e-con e-parent\" data-id=\"9002b47\" data-element_type=\"container\" data-e-type=\"container\">\n\t\t\t\t\t<div class=\"e-con-inner\">\n\t\t\t\t<div class=\"elementor-element elementor-element-31516cf elementor-widget elementor-widget-text-editor\" data-id=\"31516cf\" data-element_type=\"widget\" data-e-type=\"widget\" data-widget_type=\"text-editor.default\">\n\t\t\t\t\t\t\t\t\t<p class=\"p1\" style=\"text-align: justify;\"><strong>Des activit\u00e9s pour les jeunes :<\/strong><\/p><ul class=\"ul1\"><li class=\"li1\" style=\"text-align: left;\"><p class=\"p1\" style=\"text-align: justify;\">Nous d\u00e9velopperons les activit\u00e9s pour les 15-25 ans, afin de r\u00e9pondre \u00e0 leurs envies et de les impliquer pleinement dans la vie de la commune.<\/p><\/li><\/ul>\t\t\t\t\t\t\t\t<\/div>\n\t\t\t\t\t<\/div>\n\t\t\t\t<\/div>\n\t\t<div class=\"elementor-element elementor-element-df4aaf8 e-flex e-con-boxed e-con e-parent\" data-id=\"df4aaf8\" data-element_type=\"container\" data-e-type=\"container\">\n\t\t\t\t\t<div class=\"e-con-inner\">\n\t\t\t\t<div class=\"elementor-element elementor-element-61a9439 elementor-widget elementor-widget-video\" data-id=\"61a9439\" data-element_type=\"widget\" data-e-type=\"widget\" data-settings=\"{&quot;youtube_url&quot;:&quot;https:\\\/\\\/youtu.be\\\/ecG9CX8y2hg?is=axJ9uYdQ23_Q7mF6&quot;,&quot;video_type&quot;:&quot;youtube&quot;,&quot;controls&quot;:&quot;yes&quot;}\" data-widget_type=\"video.default\">\n\t\t\t\t\t\t\t<div class=\"elementor-wrapper elementor-open-inline\">\n\t\t\t<div class=\"elementor-video\"><\/div>\t\t<\/div>\n\t\t\t\t\t\t<\/div>\n\t\t\t\t\t<\/div>\n\t\t\t\t<\/div>\n\t\t\t\t<\/div>\n\t\t","protected":false},"excerpt":{"rendered":"<p>Nous voulons faire de Tierc\u00e9 une ville qui bouge, f\u00e9d\u00e8re et rayonne, en valorisant ses forces vives par : Le soutien aux associations : Nous reverrons la gestion et l&rsquo;accompagnement de nos associations pour leur offrir un cadre propice \u00e0 leur d\u00e9veloppement et \u00e0 l&rsquo;enrichissement de notre vie locale. Nous annualiserons le \u00ab\u00a0forum des associations\u00a0\u00bb&hellip;<\/p>\n","protected":false},"author":1,"featured_media":0,"parent":0,"menu_order":0,"comment_status":"closed","ping_status":"closed","template":"","meta":{"footnotes":""},"class_list":["post-1288","page","type-page","status-publish","hentry"],"_links":{"self":[{"href":"https:\/\/xn--ensemblepourtierc-rtb.fr\/index.php?rest_route=\/wp\/v2\/pages\/1288","targetHints":{"allow":["GET"]}}],"collection":[{"href":"https:\/\/xn--ensemblepourtierc-rtb.fr\/index.php?rest_route=\/wp\/v2\/pages"}],"about":[{"href":"https:\/\/xn--ensemblepourtierc-rtb.fr\/index.php?rest_route=\/wp\/v2\/types\/page"}],"author":[{"embeddable":true,"href":"https:\/\/xn--ensemblepourtierc-rtb.fr\/index.php?rest_route=\/wp\/v2\/users\/1"}],"replies":[{"embeddable":true,"href":"https:\/\/xn--ensemblepourtierc-rtb.fr\/index.php?rest_route=%2Fwp%2Fv2%2Fcomments&post=1288"}],"version-history":[{"count":13,"href":"https:\/\/xn--ensemblepourtierc-rtb.fr\/index.php?rest_route=\/wp\/v2\/pages\/1288\/revisions"}],"predecessor-version":[{"id":1393,"href":"https:\/\/xn--ensemblepourtierc-rtb.fr\/index.php?rest_route=\/wp\/v2\/pages\/1288\/revisions\/1393"}],"wp:attachment":[{"href":"https:\/\/xn--ensemblepourtierc-rtb.fr\/index.php?rest_route=%2Fwp%2Fv2%2Fmedia&parent=1288"}],"curies":[{"name":"wp","href":"https:\/\/api.w.org\/{rel}","templated":true}]}}