{"id":642,"date":"2025-12-31T08:18:45","date_gmt":"2025-12-31T08:18:45","guid":{"rendered":"https:\/\/xn--ensemblepourtierc-rtb.fr\/?page_id=642"},"modified":"2026-02-05T12:31:54","modified_gmt":"2026-02-05T12:31:54","slug":"abderrahmane","status":"publish","type":"page","link":"https:\/\/xn--ensemblepourtierc-rtb.fr\/?page_id=642","title":{"rendered":"Abderrahmane"},"content":{"rendered":"\n<p><strong>Enseignant, auteur et citoyen engag\u00e9 pour l\u2019avenir de Tierc\u00e9<\/strong><\/p>\n\n\n\n<p>J\u2019habite \u00e0 Tierc\u00e9 depuis bient\u00f4t 20 ans. J\u2019ai 61 ans, mari\u00e9 et p\u00e8re de deux enfants.<\/p>\n\n\n\n<p>J\u2019ai rejoint la liste Ensemble pour Tierc\u00e9, une \u00e9quipe nouvelle, sinc\u00e8re et dynamique, afin de d\u00e9fendre des valeurs et des engagements. J\u2019accorde une attention bienveillante aux apprentissages et \u00e0 la culture dans notre commune.<\/p>\n\n\n\n<p>En effet, j\u2019ai un vif int\u00e9r\u00eat pour la culture sous ses multiples expressions, en particulier la lecture, les mus\u00e9es et le patrimoine.<\/p>\n\n\n\n<p>Je suis enseignant dans l\u2019enseignement sup\u00e9rieur, auteur de livres scientifiques et titulaire d\u2019un doctorat en Math\u00e9matiques Appliqu\u00e9es et Informatique.<\/p>\n\n\n\n<p>J\u2019ai des engagements forts et institutionnels dans la d\u00e9fense des droits des salari\u00e9s ainsi que dans la protection des donn\u00e9es personnelles en tant que correspondant de la Commission Nationale de Informatique et des Libert\u00e9s<\/p>\n\n\n\n<p>J\u2019appr\u00e9cie \u00e9galement la randonn\u00e9e p\u00e9destre, les voyages et le contact avec la nature, et je suis profond\u00e9ment attach\u00e9 \u00e0 la pr\u00e9servation de l\u2019environnement et de la biodiversit\u00e9.<\/p>\n\n\n\n<p>Mon p\u00e9ch\u00e9 mignon : cuisiner, innover et savourer des plats en famille et entre amis.<\/p>\n","protected":false},"excerpt":{"rendered":"<p>Enseignant, auteur et citoyen engag\u00e9 pour l\u2019avenir de Tierc\u00e9 J\u2019habite \u00e0 Tierc\u00e9 depuis bient\u00f4t 20 ans. J\u2019ai 61 ans, mari\u00e9 et p\u00e8re de deux enfants. J\u2019ai rejoint la liste Ensemble pour Tierc\u00e9, une \u00e9quipe nouvelle, sinc\u00e8re et dynamique, afin de d\u00e9fendre des valeurs et des engagements. J\u2019accorde une attention bienveillante aux apprentissages et \u00e0 la&hellip;<\/p>\n","protected":false},"author":1,"featured_media":915,"parent":0,"menu_order":0,"comment_status":"closed","ping_status":"closed","template":"","meta":{"footnotes":""},"class_list":["post-642","page","type-page","status-publish","has-post-thumbnail","hentry"],"_links":{"self":[{"href":"https:\/\/xn--ensemblepourtierc-rtb.fr\/index.php?rest_route=\/wp\/v2\/pages\/642","targetHints":{"allow":["GET"]}}],"collection":[{"href":"https:\/\/xn--ensemblepourtierc-rtb.fr\/index.php?rest_route=\/wp\/v2\/pages"}],"about":[{"href":"https:\/\/xn--ensemblepourtierc-rtb.fr\/index.php?rest_route=\/wp\/v2\/types\/page"}],"author":[{"embeddable":true,"href":"https:\/\/xn--ensemblepourtierc-rtb.fr\/index.php?rest_route=\/wp\/v2\/users\/1"}],"replies":[{"embeddable":true,"href":"https:\/\/xn--ensemblepourtierc-rtb.fr\/index.php?rest_route=%2Fwp%2Fv2%2Fcomments&post=642"}],"version-history":[{"count":2,"href":"https:\/\/xn--ensemblepourtierc-rtb.fr\/index.php?rest_route=\/wp\/v2\/pages\/642\/revisions"}],"predecessor-version":[{"id":797,"href":"https:\/\/xn--ensemblepourtierc-rtb.fr\/index.php?rest_route=\/wp\/v2\/pages\/642\/revisions\/797"}],"wp:featuredmedia":[{"embeddable":true,"href":"https:\/\/xn--ensemblepourtierc-rtb.fr\/index.php?rest_route=\/wp\/v2\/media\/915"}],"wp:attachment":[{"href":"https:\/\/xn--ensemblepourtierc-rtb.fr\/index.php?rest_route=%2Fwp%2Fv2%2Fmedia&parent=642"}],"curies":[{"name":"wp","href":"https:\/\/api.w.org\/{rel}","templated":true}]}}