{"id":649,"date":"2025-12-31T08:28:17","date_gmt":"2025-12-31T08:28:17","guid":{"rendered":"https:\/\/xn--ensemblepourtierc-rtb.fr\/?page_id=649"},"modified":"2026-02-05T12:33:38","modified_gmt":"2026-02-05T12:33:38","slug":"anne","status":"publish","type":"page","link":"https:\/\/xn--ensemblepourtierc-rtb.fr\/?page_id=649","title":{"rendered":"Anne"},"content":{"rendered":"\n<p><strong>Proche des gens, guid\u00e9e par la rigueur : un engagement authentique pour Tierc\u00e9<\/strong><\/p>\n\n\n\n<p>J\u2019ai 55 ans, j&rsquo;ai pos\u00e9 mes valises \u00e0 Tierc\u00e9 en 1998, l&rsquo;ann\u00e9e de notre mariage. C&rsquo;est ici que mes trois enfants, aujourd&rsquo;hui adultes, ont grandi, ont \u00e9t\u00e9 scolaris\u00e9s et se sont \u00e9panouis sportivement, tissant des liens profonds avec notre commune. Nous les avons accompagn\u00e9s tout au long de ces ann\u00e9es en nous impliquant activement dans les clubs et associations locales.<\/p>\n\n\n\n<p>Professionnellement, depuis plus de 20 ans, j&rsquo;\u00e9volue au sein de la maison Cointreau, o\u00f9 je suis aujourd&rsquo;hui responsable des services g\u00e9n\u00e9raux. Une fonction qui me permet de veiller au bien-\u00eatre de nos collaborateurs, avec la m\u00eame exigence de qualit\u00e9 et d&rsquo;attention qui caract\u00e9rise nos produits.<\/p>\n\n\n\n<p>Mon engagement sur cette liste \u00e9lectorale pour 2026 est anim\u00e9 par un profond d\u00e9sir d&rsquo;aider et de m&rsquo;impliquer activement dans la vie de Tierc\u00e9, avec pour objectif d&rsquo;am\u00e9liorer concr\u00e8tement le quotidien de ses habitants. J&rsquo;aspire \u00e9galement \u00e0 approfondir ma connaissance de notre commune, de ses rouages et de ses sp\u00e9cificit\u00e9s.<\/p>\n\n\n\n<p>En dehors de ma famille, ma passion est la lecture, et je dois avouer un p\u00e9ch\u00e9 mignon : l&rsquo;appr\u00e9ciation d&rsquo;un bon whisky \u00e9cossais, un spiritueux qui, \u00e0 l&rsquo;image de nos marques, r\u00e9v\u00e8le une richesse et une complexit\u00e9 fascinantes.<\/p>\n","protected":false},"excerpt":{"rendered":"<p>Proche des gens, guid\u00e9e par la rigueur : un engagement authentique pour Tierc\u00e9 J\u2019ai 55 ans, j&rsquo;ai pos\u00e9 mes valises \u00e0 Tierc\u00e9 en 1998, l&rsquo;ann\u00e9e de notre mariage. C&rsquo;est ici que mes trois enfants, aujourd&rsquo;hui adultes, ont grandi, ont \u00e9t\u00e9 scolaris\u00e9s et se sont \u00e9panouis sportivement, tissant des liens profonds avec notre commune. Nous les&hellip;<\/p>\n","protected":false},"author":1,"featured_media":918,"parent":0,"menu_order":0,"comment_status":"closed","ping_status":"closed","template":"","meta":{"footnotes":""},"class_list":["post-649","page","type-page","status-publish","has-post-thumbnail","hentry"],"_links":{"self":[{"href":"https:\/\/xn--ensemblepourtierc-rtb.fr\/index.php?rest_route=\/wp\/v2\/pages\/649","targetHints":{"allow":["GET"]}}],"collection":[{"href":"https:\/\/xn--ensemblepourtierc-rtb.fr\/index.php?rest_route=\/wp\/v2\/pages"}],"about":[{"href":"https:\/\/xn--ensemblepourtierc-rtb.fr\/index.php?rest_route=\/wp\/v2\/types\/page"}],"author":[{"embeddable":true,"href":"https:\/\/xn--ensemblepourtierc-rtb.fr\/index.php?rest_route=\/wp\/v2\/users\/1"}],"replies":[{"embeddable":true,"href":"https:\/\/xn--ensemblepourtierc-rtb.fr\/index.php?rest_route=%2Fwp%2Fv2%2Fcomments&post=649"}],"version-history":[{"count":2,"href":"https:\/\/xn--ensemblepourtierc-rtb.fr\/index.php?rest_route=\/wp\/v2\/pages\/649\/revisions"}],"predecessor-version":[{"id":765,"href":"https:\/\/xn--ensemblepourtierc-rtb.fr\/index.php?rest_route=\/wp\/v2\/pages\/649\/revisions\/765"}],"wp:featuredmedia":[{"embeddable":true,"href":"https:\/\/xn--ensemblepourtierc-rtb.fr\/index.php?rest_route=\/wp\/v2\/media\/918"}],"wp:attachment":[{"href":"https:\/\/xn--ensemblepourtierc-rtb.fr\/index.php?rest_route=%2Fwp%2Fv2%2Fmedia&parent=649"}],"curies":[{"name":"wp","href":"https:\/\/api.w.org\/{rel}","templated":true}]}}