{"id":655,"date":"2025-12-31T08:30:39","date_gmt":"2025-12-31T08:30:39","guid":{"rendered":"https:\/\/xn--ensemblepourtierc-rtb.fr\/?page_id=655"},"modified":"2026-02-05T12:32:44","modified_gmt":"2026-02-05T12:32:44","slug":"alexis","status":"publish","type":"page","link":"https:\/\/xn--ensemblepourtierc-rtb.fr\/?page_id=655","title":{"rendered":"Alexis"},"content":{"rendered":"\n<p><strong>Des valeurs fortes pour un cadre de vie pr\u00e9serv\u00e9<\/strong><\/p>\n\n\n\n<p>Alexis, 35 ans, en couple et p\u00e8re de deux jeunes enfants. J&rsquo;ai choisi Tierc\u00e9 en 2017 pour son cadre de vie id\u00e9al : la proximit\u00e9 d&rsquo;Angers, la pr\u00e9sence de sa gare, la convivialit\u00e9 de son bourg et l&rsquo;omnipr\u00e9sence de la nature environnante.<\/p>\n\n\n\n<p>Professionnellement, je suis fonctionnaire territorial au Conseil d\u00e9partemental du Maine-et-Loire depuis 2015. Je suis tr\u00e8s attach\u00e9 \u00e0 la fonction publique, car elle incarne pour moi des valeurs fondamentales de service, d&rsquo;humanit\u00e9 et de partage.<\/p>\n\n\n\n<p>Discret par nature, vous me croiserez certainement sur les nombreux chemins de la commune, car la course \u00e0 pied est ma passion. Mon engagement dans cette liste est de mettre mes comp\u00e9tences de l&rsquo;ombre au service de la collectivit\u00e9 et du bien-\u00eatre de tous les Tierc\u00e9ens.<\/p>\n\n\n\n<p>Mon p\u00e9ch\u00e9 mignon : les friandises de mes enfants.<\/p>\n","protected":false},"excerpt":{"rendered":"<p>Des valeurs fortes pour un cadre de vie pr\u00e9serv\u00e9 Alexis, 35 ans, en couple et p\u00e8re de deux jeunes enfants. J&rsquo;ai choisi Tierc\u00e9 en 2017 pour son cadre de vie id\u00e9al : la proximit\u00e9 d&rsquo;Angers, la pr\u00e9sence de sa gare, la convivialit\u00e9 de son bourg et l&rsquo;omnipr\u00e9sence de la nature environnante. Professionnellement, je suis fonctionnaire&hellip;<\/p>\n","protected":false},"author":1,"featured_media":919,"parent":0,"menu_order":0,"comment_status":"closed","ping_status":"closed","template":"","meta":{"footnotes":""},"class_list":["post-655","page","type-page","status-publish","has-post-thumbnail","hentry"],"_links":{"self":[{"href":"https:\/\/xn--ensemblepourtierc-rtb.fr\/index.php?rest_route=\/wp\/v2\/pages\/655","targetHints":{"allow":["GET"]}}],"collection":[{"href":"https:\/\/xn--ensemblepourtierc-rtb.fr\/index.php?rest_route=\/wp\/v2\/pages"}],"about":[{"href":"https:\/\/xn--ensemblepourtierc-rtb.fr\/index.php?rest_route=\/wp\/v2\/types\/page"}],"author":[{"embeddable":true,"href":"https:\/\/xn--ensemblepourtierc-rtb.fr\/index.php?rest_route=\/wp\/v2\/users\/1"}],"replies":[{"embeddable":true,"href":"https:\/\/xn--ensemblepourtierc-rtb.fr\/index.php?rest_route=%2Fwp%2Fv2%2Fcomments&post=655"}],"version-history":[{"count":2,"href":"https:\/\/xn--ensemblepourtierc-rtb.fr\/index.php?rest_route=\/wp\/v2\/pages\/655\/revisions"}],"predecessor-version":[{"id":950,"href":"https:\/\/xn--ensemblepourtierc-rtb.fr\/index.php?rest_route=\/wp\/v2\/pages\/655\/revisions\/950"}],"wp:featuredmedia":[{"embeddable":true,"href":"https:\/\/xn--ensemblepourtierc-rtb.fr\/index.php?rest_route=\/wp\/v2\/media\/919"}],"wp:attachment":[{"href":"https:\/\/xn--ensemblepourtierc-rtb.fr\/index.php?rest_route=%2Fwp%2Fv2%2Fmedia&parent=655"}],"curies":[{"name":"wp","href":"https:\/\/api.w.org\/{rel}","templated":true}]}}