{"id":663,"date":"2025-12-31T08:37:16","date_gmt":"2025-12-31T08:37:16","guid":{"rendered":"https:\/\/xn--ensemblepourtierc-rtb.fr\/?page_id=663"},"modified":"2026-02-05T12:34:17","modified_gmt":"2026-02-05T12:34:17","slug":"denis","status":"publish","type":"page","link":"https:\/\/xn--ensemblepourtierc-rtb.fr\/?page_id=663","title":{"rendered":"Denis"},"content":{"rendered":"\n<p><strong>Entre engagement, sport et nature : le parcours inspirant de Denis<\/strong><\/p>\n\n\n\n<p>52 ans, habitant Tierc\u00e9 depuis 2008, je suis mari\u00e9 et p\u00e8re de deux grands enfants.<\/p>\n\n\n\n<p>J\u2019exerce actuellement ma profession de peintre \u00e0 la mairie d\u2019Angers.<\/p>\n\n\n\n<p>J\u2019aime rendre service aux autres, c\u2019est pourquoi j\u2019ai \u00e9t\u00e9 pompier volontaire pendant 23 ans, dont 6 effectu\u00e9s \u00e0 Tierc\u00e9.<\/p>\n\n\n\n<p>J\u2019ai \u00e9t\u00e9 b\u00e9n\u00e9vole lors des diff\u00e9rentes manifestations de l\u2019\u00e9cole Notre Dame et lors du spectacle de La Belle et la B\u00eate au Plessis Bourr\u00e9.<\/p>\n\n\n\n<p>Ancien marathonien, je pratique toujours la course \u00e0 pied et le v\u00e9lo.<\/p>\n\n\n\n<p>J\u2019aime \u00eatre au contact de la nature pour y pratiquer mes trois passions que sont la randonn\u00e9e, la<\/p>\n\n\n\n<p>g\u00e9obiologie et la radiesth\u00e9sie.<\/p>\n\n\n\n<p>Mon p\u00e9ch\u00e9 mignon : les fromages de chez Violette (Gaec des Marouettes)<\/p>\n","protected":false},"excerpt":{"rendered":"<p>Entre engagement, sport et nature : le parcours inspirant de Denis 52 ans, habitant Tierc\u00e9 depuis 2008, je suis mari\u00e9 et p\u00e8re de deux grands enfants. J\u2019exerce actuellement ma profession de peintre \u00e0 la mairie d\u2019Angers. J\u2019aime rendre service aux autres, c\u2019est pourquoi j\u2019ai \u00e9t\u00e9 pompier volontaire pendant 23 ans, dont 6 effectu\u00e9s \u00e0 Tierc\u00e9.&hellip;<\/p>\n","protected":false},"author":1,"featured_media":922,"parent":0,"menu_order":0,"comment_status":"closed","ping_status":"closed","template":"","meta":{"footnotes":""},"class_list":["post-663","page","type-page","status-publish","has-post-thumbnail","hentry"],"_links":{"self":[{"href":"https:\/\/xn--ensemblepourtierc-rtb.fr\/index.php?rest_route=\/wp\/v2\/pages\/663","targetHints":{"allow":["GET"]}}],"collection":[{"href":"https:\/\/xn--ensemblepourtierc-rtb.fr\/index.php?rest_route=\/wp\/v2\/pages"}],"about":[{"href":"https:\/\/xn--ensemblepourtierc-rtb.fr\/index.php?rest_route=\/wp\/v2\/types\/page"}],"author":[{"embeddable":true,"href":"https:\/\/xn--ensemblepourtierc-rtb.fr\/index.php?rest_route=\/wp\/v2\/users\/1"}],"replies":[{"embeddable":true,"href":"https:\/\/xn--ensemblepourtierc-rtb.fr\/index.php?rest_route=%2Fwp%2Fv2%2Fcomments&post=663"}],"version-history":[{"count":1,"href":"https:\/\/xn--ensemblepourtierc-rtb.fr\/index.php?rest_route=\/wp\/v2\/pages\/663\/revisions"}],"predecessor-version":[{"id":664,"href":"https:\/\/xn--ensemblepourtierc-rtb.fr\/index.php?rest_route=\/wp\/v2\/pages\/663\/revisions\/664"}],"wp:featuredmedia":[{"embeddable":true,"href":"https:\/\/xn--ensemblepourtierc-rtb.fr\/index.php?rest_route=\/wp\/v2\/media\/922"}],"wp:attachment":[{"href":"https:\/\/xn--ensemblepourtierc-rtb.fr\/index.php?rest_route=%2Fwp%2Fv2%2Fmedia&parent=663"}],"curies":[{"name":"wp","href":"https:\/\/api.w.org\/{rel}","templated":true}]}}