{"id":668,"date":"2025-12-31T08:39:26","date_gmt":"2025-12-31T08:39:26","guid":{"rendered":"https:\/\/xn--ensemblepourtierc-rtb.fr\/?page_id=668"},"modified":"2026-02-05T12:34:03","modified_gmt":"2026-02-05T12:34:03","slug":"colline","status":"publish","type":"page","link":"https:\/\/xn--ensemblepourtierc-rtb.fr\/?page_id=668","title":{"rendered":"Colline"},"content":{"rendered":"\n<p><strong>Sourires, partage et tatouages : une artiste au service de sa commune<\/strong><\/p>\n\n\n\n<p>Tatoueuse sur Tierc\u00e9 depuis 2017.<\/p>\n\n\n\n<p>Je travaille en salon priv\u00e9 sur une exploitation arbor\u00e9e et conviviale.<\/p>\n\n\n\n<p>Cadre de vie dans la nature et proximit\u00e9 avec ma client\u00e8le m&rsquo;ont permis d&rsquo;exp\u00e9rimenter l&rsquo;humain, le partage et les sourires sous toutes leurs formes.<\/p>\n\n\n\n<p>De nature r\u00e9serv\u00e9e mais tr\u00e8s souriante, je me rends disponible d\u00e8s que possible pour les autres.<\/p>\n\n\n\n<p>Je vis \u00e0 Tierc\u00e9 depuis maintenant 22 ans.<\/p>\n\n\n\n<p>Apr\u00e8s \u00eatre partie un temps, je suis vite revenue aux sources de ce coin o\u00f9 il fait bon vivre.<\/p>\n\n\n\n<p>Jeune maman tr\u00e8s heureuse de voir ma fille grandir au milieu des fleurs.<\/p>\n\n\n\n<p>Mon souhait est de continuer de profiter de cette jolie petite ville et de la voir \u00e9voluer.<\/p>\n\n\n\n<p>Mon p\u00e9ch\u00e9 mignon : en activit\u00e9 le dessin et en gourmandise les Rapha\u00ebllo.<\/p>\n","protected":false},"excerpt":{"rendered":"<p>Sourires, partage et tatouages : une artiste au service de sa commune Tatoueuse sur Tierc\u00e9 depuis 2017. Je travaille en salon priv\u00e9 sur une exploitation arbor\u00e9e et conviviale. Cadre de vie dans la nature et proximit\u00e9 avec ma client\u00e8le m&rsquo;ont permis d&rsquo;exp\u00e9rimenter l&rsquo;humain, le partage et les sourires sous toutes leurs formes. De nature r\u00e9serv\u00e9e&hellip;<\/p>\n","protected":false},"author":1,"featured_media":923,"parent":0,"menu_order":0,"comment_status":"closed","ping_status":"closed","template":"","meta":{"footnotes":""},"class_list":["post-668","page","type-page","status-publish","has-post-thumbnail","hentry"],"_links":{"self":[{"href":"https:\/\/xn--ensemblepourtierc-rtb.fr\/index.php?rest_route=\/wp\/v2\/pages\/668","targetHints":{"allow":["GET"]}}],"collection":[{"href":"https:\/\/xn--ensemblepourtierc-rtb.fr\/index.php?rest_route=\/wp\/v2\/pages"}],"about":[{"href":"https:\/\/xn--ensemblepourtierc-rtb.fr\/index.php?rest_route=\/wp\/v2\/types\/page"}],"author":[{"embeddable":true,"href":"https:\/\/xn--ensemblepourtierc-rtb.fr\/index.php?rest_route=\/wp\/v2\/users\/1"}],"replies":[{"embeddable":true,"href":"https:\/\/xn--ensemblepourtierc-rtb.fr\/index.php?rest_route=%2Fwp%2Fv2%2Fcomments&post=668"}],"version-history":[{"count":1,"href":"https:\/\/xn--ensemblepourtierc-rtb.fr\/index.php?rest_route=\/wp\/v2\/pages\/668\/revisions"}],"predecessor-version":[{"id":669,"href":"https:\/\/xn--ensemblepourtierc-rtb.fr\/index.php?rest_route=\/wp\/v2\/pages\/668\/revisions\/669"}],"wp:featuredmedia":[{"embeddable":true,"href":"https:\/\/xn--ensemblepourtierc-rtb.fr\/index.php?rest_route=\/wp\/v2\/media\/923"}],"wp:attachment":[{"href":"https:\/\/xn--ensemblepourtierc-rtb.fr\/index.php?rest_route=%2Fwp%2Fv2%2Fmedia&parent=668"}],"curies":[{"name":"wp","href":"https:\/\/api.w.org\/{rel}","templated":true}]}}