{"id":673,"date":"2025-12-31T08:43:21","date_gmt":"2025-12-31T08:43:21","guid":{"rendered":"https:\/\/xn--ensemblepourtierc-rtb.fr\/?page_id=673"},"modified":"2026-02-05T12:34:36","modified_gmt":"2026-02-05T12:34:36","slug":"evan","status":"publish","type":"page","link":"https:\/\/xn--ensemblepourtierc-rtb.fr\/?page_id=673","title":{"rendered":"Evan"},"content":{"rendered":"\n<p><strong>De la route \u00e0 la vie locale : passion, rigueur et convivialit\u00e9, mon \u00e9nergie pour Tierc\u00e9.<\/strong><\/p>\n\n\n\n<p>J\u2019habite \u00e0 Tierc\u00e9 depuis mon plus jeune \u00e2ge. J\u2019y ai grandi, y ai \u00e9t\u00e9 scolaris\u00e9, et c\u2019est ici que j\u2019ai construit mes rep\u00e8res, mes valeurs et mon attachement \u00e0 la vie locale.<\/p>\n\n\n\n<p>Depuis cinq ans, je travaille dans le milieu du transport routier, un domaine qui est bien plus qu\u2019un m\u00e9tier pour moi : c\u2019est une v\u00e9ritable passion, transmise de p\u00e8re en fils.<\/p>\n\n\n\n<p>Cet univers m\u2019a appris la rigueur et l\u2019importance du travail bien fait. C\u2019est un secteur exigeant qui m\u2019a permis de d\u00e9velopper une vision concr\u00e8te du monde du travail.<\/p>\n\n\n\n<p>\u00c0 c\u00f4t\u00e9 de \u00e7a, j\u2019aime sortir, faire la f\u00eate et profiter de la vie, entour\u00e9 de mes proches.<\/p>\n\n\n\n<p>Mon p\u00e9ch\u00e9 mignon : l\u2019Ap\u00e9rol Spritz\u2028<\/p>\n","protected":false},"excerpt":{"rendered":"<p>De la route \u00e0 la vie locale : passion, rigueur et convivialit\u00e9, mon \u00e9nergie pour Tierc\u00e9. J\u2019habite \u00e0 Tierc\u00e9 depuis mon plus jeune \u00e2ge. J\u2019y ai grandi, y ai \u00e9t\u00e9 scolaris\u00e9, et c\u2019est ici que j\u2019ai construit mes rep\u00e8res, mes valeurs et mon attachement \u00e0 la vie locale. Depuis cinq ans, je travaille dans le&hellip;<\/p>\n","protected":false},"author":1,"featured_media":924,"parent":0,"menu_order":0,"comment_status":"closed","ping_status":"closed","template":"","meta":{"footnotes":""},"class_list":["post-673","page","type-page","status-publish","has-post-thumbnail","hentry"],"_links":{"self":[{"href":"https:\/\/xn--ensemblepourtierc-rtb.fr\/index.php?rest_route=\/wp\/v2\/pages\/673","targetHints":{"allow":["GET"]}}],"collection":[{"href":"https:\/\/xn--ensemblepourtierc-rtb.fr\/index.php?rest_route=\/wp\/v2\/pages"}],"about":[{"href":"https:\/\/xn--ensemblepourtierc-rtb.fr\/index.php?rest_route=\/wp\/v2\/types\/page"}],"author":[{"embeddable":true,"href":"https:\/\/xn--ensemblepourtierc-rtb.fr\/index.php?rest_route=\/wp\/v2\/users\/1"}],"replies":[{"embeddable":true,"href":"https:\/\/xn--ensemblepourtierc-rtb.fr\/index.php?rest_route=%2Fwp%2Fv2%2Fcomments&post=673"}],"version-history":[{"count":3,"href":"https:\/\/xn--ensemblepourtierc-rtb.fr\/index.php?rest_route=\/wp\/v2\/pages\/673\/revisions"}],"predecessor-version":[{"id":769,"href":"https:\/\/xn--ensemblepourtierc-rtb.fr\/index.php?rest_route=\/wp\/v2\/pages\/673\/revisions\/769"}],"wp:featuredmedia":[{"embeddable":true,"href":"https:\/\/xn--ensemblepourtierc-rtb.fr\/index.php?rest_route=\/wp\/v2\/media\/924"}],"wp:attachment":[{"href":"https:\/\/xn--ensemblepourtierc-rtb.fr\/index.php?rest_route=%2Fwp%2Fv2%2Fmedia&parent=673"}],"curies":[{"name":"wp","href":"https:\/\/api.w.org\/{rel}","templated":true}]}}