{"id":678,"date":"2025-12-31T08:45:33","date_gmt":"2025-12-31T08:45:33","guid":{"rendered":"https:\/\/xn--ensemblepourtierc-rtb.fr\/?page_id=678"},"modified":"2026-02-05T12:35:44","modified_gmt":"2026-02-05T12:35:44","slug":"julie","status":"publish","type":"page","link":"https:\/\/xn--ensemblepourtierc-rtb.fr\/?page_id=678","title":{"rendered":"Julie"},"content":{"rendered":"\n<p><strong>Ma\u00eetresse de conf\u00e9rences et citoyenne engag\u00e9e pour notre commune<\/strong><\/p>\n\n\n\n<p>Mes p\u00e9rip\u00e9ties de vie et mon amour de l&rsquo;\u00e9cole m\u2019ont conduite au m\u00e9tier que j\u2019exerce aujourd\u2019hui : ma\u00eetresse de conf\u00e9rences.<\/p>\n\n\n\n<p>Je cherchais un engagement associatif fort pour rendre \u00e0 Tierc\u00e9 ce que cette ville m\u2019a donn\u00e9 : j\u2019ai trouv\u00e9 en m\u2019engageant pour notre commune.<\/p>\n\n\n\n<p>Je suis passionn\u00e9e de bricolage et j\u2019esp\u00e8re un jour en savoir assez pour retaper une maison du sol au plafond !<\/p>\n\n\n\n<p>Mon p\u00e9ch\u00e9 mignon, en r\u00e9alit\u00e9 une addiction : les edamames (f\u00e8ves de soja).<\/p>\n","protected":false},"excerpt":{"rendered":"<p>Ma\u00eetresse de conf\u00e9rences et citoyenne engag\u00e9e pour notre commune Mes p\u00e9rip\u00e9ties de vie et mon amour de l&rsquo;\u00e9cole m\u2019ont conduite au m\u00e9tier que j\u2019exerce aujourd\u2019hui : ma\u00eetresse de conf\u00e9rences. Je cherchais un engagement associatif fort pour rendre \u00e0 Tierc\u00e9 ce que cette ville m\u2019a donn\u00e9 : j\u2019ai trouv\u00e9 en m\u2019engageant pour notre commune. Je suis&hellip;<\/p>\n","protected":false},"author":1,"featured_media":927,"parent":0,"menu_order":0,"comment_status":"closed","ping_status":"closed","template":"","meta":{"footnotes":""},"class_list":["post-678","page","type-page","status-publish","has-post-thumbnail","hentry"],"_links":{"self":[{"href":"https:\/\/xn--ensemblepourtierc-rtb.fr\/index.php?rest_route=\/wp\/v2\/pages\/678","targetHints":{"allow":["GET"]}}],"collection":[{"href":"https:\/\/xn--ensemblepourtierc-rtb.fr\/index.php?rest_route=\/wp\/v2\/pages"}],"about":[{"href":"https:\/\/xn--ensemblepourtierc-rtb.fr\/index.php?rest_route=\/wp\/v2\/types\/page"}],"author":[{"embeddable":true,"href":"https:\/\/xn--ensemblepourtierc-rtb.fr\/index.php?rest_route=\/wp\/v2\/users\/1"}],"replies":[{"embeddable":true,"href":"https:\/\/xn--ensemblepourtierc-rtb.fr\/index.php?rest_route=%2Fwp%2Fv2%2Fcomments&post=678"}],"version-history":[{"count":1,"href":"https:\/\/xn--ensemblepourtierc-rtb.fr\/index.php?rest_route=\/wp\/v2\/pages\/678\/revisions"}],"predecessor-version":[{"id":679,"href":"https:\/\/xn--ensemblepourtierc-rtb.fr\/index.php?rest_route=\/wp\/v2\/pages\/678\/revisions\/679"}],"wp:featuredmedia":[{"embeddable":true,"href":"https:\/\/xn--ensemblepourtierc-rtb.fr\/index.php?rest_route=\/wp\/v2\/media\/927"}],"wp:attachment":[{"href":"https:\/\/xn--ensemblepourtierc-rtb.fr\/index.php?rest_route=%2Fwp%2Fv2%2Fmedia&parent=678"}],"curies":[{"name":"wp","href":"https:\/\/api.w.org\/{rel}","templated":true}]}}