{"id":688,"date":"2025-12-31T08:53:28","date_gmt":"2025-12-31T08:53:28","guid":{"rendered":"https:\/\/xn--ensemblepourtierc-rtb.fr\/?page_id=688"},"modified":"2026-02-05T12:36:03","modified_gmt":"2026-02-05T12:36:03","slug":"laurence","status":"publish","type":"page","link":"https:\/\/xn--ensemblepourtierc-rtb.fr\/?page_id=688","title":{"rendered":"Laurence"},"content":{"rendered":"\n<p><strong>Fleuriste passionn\u00e9e et Tierc\u00e9enne de c\u0153ur depuis 31 ans<\/strong><\/p>\n\n\n\n<p>58 ans, mari\u00e9e, maman de deux gar\u00e7ons, j&rsquo;habite Tierc\u00e9 depuis 31 ans, j&rsquo;y exerce mon m\u00e9tier de fleuriste au c\u0153ur de notre belle commune.<\/p>\n\n\n\n<p>J&rsquo;aime partager un regard, un instant, un moment d&rsquo;\u00e9change avec les habitants de Tierc\u00e9 et ses communes environnantes.<\/p>\n\n\n\n<p>Tierc\u00e9 est un vrai \u00e9crin de nature ou il fait bon vivre, riche des commodit\u00e9s offertes et de sa proximit\u00e9 urbaine.<\/p>\n\n\n\n<p>Mon p\u00e9ch\u00e9 mignon&nbsp;: les puzzles.<\/p>\n","protected":false},"excerpt":{"rendered":"<p>Fleuriste passionn\u00e9e et Tierc\u00e9enne de c\u0153ur depuis 31 ans 58 ans, mari\u00e9e, maman de deux gar\u00e7ons, j&rsquo;habite Tierc\u00e9 depuis 31 ans, j&rsquo;y exerce mon m\u00e9tier de fleuriste au c\u0153ur de notre belle commune. J&rsquo;aime partager un regard, un instant, un moment d&rsquo;\u00e9change avec les habitants de Tierc\u00e9 et ses communes environnantes. Tierc\u00e9 est un vrai&hellip;<\/p>\n","protected":false},"author":1,"featured_media":929,"parent":0,"menu_order":0,"comment_status":"closed","ping_status":"closed","template":"","meta":{"footnotes":""},"class_list":["post-688","page","type-page","status-publish","has-post-thumbnail","hentry"],"_links":{"self":[{"href":"https:\/\/xn--ensemblepourtierc-rtb.fr\/index.php?rest_route=\/wp\/v2\/pages\/688","targetHints":{"allow":["GET"]}}],"collection":[{"href":"https:\/\/xn--ensemblepourtierc-rtb.fr\/index.php?rest_route=\/wp\/v2\/pages"}],"about":[{"href":"https:\/\/xn--ensemblepourtierc-rtb.fr\/index.php?rest_route=\/wp\/v2\/types\/page"}],"author":[{"embeddable":true,"href":"https:\/\/xn--ensemblepourtierc-rtb.fr\/index.php?rest_route=\/wp\/v2\/users\/1"}],"replies":[{"embeddable":true,"href":"https:\/\/xn--ensemblepourtierc-rtb.fr\/index.php?rest_route=%2Fwp%2Fv2%2Fcomments&post=688"}],"version-history":[{"count":1,"href":"https:\/\/xn--ensemblepourtierc-rtb.fr\/index.php?rest_route=\/wp\/v2\/pages\/688\/revisions"}],"predecessor-version":[{"id":689,"href":"https:\/\/xn--ensemblepourtierc-rtb.fr\/index.php?rest_route=\/wp\/v2\/pages\/688\/revisions\/689"}],"wp:featuredmedia":[{"embeddable":true,"href":"https:\/\/xn--ensemblepourtierc-rtb.fr\/index.php?rest_route=\/wp\/v2\/media\/929"}],"wp:attachment":[{"href":"https:\/\/xn--ensemblepourtierc-rtb.fr\/index.php?rest_route=%2Fwp%2Fv2%2Fmedia&parent=688"}],"curies":[{"name":"wp","href":"https:\/\/api.w.org\/{rel}","templated":true}]}}