{"id":693,"date":"2025-12-31T08:55:40","date_gmt":"2025-12-31T08:55:40","guid":{"rendered":"https:\/\/xn--ensemblepourtierc-rtb.fr\/?page_id=693"},"modified":"2026-02-05T12:36:18","modified_gmt":"2026-02-05T12:36:18","slug":"louis-henri","status":"publish","type":"page","link":"https:\/\/xn--ensemblepourtierc-rtb.fr\/?page_id=693","title":{"rendered":"Louis-Henri"},"content":{"rendered":"\n<p><strong>Horticulteur de m\u00e9tier, jardinier de liens pour Tierc\u00e9<\/strong><\/p>\n\n\n\n<p>49 ans, Horticulteur, je vis en couple avec 3 enfants.<\/p>\n\n\n\n<p>Je suis arriv\u00e9 sur Tierc\u00e9 en 2002 pour m&rsquo;installer sur la Zone Horticole du Rocher situ\u00e9e sur les communes de Briollay et Tierc\u00e9.<\/p>\n\n\n\n<p>Pragmatique et volontaire, je souhaite continuer de participer \u00e0 la vie de notre commune.<\/p>\n\n\n\n<p>Mon p\u00e9ch\u00e9-mignon : le chocolat (entre autres), c\u2019est une liste qu\u2019il me faudrait.<\/p>\n","protected":false},"excerpt":{"rendered":"<p>Horticulteur de m\u00e9tier, jardinier de liens pour Tierc\u00e9 49 ans, Horticulteur, je vis en couple avec 3 enfants. Je suis arriv\u00e9 sur Tierc\u00e9 en 2002 pour m&rsquo;installer sur la Zone Horticole du Rocher situ\u00e9e sur les communes de Briollay et Tierc\u00e9. Pragmatique et volontaire, je souhaite continuer de participer \u00e0 la vie de notre commune.&hellip;<\/p>\n","protected":false},"author":1,"featured_media":930,"parent":0,"menu_order":0,"comment_status":"closed","ping_status":"closed","template":"","meta":{"footnotes":""},"class_list":["post-693","page","type-page","status-publish","has-post-thumbnail","hentry"],"_links":{"self":[{"href":"https:\/\/xn--ensemblepourtierc-rtb.fr\/index.php?rest_route=\/wp\/v2\/pages\/693","targetHints":{"allow":["GET"]}}],"collection":[{"href":"https:\/\/xn--ensemblepourtierc-rtb.fr\/index.php?rest_route=\/wp\/v2\/pages"}],"about":[{"href":"https:\/\/xn--ensemblepourtierc-rtb.fr\/index.php?rest_route=\/wp\/v2\/types\/page"}],"author":[{"embeddable":true,"href":"https:\/\/xn--ensemblepourtierc-rtb.fr\/index.php?rest_route=\/wp\/v2\/users\/1"}],"replies":[{"embeddable":true,"href":"https:\/\/xn--ensemblepourtierc-rtb.fr\/index.php?rest_route=%2Fwp%2Fv2%2Fcomments&post=693"}],"version-history":[{"count":2,"href":"https:\/\/xn--ensemblepourtierc-rtb.fr\/index.php?rest_route=\/wp\/v2\/pages\/693\/revisions"}],"predecessor-version":[{"id":768,"href":"https:\/\/xn--ensemblepourtierc-rtb.fr\/index.php?rest_route=\/wp\/v2\/pages\/693\/revisions\/768"}],"wp:featuredmedia":[{"embeddable":true,"href":"https:\/\/xn--ensemblepourtierc-rtb.fr\/index.php?rest_route=\/wp\/v2\/media\/930"}],"wp:attachment":[{"href":"https:\/\/xn--ensemblepourtierc-rtb.fr\/index.php?rest_route=%2Fwp%2Fv2%2Fmedia&parent=693"}],"curies":[{"name":"wp","href":"https:\/\/api.w.org\/{rel}","templated":true}]}}