{"id":699,"date":"2025-12-31T08:58:19","date_gmt":"2025-12-31T08:58:19","guid":{"rendered":"https:\/\/xn--ensemblepourtierc-rtb.fr\/?page_id=699"},"modified":"2026-02-05T12:36:56","modified_gmt":"2026-02-05T12:36:56","slug":"michele","status":"publish","type":"page","link":"https:\/\/xn--ensemblepourtierc-rtb.fr\/?page_id=699","title":{"rendered":"Mich\u00e8le"},"content":{"rendered":"\n<p><strong>Comprendre le moteur humain pour avancer ensemble<\/strong><\/p>\n\n\n\n<p>Je suis passionn\u00e9e par les neurosciences. Pas un mot savant, mais une cl\u00e9 pour mieux d\u00e9cider, coop\u00e9rer et rester motiv\u00e9. Etre leader dans ce domaine est un plaisir.<\/p>\n\n\n\n<p>Mon objectif : Aider chacun \u00e0 aller plus loin, avec moins de r\u00e9sistance et plus de plaisir.<\/p>\n\n\n\n<p>J\u2019aime transmettre, valoriser et faire grandir. Quand je ne d\u00e9cortique pas le cerveau, j\u2019\u00e9cris, je lis, j\u2019anime des cours de th\u00e9\u00e2tre. Les jeunes m\u2019inspirent, les gens m\u2019\u00e9tonnent.<\/p>\n\n\n\n<p>Pour me d\u00e9fouler : le sport, aujourd\u2019hui le CrossFit.<\/p>\n\n\n\n<p>Pour me ressourcer : la nature, le chant des oiseaux, la biodiversit\u00e9\u2026 tout ce qui fait battre le c\u0153ur de notre plan\u00e8te.<\/p>\n\n\n\n<p>Mon p\u00e9ch\u00e9 mignon ? La vie, tout simplement.<\/p>\n\n\n\n<p>Cette vision guide mon engagement pour notre commune : cr\u00e9er un cadre de vie durable, respectueux des personnes et de la nature.<\/p>\n","protected":false},"excerpt":{"rendered":"<p>Comprendre le moteur humain pour avancer ensemble Je suis passionn\u00e9e par les neurosciences. Pas un mot savant, mais une cl\u00e9 pour mieux d\u00e9cider, coop\u00e9rer et rester motiv\u00e9. Etre leader dans ce domaine est un plaisir. Mon objectif : Aider chacun \u00e0 aller plus loin, avec moins de r\u00e9sistance et plus de plaisir. J\u2019aime transmettre, valoriser&hellip;<\/p>\n","protected":false},"author":1,"featured_media":931,"parent":0,"menu_order":0,"comment_status":"closed","ping_status":"closed","template":"","meta":{"footnotes":""},"class_list":["post-699","page","type-page","status-publish","has-post-thumbnail","hentry"],"_links":{"self":[{"href":"https:\/\/xn--ensemblepourtierc-rtb.fr\/index.php?rest_route=\/wp\/v2\/pages\/699","targetHints":{"allow":["GET"]}}],"collection":[{"href":"https:\/\/xn--ensemblepourtierc-rtb.fr\/index.php?rest_route=\/wp\/v2\/pages"}],"about":[{"href":"https:\/\/xn--ensemblepourtierc-rtb.fr\/index.php?rest_route=\/wp\/v2\/types\/page"}],"author":[{"embeddable":true,"href":"https:\/\/xn--ensemblepourtierc-rtb.fr\/index.php?rest_route=\/wp\/v2\/users\/1"}],"replies":[{"embeddable":true,"href":"https:\/\/xn--ensemblepourtierc-rtb.fr\/index.php?rest_route=%2Fwp%2Fv2%2Fcomments&post=699"}],"version-history":[{"count":1,"href":"https:\/\/xn--ensemblepourtierc-rtb.fr\/index.php?rest_route=\/wp\/v2\/pages\/699\/revisions"}],"predecessor-version":[{"id":700,"href":"https:\/\/xn--ensemblepourtierc-rtb.fr\/index.php?rest_route=\/wp\/v2\/pages\/699\/revisions\/700"}],"wp:featuredmedia":[{"embeddable":true,"href":"https:\/\/xn--ensemblepourtierc-rtb.fr\/index.php?rest_route=\/wp\/v2\/media\/931"}],"wp:attachment":[{"href":"https:\/\/xn--ensemblepourtierc-rtb.fr\/index.php?rest_route=%2Fwp%2Fv2%2Fmedia&parent=699"}],"curies":[{"name":"wp","href":"https:\/\/api.w.org\/{rel}","templated":true}]}}