{"id":704,"date":"2025-12-31T09:01:09","date_gmt":"2025-12-31T09:01:09","guid":{"rendered":"https:\/\/xn--ensemblepourtierc-rtb.fr\/?page_id=704"},"modified":"2026-02-05T12:36:34","modified_gmt":"2026-02-05T12:36:34","slug":"maxence","status":"publish","type":"page","link":"https:\/\/xn--ensemblepourtierc-rtb.fr\/?page_id=704","title":{"rendered":"Maxence"},"content":{"rendered":"\n<p><strong>Agriculture, jeunesse et dynamisme pour notre commune&nbsp;<\/strong><\/p>\n\n\n\n<p>J&rsquo;ai 26 ans, je suis sur Tierc\u00e9 depuis toujours.<\/p>\n\n\n\n<p>Install\u00e9&nbsp;dans une exploitation agricole en agriculture biologique depuis 2021. Je produis des vaches&nbsp;allaitantes et des volailles de chair.<\/p>\n\n\n\n<p>Je suis engag\u00e9&nbsp;au niveau des jeunes agriculteurs&nbsp;en tant que secr\u00e9taire&nbsp;g\u00e9n\u00e9ral&nbsp;du canton des Basses Vall\u00e9es&nbsp;Angevine dont fait partie Tierc\u00e9.&nbsp;<\/p>\n\n\n\n<p>Mon m\u00e9tier&nbsp;est l&rsquo;une de mes plus grandes passions et mon p\u00e9ch\u00e9&nbsp;mignon reste&nbsp;les balades en quads.<\/p>\n","protected":false},"excerpt":{"rendered":"<p>Agriculture, jeunesse et dynamisme pour notre commune&nbsp; J&rsquo;ai 26 ans, je suis sur Tierc\u00e9 depuis toujours. Install\u00e9&nbsp;dans une exploitation agricole en agriculture biologique depuis 2021. Je produis des vaches&nbsp;allaitantes et des volailles de chair. Je suis engag\u00e9&nbsp;au niveau des jeunes agriculteurs&nbsp;en tant que secr\u00e9taire&nbsp;g\u00e9n\u00e9ral&nbsp;du canton des Basses Vall\u00e9es&nbsp;Angevine dont fait partie Tierc\u00e9.&nbsp; Mon m\u00e9tier&nbsp;est l&rsquo;une&hellip;<\/p>\n","protected":false},"author":1,"featured_media":932,"parent":0,"menu_order":0,"comment_status":"closed","ping_status":"closed","template":"","meta":{"footnotes":""},"class_list":["post-704","page","type-page","status-publish","has-post-thumbnail","hentry"],"_links":{"self":[{"href":"https:\/\/xn--ensemblepourtierc-rtb.fr\/index.php?rest_route=\/wp\/v2\/pages\/704","targetHints":{"allow":["GET"]}}],"collection":[{"href":"https:\/\/xn--ensemblepourtierc-rtb.fr\/index.php?rest_route=\/wp\/v2\/pages"}],"about":[{"href":"https:\/\/xn--ensemblepourtierc-rtb.fr\/index.php?rest_route=\/wp\/v2\/types\/page"}],"author":[{"embeddable":true,"href":"https:\/\/xn--ensemblepourtierc-rtb.fr\/index.php?rest_route=\/wp\/v2\/users\/1"}],"replies":[{"embeddable":true,"href":"https:\/\/xn--ensemblepourtierc-rtb.fr\/index.php?rest_route=%2Fwp%2Fv2%2Fcomments&post=704"}],"version-history":[{"count":3,"href":"https:\/\/xn--ensemblepourtierc-rtb.fr\/index.php?rest_route=\/wp\/v2\/pages\/704\/revisions"}],"predecessor-version":[{"id":766,"href":"https:\/\/xn--ensemblepourtierc-rtb.fr\/index.php?rest_route=\/wp\/v2\/pages\/704\/revisions\/766"}],"wp:featuredmedia":[{"embeddable":true,"href":"https:\/\/xn--ensemblepourtierc-rtb.fr\/index.php?rest_route=\/wp\/v2\/media\/932"}],"wp:attachment":[{"href":"https:\/\/xn--ensemblepourtierc-rtb.fr\/index.php?rest_route=%2Fwp%2Fv2%2Fmedia&parent=704"}],"curies":[{"name":"wp","href":"https:\/\/api.w.org\/{rel}","templated":true}]}}