{"id":709,"date":"2025-12-31T09:02:36","date_gmt":"2025-12-31T09:02:36","guid":{"rendered":"https:\/\/xn--ensemblepourtierc-rtb.fr\/?page_id=709"},"modified":"2026-02-05T12:37:18","modified_gmt":"2026-02-05T12:37:18","slug":"nicole","status":"publish","type":"page","link":"https:\/\/xn--ensemblepourtierc-rtb.fr\/?page_id=709","title":{"rendered":"Nicole"},"content":{"rendered":"\n<p><strong>73 ans d\u2019exp\u00e9rience et de c\u0153ur : un engagement pour la convivialit\u00e9 et l\u2019environnement \u00e0 Tierc\u00e9<\/strong><\/p>\n\n\n\n<p>J\u2019ai 73 ans. Je suis arriv\u00e9e \u00e0 Tierc\u00e9 le 03\/11\/2003. Aujourd\u2019hui je suis veuve et avec mon mari nous avons fond\u00e9 une merveilleuse famille de 4 enfants.<\/p>\n\n\n\n<p>J\u2019\u00e9tais Assistante Maternelle en cr\u00e8che familiale \u00e0 Tierc\u00e9. J\u2019aime beaucoup le contact avec les enfants, les personnes \u00e2g\u00e9es, les gens en g\u00e9n\u00e9ral. Cela \u00e9loigne de la solitude et de la tristesse. Ayant perdu mon mari et mon fils, j\u2019ai besoin de rencontrer du monde, rendre service et donner le meilleur de moi-m\u00eame. Rien de mieux que de s\u2019investir dans notre petite ville pour \u00eatre utile et participer activement \u00e0 la convivialit\u00e9.<\/p>\n\n\n\n<p>L\u2019environnement est pour moi une chose essentielle et \u00eatre entour\u00e9e dans l\u2019\u00e9quipe de personnes qui s\u2019y connaissent et ont des id\u00e9es m\u2019encourage.<\/p>\n\n\n\n<p>Mon p\u00e9ch\u00e9 mignon: Maman de restaurateur, je vous laisse imaginer&#8230;<\/p>\n","protected":false},"excerpt":{"rendered":"<p>73 ans d\u2019exp\u00e9rience et de c\u0153ur : un engagement pour la convivialit\u00e9 et l\u2019environnement \u00e0 Tierc\u00e9 J\u2019ai 73 ans. Je suis arriv\u00e9e \u00e0 Tierc\u00e9 le 03\/11\/2003. Aujourd\u2019hui je suis veuve et avec mon mari nous avons fond\u00e9 une merveilleuse famille de 4 enfants. J\u2019\u00e9tais Assistante Maternelle en cr\u00e8che familiale \u00e0 Tierc\u00e9. J\u2019aime beaucoup le contact&hellip;<\/p>\n","protected":false},"author":1,"featured_media":933,"parent":0,"menu_order":0,"comment_status":"closed","ping_status":"closed","template":"","meta":{"footnotes":""},"class_list":["post-709","page","type-page","status-publish","has-post-thumbnail","hentry"],"_links":{"self":[{"href":"https:\/\/xn--ensemblepourtierc-rtb.fr\/index.php?rest_route=\/wp\/v2\/pages\/709","targetHints":{"allow":["GET"]}}],"collection":[{"href":"https:\/\/xn--ensemblepourtierc-rtb.fr\/index.php?rest_route=\/wp\/v2\/pages"}],"about":[{"href":"https:\/\/xn--ensemblepourtierc-rtb.fr\/index.php?rest_route=\/wp\/v2\/types\/page"}],"author":[{"embeddable":true,"href":"https:\/\/xn--ensemblepourtierc-rtb.fr\/index.php?rest_route=\/wp\/v2\/users\/1"}],"replies":[{"embeddable":true,"href":"https:\/\/xn--ensemblepourtierc-rtb.fr\/index.php?rest_route=%2Fwp%2Fv2%2Fcomments&post=709"}],"version-history":[{"count":2,"href":"https:\/\/xn--ensemblepourtierc-rtb.fr\/index.php?rest_route=\/wp\/v2\/pages\/709\/revisions"}],"predecessor-version":[{"id":764,"href":"https:\/\/xn--ensemblepourtierc-rtb.fr\/index.php?rest_route=\/wp\/v2\/pages\/709\/revisions\/764"}],"wp:featuredmedia":[{"embeddable":true,"href":"https:\/\/xn--ensemblepourtierc-rtb.fr\/index.php?rest_route=\/wp\/v2\/media\/933"}],"wp:attachment":[{"href":"https:\/\/xn--ensemblepourtierc-rtb.fr\/index.php?rest_route=%2Fwp%2Fv2%2Fmedia&parent=709"}],"curies":[{"name":"wp","href":"https:\/\/api.w.org\/{rel}","templated":true}]}}