{"id":720,"date":"2025-12-31T09:09:29","date_gmt":"2025-12-31T09:09:29","guid":{"rendered":"https:\/\/xn--ensemblepourtierc-rtb.fr\/?page_id=720"},"modified":"2026-02-05T12:37:30","modified_gmt":"2026-02-05T12:37:30","slug":"philippe","status":"publish","type":"page","link":"https:\/\/xn--ensemblepourtierc-rtb.fr\/?page_id=720","title":{"rendered":"Philippe"},"content":{"rendered":"\n<p><strong>&nbsp;Du monde financier au b\u00e9n\u00e9volat : un parcours riche et solidaire<\/strong><\/p>\n\n\n\n<p>Arriv\u00e9 \u00e0 Tierc\u00e9 en 2013, j\u2019ai 71 ans, vis en couple, ai 3 enfants et 4 petits-enfants.<\/p>\n\n\n\n<p>J&rsquo;ai exerc\u00e9 l&rsquo;int\u00e9gralit\u00e9 de mon activit\u00e9 professionnelle \u00e0 Paris, en qualit\u00e9 de cadre financier.<\/p>\n\n\n\n<p>Je suis tr\u00e8s attach\u00e9 au milieu associatif, qui m&rsquo;a permis d&rsquo;acqu\u00e9rir une comp\u00e9tence extra-professionnelle dans le sport.<\/p>\n\n\n\n<p>En effet, j&rsquo;ai assur\u00e9 la fonction de tr\u00e9sorier puis pr\u00e9sident d&rsquo;un club de tennis en r\u00e9gion parisienne.<\/p>\n\n\n\n<p>A mon arriv\u00e9e \u00e0 Tierc\u00e9, j&rsquo;ai souhait\u00e9 faire perdurer mon activit\u00e9 de b\u00e9n\u00e9vole afin de conserver du lien social et contribuer au dynamisme de ma commune.<\/p>\n\n\n\n<p>Ainsi, j&rsquo;ai \u00e9t\u00e9, entre autres, tr\u00e9sorier de l&rsquo;ACTE, avant de m&rsquo;engager dans la m\u00eame fonction au club de Tarot de Tierc\u00e9.<\/p>\n\n\n\n<p>Je suis \u00e9galement administrateur du centre d&rsquo;aide \u00e0 la vie associative (CAVA 49) \u00e0 Angers.<\/p>\n\n\n\n<p>J&rsquo;ai une passion pour les voitures anciennes et le sport. J&rsquo;aime voyager afin de d\u00e9couvrir d&rsquo;autres cultures, traditions et modes de vie.<\/p>\n\n\n\n<p>Enfin, oui je l&rsquo;avoue avec un certain plaisir, mon p\u00e9ch\u00e9 mignon c&rsquo;est ma complicit\u00e9 avec mes petits enfants pour faire des blagues ou des petites b\u00eatises.<\/p>\n","protected":false},"excerpt":{"rendered":"<p>&nbsp;Du monde financier au b\u00e9n\u00e9volat : un parcours riche et solidaire Arriv\u00e9 \u00e0 Tierc\u00e9 en 2013, j\u2019ai 71 ans, vis en couple, ai 3 enfants et 4 petits-enfants. J&rsquo;ai exerc\u00e9 l&rsquo;int\u00e9gralit\u00e9 de mon activit\u00e9 professionnelle \u00e0 Paris, en qualit\u00e9 de cadre financier. Je suis tr\u00e8s attach\u00e9 au milieu associatif, qui m&rsquo;a permis d&rsquo;acqu\u00e9rir une comp\u00e9tence&hellip;<\/p>\n","protected":false},"author":1,"featured_media":936,"parent":0,"menu_order":0,"comment_status":"closed","ping_status":"closed","template":"","meta":{"footnotes":""},"class_list":["post-720","page","type-page","status-publish","has-post-thumbnail","hentry"],"_links":{"self":[{"href":"https:\/\/xn--ensemblepourtierc-rtb.fr\/index.php?rest_route=\/wp\/v2\/pages\/720","targetHints":{"allow":["GET"]}}],"collection":[{"href":"https:\/\/xn--ensemblepourtierc-rtb.fr\/index.php?rest_route=\/wp\/v2\/pages"}],"about":[{"href":"https:\/\/xn--ensemblepourtierc-rtb.fr\/index.php?rest_route=\/wp\/v2\/types\/page"}],"author":[{"embeddable":true,"href":"https:\/\/xn--ensemblepourtierc-rtb.fr\/index.php?rest_route=\/wp\/v2\/users\/1"}],"replies":[{"embeddable":true,"href":"https:\/\/xn--ensemblepourtierc-rtb.fr\/index.php?rest_route=%2Fwp%2Fv2%2Fcomments&post=720"}],"version-history":[{"count":1,"href":"https:\/\/xn--ensemblepourtierc-rtb.fr\/index.php?rest_route=\/wp\/v2\/pages\/720\/revisions"}],"predecessor-version":[{"id":721,"href":"https:\/\/xn--ensemblepourtierc-rtb.fr\/index.php?rest_route=\/wp\/v2\/pages\/720\/revisions\/721"}],"wp:featuredmedia":[{"embeddable":true,"href":"https:\/\/xn--ensemblepourtierc-rtb.fr\/index.php?rest_route=\/wp\/v2\/media\/936"}],"wp:attachment":[{"href":"https:\/\/xn--ensemblepourtierc-rtb.fr\/index.php?rest_route=%2Fwp%2Fv2%2Fmedia&parent=720"}],"curies":[{"name":"wp","href":"https:\/\/api.w.org\/{rel}","templated":true}]}}