{"id":725,"date":"2025-12-31T09:11:51","date_gmt":"2025-12-31T09:11:51","guid":{"rendered":"https:\/\/xn--ensemblepourtierc-rtb.fr\/?page_id=725"},"modified":"2026-02-05T12:38:14","modified_gmt":"2026-02-05T12:38:14","slug":"stephanie","status":"publish","type":"page","link":"https:\/\/xn--ensemblepourtierc-rtb.fr\/?page_id=725","title":{"rendered":"St\u00e9phanie"},"content":{"rendered":"\n<p><strong>Assistante Familiale \u2013 Passionn\u00e9e par la nature et le lien humain<\/strong><\/p>\n\n\n\n<p>52 ans, mari\u00e9e, m\u00e8re de quatre enfants et famille d\u2019accueil.<\/p>\n\n\n\n<p>Install\u00e9e \u00e0 Tierc\u00e9 depuis 2019, je suis passionn\u00e9e par la nature, la cr\u00e9ativit\u00e9 et le lien humain. Apr\u00e8s 10 ans comme fleuriste, j\u2019ai choisi une reconversion \u00e0 40 ans pour devenir Assistante Familiale, un m\u00e9tier qui a du sens et me passionne.<\/p>\n\n\n\n<p>Fille d\u2019agriculteur, j\u2019ai appris \u00e0 aimer l\u2019essentiel. J\u2019aime partager des moments avec ma famille et mes amis, bricoler, jardiner, rire, faire la f\u00eate, d\u00e9couvrir des artistes, le th\u00e9\u00e2tre d\u2019improvisation et courir (moins vite qu\u2019Alexis !).<\/p>\n\n\n\n<p>Engag\u00e9e depuis longtemps dans le b\u00e9n\u00e9volat (\u00e9cole des enfants, association de danse pendant 15 ans), je crois aux actions concr\u00e8tes plus qu\u2019aux beaux discours. Aujourd\u2019hui, avec les enfants qui quittent le nid, j\u2019ai envie de cr\u00e9er du lien avec les habitants, d\u2019apporter des id\u00e9es et de les concr\u00e9tiser en \u00e9quipe.<\/p>\n\n\n\n<p>Convaincue par Mich\u00e8le et sa passion pour l\u2019humain, je suis heureuse de participer \u00e0 cette aventure et de faire de belles rencontres. Et ce n&rsquo;est que le d\u00e9but, je l&rsquo;esp\u00e8re.<\/p>\n\n\n\n<p>Mon p\u00e9ch\u00e9 mignon : le fromage \u2013 je ne termine jamais un repas sans.<\/p>\n\n\n\n<p>Bien \u00e0 vous toutes et tous.<\/p>\n","protected":false},"excerpt":{"rendered":"<p>Assistante Familiale \u2013 Passionn\u00e9e par la nature et le lien humain 52 ans, mari\u00e9e, m\u00e8re de quatre enfants et famille d\u2019accueil. Install\u00e9e \u00e0 Tierc\u00e9 depuis 2019, je suis passionn\u00e9e par la nature, la cr\u00e9ativit\u00e9 et le lien humain. Apr\u00e8s 10 ans comme fleuriste, j\u2019ai choisi une reconversion \u00e0 40 ans pour devenir Assistante Familiale, un&hellip;<\/p>\n","protected":false},"author":1,"featured_media":937,"parent":0,"menu_order":0,"comment_status":"closed","ping_status":"closed","template":"","meta":{"footnotes":""},"class_list":["post-725","page","type-page","status-publish","has-post-thumbnail","hentry"],"_links":{"self":[{"href":"https:\/\/xn--ensemblepourtierc-rtb.fr\/index.php?rest_route=\/wp\/v2\/pages\/725","targetHints":{"allow":["GET"]}}],"collection":[{"href":"https:\/\/xn--ensemblepourtierc-rtb.fr\/index.php?rest_route=\/wp\/v2\/pages"}],"about":[{"href":"https:\/\/xn--ensemblepourtierc-rtb.fr\/index.php?rest_route=\/wp\/v2\/types\/page"}],"author":[{"embeddable":true,"href":"https:\/\/xn--ensemblepourtierc-rtb.fr\/index.php?rest_route=\/wp\/v2\/users\/1"}],"replies":[{"embeddable":true,"href":"https:\/\/xn--ensemblepourtierc-rtb.fr\/index.php?rest_route=%2Fwp%2Fv2%2Fcomments&post=725"}],"version-history":[{"count":1,"href":"https:\/\/xn--ensemblepourtierc-rtb.fr\/index.php?rest_route=\/wp\/v2\/pages\/725\/revisions"}],"predecessor-version":[{"id":726,"href":"https:\/\/xn--ensemblepourtierc-rtb.fr\/index.php?rest_route=\/wp\/v2\/pages\/725\/revisions\/726"}],"wp:featuredmedia":[{"embeddable":true,"href":"https:\/\/xn--ensemblepourtierc-rtb.fr\/index.php?rest_route=\/wp\/v2\/media\/937"}],"wp:attachment":[{"href":"https:\/\/xn--ensemblepourtierc-rtb.fr\/index.php?rest_route=%2Fwp%2Fv2%2Fmedia&parent=725"}],"curies":[{"name":"wp","href":"https:\/\/api.w.org\/{rel}","templated":true}]}}