{"id":731,"date":"2025-12-31T09:13:52","date_gmt":"2025-12-31T09:13:52","guid":{"rendered":"https:\/\/xn--ensemblepourtierc-rtb.fr\/?page_id=731"},"modified":"2026-02-05T12:37:46","modified_gmt":"2026-02-05T12:37:46","slug":"romuald","status":"publish","type":"page","link":"https:\/\/xn--ensemblepourtierc-rtb.fr\/?page_id=731","title":{"rendered":"Romuald"},"content":{"rendered":"\n<p><strong>Un passionn\u00e9 de solidarit\u00e9 et de bien vivre ensemble.<\/strong><\/p>\n\n\n\n<p>Je m\u2019appelle Romuald, j\u2019ai 38 ans, mari\u00e9 et p\u00e8re de deux enfants. Install\u00e9 \u00e0 Tierc\u00e9 depuis 2012, je suis profond\u00e9ment attach\u00e9 \u00e0 notre commune et \u00e0 la qualit\u00e9 de vie qu\u2019elle offre.<\/p>\n\n\n\n<p>Professionnellement, je suis auto-entrepreneur dans la cr\u00e9ation audiovisuelle, apr\u00e8s une formation sup\u00e9rieure en industrie. Mon parcours m\u2019a \u00e9galement conduit \u00e0 servir comme gendarme r\u00e9serviste, une exp\u00e9rience qui a renforc\u00e9 mon sens de l\u2019engagement et de la solidarit\u00e9.<\/p>\n\n\n\n<p>La nature, la famille et le partage sont au c\u0153ur de mes passions. J\u2019aime les voyages en famille, le camping, le bricolage en tout genre et les moments conviviaux. Ancien b\u00e9n\u00e9vole au Resto du C\u0153ur, j\u2019ai toujours eu \u00e0 c\u0153ur de consacrer mon temps libre \u00e0 aider les autres.<\/p>\n\n\n\n<p>Mon souhait aujourd\u2019hui est de mettre cette \u00e9nergie et cette exp\u00e9rience au service de notre commune, avec la volont\u00e9 de m\u2019investir pour les habitants et de contribuer au bien-vivre ensemble.<\/p>\n\n\n\n<p>Mon p\u00e9ch\u00e9 mignon : la m\u00e9canique.<\/p>\n","protected":false},"excerpt":{"rendered":"<p>Un passionn\u00e9 de solidarit\u00e9 et de bien vivre ensemble. Je m\u2019appelle Romuald, j\u2019ai 38 ans, mari\u00e9 et p\u00e8re de deux enfants. Install\u00e9 \u00e0 Tierc\u00e9 depuis 2012, je suis profond\u00e9ment attach\u00e9 \u00e0 notre commune et \u00e0 la qualit\u00e9 de vie qu\u2019elle offre. Professionnellement, je suis auto-entrepreneur dans la cr\u00e9ation audiovisuelle, apr\u00e8s une formation sup\u00e9rieure en industrie.&hellip;<\/p>\n","protected":false},"author":1,"featured_media":938,"parent":0,"menu_order":0,"comment_status":"closed","ping_status":"closed","template":"","meta":{"footnotes":""},"class_list":["post-731","page","type-page","status-publish","has-post-thumbnail","hentry"],"_links":{"self":[{"href":"https:\/\/xn--ensemblepourtierc-rtb.fr\/index.php?rest_route=\/wp\/v2\/pages\/731","targetHints":{"allow":["GET"]}}],"collection":[{"href":"https:\/\/xn--ensemblepourtierc-rtb.fr\/index.php?rest_route=\/wp\/v2\/pages"}],"about":[{"href":"https:\/\/xn--ensemblepourtierc-rtb.fr\/index.php?rest_route=\/wp\/v2\/types\/page"}],"author":[{"embeddable":true,"href":"https:\/\/xn--ensemblepourtierc-rtb.fr\/index.php?rest_route=\/wp\/v2\/users\/1"}],"replies":[{"embeddable":true,"href":"https:\/\/xn--ensemblepourtierc-rtb.fr\/index.php?rest_route=%2Fwp%2Fv2%2Fcomments&post=731"}],"version-history":[{"count":1,"href":"https:\/\/xn--ensemblepourtierc-rtb.fr\/index.php?rest_route=\/wp\/v2\/pages\/731\/revisions"}],"predecessor-version":[{"id":732,"href":"https:\/\/xn--ensemblepourtierc-rtb.fr\/index.php?rest_route=\/wp\/v2\/pages\/731\/revisions\/732"}],"wp:featuredmedia":[{"embeddable":true,"href":"https:\/\/xn--ensemblepourtierc-rtb.fr\/index.php?rest_route=\/wp\/v2\/media\/938"}],"wp:attachment":[{"href":"https:\/\/xn--ensemblepourtierc-rtb.fr\/index.php?rest_route=%2Fwp%2Fv2%2Fmedia&parent=731"}],"curies":[{"name":"wp","href":"https:\/\/api.w.org\/{rel}","templated":true}]}}