{"id":737,"date":"2025-12-31T09:16:38","date_gmt":"2025-12-31T09:16:38","guid":{"rendered":"https:\/\/xn--ensemblepourtierc-rtb.fr\/?page_id=737"},"modified":"2026-02-05T12:38:25","modified_gmt":"2026-02-05T12:38:25","slug":"stephanie-2","status":"publish","type":"page","link":"https:\/\/xn--ensemblepourtierc-rtb.fr\/?page_id=737","title":{"rendered":"St\u00e9phanie"},"content":{"rendered":"\n<p><strong>Une supportrice engag\u00e9e pour rassembler et faire avancer notre commune<\/strong><\/p>\n\n\n\n<p>Maman de 3 enfants de 19,15 et 11 ans, je viens d\u2019arriver sur Tierc\u00e9.<\/p>\n\n\n\n<p>Actuellement employ\u00e9e commerciale, j\u2019ai entam\u00e9 ma 30\u00e8me ann\u00e9e dans le commerce.<\/p>\n\n\n\n<p>J\u2019ai toujours aim\u00e9 \u00eatre au contact des gens et m\u2019investir dans diff\u00e9rentes activit\u00e9s musicales, associatives, scolaires&#8230;<\/p>\n\n\n\n<p>Ma passion : le hockey sur glace. Je suis supportrice des Ducs D\u2019Angers depuis 13 ans. J\u2019ai assum\u00e9 plusieurs r\u00f4les dont b\u00e9n\u00e9vole, pr\u00e9sidente d\u2019un club de supporters et Kapo.<\/p>\n\n\n\n<p>Avec Mich\u00e8le et l\u2019\u00e9quipe nous avons cr\u00e9\u00e9 un lien particulier, les id\u00e9es pour faire avancer et rassembler Tierc\u00e9 me motivent. Nous n\u2019avons qu\u2019une vie alors autant bien la vivre ensemble.<\/p>\n\n\n\n<p>Mon p\u00e9ch\u00e9 mignon : une bonne tartine de beurre sal\u00e9 Nutella. Un r\u00e9gal !<\/p>\n","protected":false},"excerpt":{"rendered":"<p>Une supportrice engag\u00e9e pour rassembler et faire avancer notre commune Maman de 3 enfants de 19,15 et 11 ans, je viens d\u2019arriver sur Tierc\u00e9. Actuellement employ\u00e9e commerciale, j\u2019ai entam\u00e9 ma 30\u00e8me ann\u00e9e dans le commerce. J\u2019ai toujours aim\u00e9 \u00eatre au contact des gens et m\u2019investir dans diff\u00e9rentes activit\u00e9s musicales, associatives, scolaires&#8230; Ma passion : le&hellip;<\/p>\n","protected":false},"author":1,"featured_media":939,"parent":0,"menu_order":0,"comment_status":"closed","ping_status":"closed","template":"","meta":{"footnotes":""},"class_list":["post-737","page","type-page","status-publish","has-post-thumbnail","hentry"],"_links":{"self":[{"href":"https:\/\/xn--ensemblepourtierc-rtb.fr\/index.php?rest_route=\/wp\/v2\/pages\/737","targetHints":{"allow":["GET"]}}],"collection":[{"href":"https:\/\/xn--ensemblepourtierc-rtb.fr\/index.php?rest_route=\/wp\/v2\/pages"}],"about":[{"href":"https:\/\/xn--ensemblepourtierc-rtb.fr\/index.php?rest_route=\/wp\/v2\/types\/page"}],"author":[{"embeddable":true,"href":"https:\/\/xn--ensemblepourtierc-rtb.fr\/index.php?rest_route=\/wp\/v2\/users\/1"}],"replies":[{"embeddable":true,"href":"https:\/\/xn--ensemblepourtierc-rtb.fr\/index.php?rest_route=%2Fwp%2Fv2%2Fcomments&post=737"}],"version-history":[{"count":1,"href":"https:\/\/xn--ensemblepourtierc-rtb.fr\/index.php?rest_route=\/wp\/v2\/pages\/737\/revisions"}],"predecessor-version":[{"id":738,"href":"https:\/\/xn--ensemblepourtierc-rtb.fr\/index.php?rest_route=\/wp\/v2\/pages\/737\/revisions\/738"}],"wp:featuredmedia":[{"embeddable":true,"href":"https:\/\/xn--ensemblepourtierc-rtb.fr\/index.php?rest_route=\/wp\/v2\/media\/939"}],"wp:attachment":[{"href":"https:\/\/xn--ensemblepourtierc-rtb.fr\/index.php?rest_route=%2Fwp%2Fv2%2Fmedia&parent=737"}],"curies":[{"name":"wp","href":"https:\/\/api.w.org\/{rel}","templated":true}]}}