{"id":742,"date":"2025-12-31T09:21:04","date_gmt":"2025-12-31T09:21:04","guid":{"rendered":"https:\/\/xn--ensemblepourtierc-rtb.fr\/?page_id=742"},"modified":"2026-02-05T12:38:46","modified_gmt":"2026-02-05T12:38:46","slug":"vincent","status":"publish","type":"page","link":"https:\/\/xn--ensemblepourtierc-rtb.fr\/?page_id=742","title":{"rendered":"Vincent"},"content":{"rendered":"\n<p><strong>Entre technologie, astronomie et passion locale<\/strong><\/p>\n\n\n\n<p>\u2028A 39 ans, install\u00e9 \u00e0 Tierc\u00e9 depuis 2019 (un retour aux sources) avec ma compagne et mes 2 enfants j\u2019ai su allier curiosit\u00e9 et cr\u00e9ativit\u00e9 tout au long de mon parcours.\u2028<\/p>\n\n\n\n<p>Apr\u00e8s une licence professionnelle en automatique et informatique industrielle, option avionique, j\u2019exerce aujourd\u2019hui le m\u00e9tier de tourneur, un travail de pr\u00e9cision qui refl\u00e8te mon go\u00fbt pour la technique.<\/p>\n\n\n\n<p>\u2028Mon engagement associatif est li\u00e9 \u00e0 celui de mes enfants qui font du judo, viet vo dao, athl\u00e9tisme, th\u00e9\u00e2tre&#8230; autant d\u2019activit\u00e9s qui forgent l\u2019esprit d\u2019\u00e9quipe et l\u2019ouverture aux autres.<\/p>\n\n\n\n<p>\u2028Je suis passionn\u00e9 de conception et impression 3D, et d\u2019astronomie.\u2028<\/p>\n\n\n\n<p>Mon p\u00e9ch\u00e9 mignon : One Piece (manga japonais) et les TCG (jeux de cartes \u00e0 collectionner).<\/p>\n","protected":false},"excerpt":{"rendered":"<p>Entre technologie, astronomie et passion locale \u2028A 39 ans, install\u00e9 \u00e0 Tierc\u00e9 depuis 2019 (un retour aux sources) avec ma compagne et mes 2 enfants j\u2019ai su allier curiosit\u00e9 et cr\u00e9ativit\u00e9 tout au long de mon parcours.\u2028 Apr\u00e8s une licence professionnelle en automatique et informatique industrielle, option avionique, j\u2019exerce aujourd\u2019hui le m\u00e9tier de tourneur, un&hellip;<\/p>\n","protected":false},"author":1,"featured_media":940,"parent":0,"menu_order":0,"comment_status":"closed","ping_status":"closed","template":"","meta":{"footnotes":""},"class_list":["post-742","page","type-page","status-publish","has-post-thumbnail","hentry"],"_links":{"self":[{"href":"https:\/\/xn--ensemblepourtierc-rtb.fr\/index.php?rest_route=\/wp\/v2\/pages\/742","targetHints":{"allow":["GET"]}}],"collection":[{"href":"https:\/\/xn--ensemblepourtierc-rtb.fr\/index.php?rest_route=\/wp\/v2\/pages"}],"about":[{"href":"https:\/\/xn--ensemblepourtierc-rtb.fr\/index.php?rest_route=\/wp\/v2\/types\/page"}],"author":[{"embeddable":true,"href":"https:\/\/xn--ensemblepourtierc-rtb.fr\/index.php?rest_route=\/wp\/v2\/users\/1"}],"replies":[{"embeddable":true,"href":"https:\/\/xn--ensemblepourtierc-rtb.fr\/index.php?rest_route=%2Fwp%2Fv2%2Fcomments&post=742"}],"version-history":[{"count":4,"href":"https:\/\/xn--ensemblepourtierc-rtb.fr\/index.php?rest_route=\/wp\/v2\/pages\/742\/revisions"}],"predecessor-version":[{"id":909,"href":"https:\/\/xn--ensemblepourtierc-rtb.fr\/index.php?rest_route=\/wp\/v2\/pages\/742\/revisions\/909"}],"wp:featuredmedia":[{"embeddable":true,"href":"https:\/\/xn--ensemblepourtierc-rtb.fr\/index.php?rest_route=\/wp\/v2\/media\/940"}],"wp:attachment":[{"href":"https:\/\/xn--ensemblepourtierc-rtb.fr\/index.php?rest_route=%2Fwp%2Fv2%2Fmedia&parent=742"}],"curies":[{"name":"wp","href":"https:\/\/api.w.org\/{rel}","templated":true}]}}