{"id":747,"date":"2025-12-31T09:22:31","date_gmt":"2025-12-31T09:22:31","guid":{"rendered":"https:\/\/xn--ensemblepourtierc-rtb.fr\/?page_id=747"},"modified":"2026-02-05T12:38:35","modified_gmt":"2026-02-05T12:38:35","slug":"stephanie-3","status":"publish","type":"page","link":"https:\/\/xn--ensemblepourtierc-rtb.fr\/?page_id=747","title":{"rendered":"St\u00e9phanie"},"content":{"rendered":"\n<p><strong>Nature, famille, solidarit\u00e9 : mes valeurs pour Tierc\u00e9<\/strong><\/p>\n\n\n\n<p>40 ans, mari\u00e9e, deux enfants, je suis arriv\u00e9e par hasard sur Tierc\u00e9, il y a dix ans maintenant, pour y fonder notre petite famille qui s&rsquo;y \u00e9panouie pleinement.<\/p>\n\n\n\n<p>De formation dans le domaine du textile, je suis aujourd&rsquo;hui assistante de formation dans un tout autre domaine.<\/p>\n\n\n\n<p>Depuis toujours, j&rsquo;ai une passion pour la nature, le v\u00e9g\u00e9tal, tous les animaux et particuli\u00e8rement les chiens.<\/p>\n\n\n\n<p>Avec deux jeunes enfants, je m&rsquo;investis autant que possible au sein de leur \u00e9cole et activit\u00e9s.<\/p>\n\n\n\n<p>Je souhaite aujourd&rsquo;hui \u00e9galement apporter ma contribution et mes id\u00e9es \u00e0 notre commune si agr\u00e9able \u00e0 vivre<\/p>\n\n\n\n<p>Mon p\u00e9ch\u00e9 mignon : depuis quelques ann\u00e9es, j&rsquo; adore chouchouter mes quelques poules adopt\u00e9es.<\/p>\n","protected":false},"excerpt":{"rendered":"<p>Nature, famille, solidarit\u00e9 : mes valeurs pour Tierc\u00e9 40 ans, mari\u00e9e, deux enfants, je suis arriv\u00e9e par hasard sur Tierc\u00e9, il y a dix ans maintenant, pour y fonder notre petite famille qui s&rsquo;y \u00e9panouie pleinement. De formation dans le domaine du textile, je suis aujourd&rsquo;hui assistante de formation dans un tout autre domaine. Depuis&hellip;<\/p>\n","protected":false},"author":1,"featured_media":941,"parent":0,"menu_order":0,"comment_status":"closed","ping_status":"closed","template":"","meta":{"footnotes":""},"class_list":["post-747","page","type-page","status-publish","has-post-thumbnail","hentry"],"_links":{"self":[{"href":"https:\/\/xn--ensemblepourtierc-rtb.fr\/index.php?rest_route=\/wp\/v2\/pages\/747","targetHints":{"allow":["GET"]}}],"collection":[{"href":"https:\/\/xn--ensemblepourtierc-rtb.fr\/index.php?rest_route=\/wp\/v2\/pages"}],"about":[{"href":"https:\/\/xn--ensemblepourtierc-rtb.fr\/index.php?rest_route=\/wp\/v2\/types\/page"}],"author":[{"embeddable":true,"href":"https:\/\/xn--ensemblepourtierc-rtb.fr\/index.php?rest_route=\/wp\/v2\/users\/1"}],"replies":[{"embeddable":true,"href":"https:\/\/xn--ensemblepourtierc-rtb.fr\/index.php?rest_route=%2Fwp%2Fv2%2Fcomments&post=747"}],"version-history":[{"count":1,"href":"https:\/\/xn--ensemblepourtierc-rtb.fr\/index.php?rest_route=\/wp\/v2\/pages\/747\/revisions"}],"predecessor-version":[{"id":748,"href":"https:\/\/xn--ensemblepourtierc-rtb.fr\/index.php?rest_route=\/wp\/v2\/pages\/747\/revisions\/748"}],"wp:featuredmedia":[{"embeddable":true,"href":"https:\/\/xn--ensemblepourtierc-rtb.fr\/index.php?rest_route=\/wp\/v2\/media\/941"}],"wp:attachment":[{"href":"https:\/\/xn--ensemblepourtierc-rtb.fr\/index.php?rest_route=%2Fwp%2Fv2%2Fmedia&parent=747"}],"curies":[{"name":"wp","href":"https:\/\/api.w.org\/{rel}","templated":true}]}}