{"id":757,"date":"2025-12-31T10:41:57","date_gmt":"2025-12-31T10:41:57","guid":{"rendered":"https:\/\/xn--ensemblepourtierc-rtb.fr\/?page_id=757"},"modified":"2026-02-05T12:35:17","modified_gmt":"2026-02-05T12:35:17","slug":"gisele","status":"publish","type":"page","link":"https:\/\/xn--ensemblepourtierc-rtb.fr\/?page_id=757","title":{"rendered":"Gis\u00e8le"},"content":{"rendered":"\n<p><strong>70 ans, maman combl\u00e9e et pr\u00e9sidente engag\u00e9e pour le plaisir de jouer ensemble.<\/strong><\/p>\n\n\n\n<p>Retrait\u00e9e en agro-alimentaire, Maman de trois merveilleux gar\u00e7ons, j\u2019ai pos\u00e9 mes valises \u00e0 Tierc\u00e9 en 2016. Veuve, mais pleine d\u2019\u00e9nergie et de passion, je suis aujourd\u2019hui pr\u00e9sidente de Tarot Tierc\u00e9 Loisirs.<br>Le jeu est mon univers : tarot, boule de fort, lotos en salle\u2026 autant de moments de partage et de convivialit\u00e9 qui me tiennent \u00e0 c\u0153ur. Mon objectif ? Cr\u00e9er du lien, faire sourire et rassembler autour de passions communes.<\/p>\n\n\n\n<p>Mon p\u00e9ch\u00e9 mignon vous l\u2019aurez compris, les jeux en salle.<\/p>\n\n\n\n<p><\/p>\n","protected":false},"excerpt":{"rendered":"<p>70 ans, maman combl\u00e9e et pr\u00e9sidente engag\u00e9e pour le plaisir de jouer ensemble. Retrait\u00e9e en agro-alimentaire, Maman de trois merveilleux gar\u00e7ons, j\u2019ai pos\u00e9 mes valises \u00e0 Tierc\u00e9 en 2016. Veuve, mais pleine d\u2019\u00e9nergie et de passion, je suis aujourd\u2019hui pr\u00e9sidente de Tarot Tierc\u00e9 Loisirs.Le jeu est mon univers : tarot, boule de fort, lotos en&hellip;<\/p>\n","protected":false},"author":1,"featured_media":925,"parent":0,"menu_order":0,"comment_status":"closed","ping_status":"closed","template":"","meta":{"footnotes":""},"class_list":["post-757","page","type-page","status-publish","has-post-thumbnail","hentry"],"_links":{"self":[{"href":"https:\/\/xn--ensemblepourtierc-rtb.fr\/index.php?rest_route=\/wp\/v2\/pages\/757","targetHints":{"allow":["GET"]}}],"collection":[{"href":"https:\/\/xn--ensemblepourtierc-rtb.fr\/index.php?rest_route=\/wp\/v2\/pages"}],"about":[{"href":"https:\/\/xn--ensemblepourtierc-rtb.fr\/index.php?rest_route=\/wp\/v2\/types\/page"}],"author":[{"embeddable":true,"href":"https:\/\/xn--ensemblepourtierc-rtb.fr\/index.php?rest_route=\/wp\/v2\/users\/1"}],"replies":[{"embeddable":true,"href":"https:\/\/xn--ensemblepourtierc-rtb.fr\/index.php?rest_route=%2Fwp%2Fv2%2Fcomments&post=757"}],"version-history":[{"count":1,"href":"https:\/\/xn--ensemblepourtierc-rtb.fr\/index.php?rest_route=\/wp\/v2\/pages\/757\/revisions"}],"predecessor-version":[{"id":759,"href":"https:\/\/xn--ensemblepourtierc-rtb.fr\/index.php?rest_route=\/wp\/v2\/pages\/757\/revisions\/759"}],"wp:featuredmedia":[{"embeddable":true,"href":"https:\/\/xn--ensemblepourtierc-rtb.fr\/index.php?rest_route=\/wp\/v2\/media\/925"}],"wp:attachment":[{"href":"https:\/\/xn--ensemblepourtierc-rtb.fr\/index.php?rest_route=%2Fwp%2Fv2%2Fmedia&parent=757"}],"curies":[{"name":"wp","href":"https:\/\/api.w.org\/{rel}","templated":true}]}}