{"id":772,"date":"2026-01-04T12:50:46","date_gmt":"2026-01-04T12:50:46","guid":{"rendered":"https:\/\/xn--ensemblepourtierc-rtb.fr\/?page_id=772"},"modified":"2026-02-05T12:34:56","modified_gmt":"2026-02-05T12:34:56","slug":"frederic","status":"publish","type":"page","link":"https:\/\/xn--ensemblepourtierc-rtb.fr\/?page_id=772","title":{"rendered":"Fr\u00e9d\u00e9ric"},"content":{"rendered":"\n<p><strong>De la g\u00e9riatrie \u00e0 l\u2019innovation : un acteur engag\u00e9 pour nos a\u00een\u00e9s et notre ruralit\u00e9.<\/strong><\/p>\n\n\n\n<p>52 ans, mari\u00e9, trois enfants, quatre \u00e2nes et de nombreux poissons.<\/p>\n\n\n\n<p>Nous habitons depuis 2006 dans une maison de la campagne Tierc\u00e9enne.<\/p>\n\n\n\n<p>Je travaille au CHU depuis 2003. Pendant vingt ans, j\u2019ai d\u00e9velopp\u00e9 mes comp\u00e9tences dans la prise en charge de la personne \u00e2g\u00e9e en g\u00e9riatrie comme infirmier puis cadre de sant\u00e9 et Docteur en science infirmi\u00e8re. D\u2019abord soignant, je suis d\u00e9sormais \u00ab innov-acteur \u00bb et accompagne toutes les innovations mat\u00e9rielles mais aussi organisationnelles au service de nos a\u00een\u00e9s. Je transmets aussi mes comp\u00e9tences comme enseignant dans diff\u00e9rentes \u00e9coles.<\/p>\n\n\n\n<p>J\u2019ai toujours eu le souhait d\u2019\u00eatre exploitant agricole, le contexte \u00e9conomique ne l\u2019a pas permis. Je reste n\u00e9anmoins proche du monde rural en r\u00e9alisant de l\u2019entraide avec mes voisins agriculteurs et en consommant chez les producteurs de la commune.<\/p>\n\n\n\n<p>De m\u00eame, j\u2019occupe mes loisirs en r\u00e9alisant un grand jardin en permaculture. Ce mode de production associe deux centres d\u2019int\u00e9r\u00eat personnel : l\u2019environnement et l\u2019innovation.<\/p>\n\n\n\n<p>Mon p\u00e9ch\u00e9 mignon : le chocolat<\/p>\n","protected":false},"excerpt":{"rendered":"<p>De la g\u00e9riatrie \u00e0 l\u2019innovation : un acteur engag\u00e9 pour nos a\u00een\u00e9s et notre ruralit\u00e9. 52 ans, mari\u00e9, trois enfants, quatre \u00e2nes et de nombreux poissons. Nous habitons depuis 2006 dans une maison de la campagne Tierc\u00e9enne. Je travaille au CHU depuis 2003. Pendant vingt ans, j\u2019ai d\u00e9velopp\u00e9 mes comp\u00e9tences dans la prise en charge&hellip;<\/p>\n","protected":false},"author":1,"featured_media":926,"parent":0,"menu_order":0,"comment_status":"closed","ping_status":"closed","template":"","meta":{"footnotes":""},"class_list":["post-772","page","type-page","status-publish","has-post-thumbnail","hentry"],"_links":{"self":[{"href":"https:\/\/xn--ensemblepourtierc-rtb.fr\/index.php?rest_route=\/wp\/v2\/pages\/772","targetHints":{"allow":["GET"]}}],"collection":[{"href":"https:\/\/xn--ensemblepourtierc-rtb.fr\/index.php?rest_route=\/wp\/v2\/pages"}],"about":[{"href":"https:\/\/xn--ensemblepourtierc-rtb.fr\/index.php?rest_route=\/wp\/v2\/types\/page"}],"author":[{"embeddable":true,"href":"https:\/\/xn--ensemblepourtierc-rtb.fr\/index.php?rest_route=\/wp\/v2\/users\/1"}],"replies":[{"embeddable":true,"href":"https:\/\/xn--ensemblepourtierc-rtb.fr\/index.php?rest_route=%2Fwp%2Fv2%2Fcomments&post=772"}],"version-history":[{"count":2,"href":"https:\/\/xn--ensemblepourtierc-rtb.fr\/index.php?rest_route=\/wp\/v2\/pages\/772\/revisions"}],"predecessor-version":[{"id":952,"href":"https:\/\/xn--ensemblepourtierc-rtb.fr\/index.php?rest_route=\/wp\/v2\/pages\/772\/revisions\/952"}],"wp:featuredmedia":[{"embeddable":true,"href":"https:\/\/xn--ensemblepourtierc-rtb.fr\/index.php?rest_route=\/wp\/v2\/media\/926"}],"wp:attachment":[{"href":"https:\/\/xn--ensemblepourtierc-rtb.fr\/index.php?rest_route=%2Fwp%2Fv2%2Fmedia&parent=772"}],"curies":[{"name":"wp","href":"https:\/\/api.w.org\/{rel}","templated":true}]}}