{"id":780,"date":"2026-01-04T20:11:02","date_gmt":"2026-01-04T20:11:02","guid":{"rendered":"https:\/\/xn--ensemblepourtierc-rtb.fr\/?page_id=780"},"modified":"2026-02-05T12:38:02","modified_gmt":"2026-02-05T12:38:02","slug":"sophie","status":"publish","type":"page","link":"https:\/\/xn--ensemblepourtierc-rtb.fr\/?page_id=780","title":{"rendered":"Sophie"},"content":{"rendered":"\n<p><strong>M\u00e9decin engag\u00e9e, citoyenne passionn\u00e9e : pour un Tierc\u00e9 solidaire et durable \u201c<\/strong><\/p>\n\n\n\n<p>53 ans, \u00e9pouse de Fred, nos trois enfants ont grandi dans les \u00e9coles communales et profit\u00e9 de la richesse associative de notre commune. J\u2019appr\u00e9cie Tierc\u00e9 pour son \u00e9quilibre : des services dignes d\u2019une ville, mais \u00e0 taille humaine.<\/p>\n\n\n\n<p>M\u00e9decin depuis plus de vingt ans, j\u2019ai exerc\u00e9 au CHU d\u2019Angers comme g\u00e9n\u00e9raliste et g\u00e9riatre, sp\u00e9cialis\u00e9e en r\u00e9\u00e9ducation. Aujourd\u2019hui, je travaille au Centre des Capucins, une association \u00e0 but non lucratif, et au Tribunal judiciaire d\u2019Angers pour la protection juridique des majeurs. Mon quotidien est tourn\u00e9 vers le soin, la sant\u00e9, le handicap, la personne \u00e2g\u00e9e et les adultes vuln\u00e9rables. Je crois profond\u00e9ment \u00e0 la pluridisciplinarit\u00e9, qu\u2019elle soit individuelle ou collective.<\/p>\n\n\n\n<p>Locavore, je privil\u00e9gie les circuits courts, les producteurs locaux et les artisans. J\u2019aime la nature, bricoler, cuisiner les l\u00e9gumes du jardin et partager des moments conviviaux en famille ou entre amis.<\/p>\n\n\n\n<p>Aujourd\u2019hui, je souhaite mettre mon exp\u00e9rience et mon \u00e9nergie au service du bien-\u00eatre des Tierc\u00e9ens, en rejoignant l\u2019\u00e9quipe \u00ab Ensemble pour Tierc\u00e9 \u00bb pour construire ensemble un avenir solidaire et durable.<\/p>\n","protected":false},"excerpt":{"rendered":"<p>M\u00e9decin engag\u00e9e, citoyenne passionn\u00e9e : pour un Tierc\u00e9 solidaire et durable \u201c 53 ans, \u00e9pouse de Fred, nos trois enfants ont grandi dans les \u00e9coles communales et profit\u00e9 de la richesse associative de notre commune. J\u2019appr\u00e9cie Tierc\u00e9 pour son \u00e9quilibre : des services dignes d\u2019une ville, mais \u00e0 taille humaine. M\u00e9decin depuis plus de vingt&hellip;<\/p>\n","protected":false},"author":1,"featured_media":935,"parent":0,"menu_order":0,"comment_status":"closed","ping_status":"closed","template":"","meta":{"footnotes":""},"class_list":["post-780","page","type-page","status-publish","has-post-thumbnail","hentry"],"_links":{"self":[{"href":"https:\/\/xn--ensemblepourtierc-rtb.fr\/index.php?rest_route=\/wp\/v2\/pages\/780","targetHints":{"allow":["GET"]}}],"collection":[{"href":"https:\/\/xn--ensemblepourtierc-rtb.fr\/index.php?rest_route=\/wp\/v2\/pages"}],"about":[{"href":"https:\/\/xn--ensemblepourtierc-rtb.fr\/index.php?rest_route=\/wp\/v2\/types\/page"}],"author":[{"embeddable":true,"href":"https:\/\/xn--ensemblepourtierc-rtb.fr\/index.php?rest_route=\/wp\/v2\/users\/1"}],"replies":[{"embeddable":true,"href":"https:\/\/xn--ensemblepourtierc-rtb.fr\/index.php?rest_route=%2Fwp%2Fv2%2Fcomments&post=780"}],"version-history":[{"count":1,"href":"https:\/\/xn--ensemblepourtierc-rtb.fr\/index.php?rest_route=\/wp\/v2\/pages\/780\/revisions"}],"predecessor-version":[{"id":781,"href":"https:\/\/xn--ensemblepourtierc-rtb.fr\/index.php?rest_route=\/wp\/v2\/pages\/780\/revisions\/781"}],"wp:featuredmedia":[{"embeddable":true,"href":"https:\/\/xn--ensemblepourtierc-rtb.fr\/index.php?rest_route=\/wp\/v2\/media\/935"}],"wp:attachment":[{"href":"https:\/\/xn--ensemblepourtierc-rtb.fr\/index.php?rest_route=%2Fwp%2Fv2%2Fmedia&parent=780"}],"curies":[{"name":"wp","href":"https:\/\/api.w.org\/{rel}","templated":true}]}}