{"id":791,"date":"2026-01-05T19:06:44","date_gmt":"2026-01-05T19:06:44","guid":{"rendered":"https:\/\/xn--ensemblepourtierc-rtb.fr\/?page_id=791"},"modified":"2026-02-05T12:33:15","modified_gmt":"2026-02-05T12:33:15","slug":"anaelle","status":"publish","type":"page","link":"https:\/\/xn--ensemblepourtierc-rtb.fr\/?page_id=791","title":{"rendered":"Ana\u00eblle"},"content":{"rendered":"\n<p><strong>Jeune, engag\u00e9e et passionn\u00e9e : pour une commune qui bouge !<\/strong><\/p>\n\n\n\n<p><br>J\u2019ai 21 ans et je suis profond\u00e9ment attach\u00e9e \u00e0 la commune de Tierc\u00e9, o\u00f9 je vis depuis mes deux ans. J\u2019y ai grandi, fr\u00e9quent\u00e9 l\u2019\u00e9cole maternelle et primaire, avant de poursuivre mes \u00e9tudes au coll\u00e8ge.<br>Passionn\u00e9e par le sport et le bien-\u00eatre, j\u2019ai suivi une formation d\u2019\u00e9ducatrice sportive. Depuis le 1er septembre 2025, j\u2019exerce ce m\u00e9tier en milieu associatif et en salle de remise en forme sp\u00e9cialis\u00e9e sport et sant\u00e9. J\u2019encadre des groupes de tous \u00e2ges autour d\u2019activit\u00e9s physiques telles que Pilates, danse et fitness, une exp\u00e9rience que je d\u00e9veloppe depuis quatre ans.<br>Tierc\u00e9 est au c\u0153ur de mon parcours : j\u2019y ai pratiqu\u00e9 de nombreuses activit\u00e9s, notamment la danse et le th\u00e9\u00e2tre, au sein des associations locales. Ces exp\u00e9riences ont renforc\u00e9 des valeurs qui me sont ch\u00e8res : partage, bienveillance, convivialit\u00e9, p\u00e9dagogie et engagement.<br>Et pour la petite touche personnelle\u2026 mon p\u00e9ch\u00e9 mignon : le chocolat noir<\/p>\n","protected":false},"excerpt":{"rendered":"<p>Jeune, engag\u00e9e et passionn\u00e9e : pour une commune qui bouge ! J\u2019ai 21 ans et je suis profond\u00e9ment attach\u00e9e \u00e0 la commune de Tierc\u00e9, o\u00f9 je vis depuis mes deux ans. J\u2019y ai grandi, fr\u00e9quent\u00e9 l\u2019\u00e9cole maternelle et primaire, avant de poursuivre mes \u00e9tudes au coll\u00e8ge.Passionn\u00e9e par le sport et le bien-\u00eatre, j\u2019ai suivi une&hellip;<\/p>\n","protected":false},"author":1,"featured_media":916,"parent":0,"menu_order":0,"comment_status":"closed","ping_status":"closed","template":"","meta":{"footnotes":""},"class_list":["post-791","page","type-page","status-publish","has-post-thumbnail","hentry"],"_links":{"self":[{"href":"https:\/\/xn--ensemblepourtierc-rtb.fr\/index.php?rest_route=\/wp\/v2\/pages\/791","targetHints":{"allow":["GET"]}}],"collection":[{"href":"https:\/\/xn--ensemblepourtierc-rtb.fr\/index.php?rest_route=\/wp\/v2\/pages"}],"about":[{"href":"https:\/\/xn--ensemblepourtierc-rtb.fr\/index.php?rest_route=\/wp\/v2\/types\/page"}],"author":[{"embeddable":true,"href":"https:\/\/xn--ensemblepourtierc-rtb.fr\/index.php?rest_route=\/wp\/v2\/users\/1"}],"replies":[{"embeddable":true,"href":"https:\/\/xn--ensemblepourtierc-rtb.fr\/index.php?rest_route=%2Fwp%2Fv2%2Fcomments&post=791"}],"version-history":[{"count":2,"href":"https:\/\/xn--ensemblepourtierc-rtb.fr\/index.php?rest_route=\/wp\/v2\/pages\/791\/revisions"}],"predecessor-version":[{"id":951,"href":"https:\/\/xn--ensemblepourtierc-rtb.fr\/index.php?rest_route=\/wp\/v2\/pages\/791\/revisions\/951"}],"wp:featuredmedia":[{"embeddable":true,"href":"https:\/\/xn--ensemblepourtierc-rtb.fr\/index.php?rest_route=\/wp\/v2\/media\/916"}],"wp:attachment":[{"href":"https:\/\/xn--ensemblepourtierc-rtb.fr\/index.php?rest_route=%2Fwp%2Fv2%2Fmedia&parent=791"}],"curies":[{"name":"wp","href":"https:\/\/api.w.org\/{rel}","templated":true}]}}