{"id":808,"date":"2026-01-13T13:04:33","date_gmt":"2026-01-13T13:04:33","guid":{"rendered":"https:\/\/xn--ensemblepourtierc-rtb.fr\/?page_id=808"},"modified":"2026-01-13T14:12:56","modified_gmt":"2026-01-13T14:12:56","slug":"mentions-legales","status":"publish","type":"page","link":"https:\/\/xn--ensemblepourtierc-rtb.fr\/?page_id=808","title":{"rendered":"Mentions l\u00e9gales"},"content":{"rendered":"\n<h3 class=\"wp-block-heading\">\u00c9diteur du site<\/h3>\n\n\n\n<p>Le pr\u00e9sent site est \u00e9dit\u00e9 par :<\/p>\n\n\n\n<p><strong>Madame Mich\u00e8le GODICHEAU<\/strong><br>Candidate aux \u00e9lections municipales de&nbsp;<strong>Tierc\u00e9<\/strong><br>Adresse de contact :&nbsp;<a>contact@ensemblepourtierce.fr<\/a><\/p>\n\n\n\n<p><strong>Responsable de la publication<\/strong>&nbsp;: Madame Mich\u00e8le GODICHEAU<\/p>\n\n\n\n<hr class=\"wp-block-separator has-alpha-channel-opacity\"\/>\n\n\n\n<h3 class=\"wp-block-heading\">H\u00e9bergement<\/h3>\n\n\n\n<p><strong>H\u00e9bergeur<\/strong>\u00a0: OVHcloud<br><strong>D\u00e9nomination sociale<\/strong>\u00a0: OVHcloud SAS<br><strong>Adresse<\/strong>\u00a0: 2 rue Kellermann, 59100 Roubaix, France<br><strong>T\u00e9l\u00e9phone<\/strong>\u00a0: +33 (0)9 72 10 10 07<br><strong>Site web<\/strong>\u00a0:\u00a0<a href=\"https:\/\/www.ovhcloud.com\/\">https:\/\/www.ovhcloud.com<\/a><\/p>\n\n\n\n<hr class=\"wp-block-separator has-alpha-channel-opacity\"\/>\n\n\n\n<h3 class=\"wp-block-heading\">Propri\u00e9t\u00e9 intellectuelle<\/h3>\n\n\n\n<p>L\u2019ensemble des contenus pr\u00e9sents sur ce site (textes, images, graphismes, logos, vid\u00e9os, documents, etc.) est prot\u00e9g\u00e9 par le droit d\u2019auteur.<br>Toute reproduction, repr\u00e9sentation, modification ou diffusion, totale ou partielle, sans autorisation pr\u00e9alable est interdite.<\/p>\n\n\n\n<hr class=\"wp-block-separator has-alpha-channel-opacity\"\/>\n\n\n\n<h3 class=\"wp-block-heading\">Financement du site<\/h3>\n\n\n\n<p>Les d\u00e9penses relatives \u00e0 la conception, \u00e0 l\u2019h\u00e9bergement, au nom de domaine et \u00e0 la gestion du pr\u00e9sent site sont&nbsp;<strong>int\u00e9gr\u00e9es au compte de campagne<\/strong>&nbsp;de la candidate, conform\u00e9ment aux dispositions du&nbsp;<strong>code \u00e9lectoral<\/strong>&nbsp;et contr\u00f4l\u00e9es par la&nbsp;<strong>Commission nationale des comptes de campagne et des financements politiques (CNCCFP)<\/strong>.<\/p>\n\n\n\n<hr class=\"wp-block-separator has-alpha-channel-opacity\"\/>\n\n\n\n<h3 class=\"wp-block-heading\">Nature du site<\/h3>\n\n\n\n<p>Le pr\u00e9sent site constitue un&nbsp;<strong>outil de communication politique<\/strong>&nbsp;r\u00e9alis\u00e9 dans le cadre des \u00e9lections municipales.<br>Il ne comporte&nbsp;<strong>aucune publicit\u00e9 commerciale<\/strong>, ni contenu sponsoris\u00e9.<\/p>\n\n\n\n<hr class=\"wp-block-separator has-alpha-channel-opacity\"\/>\n\n\n\n<h3 class=\"wp-block-heading\">Responsabilit\u00e9<\/h3>\n\n\n\n<p>L\u2019\u00e9diteur s\u2019efforce de fournir des informations exactes et \u00e0 jour. Toutefois, il ne saurait \u00eatre tenu responsable d\u2019erreurs, d\u2019omissions ou de l\u2019indisponibilit\u00e9 temporaire du site.<\/p>\n","protected":false},"excerpt":{"rendered":"<p>\u00c9diteur du site Le pr\u00e9sent site est \u00e9dit\u00e9 par : Madame Mich\u00e8le GODICHEAUCandidate aux \u00e9lections municipales de&nbsp;Tierc\u00e9Adresse de contact :&nbsp;contact@ensemblepourtierce.fr Responsable de la publication&nbsp;: Madame Mich\u00e8le GODICHEAU H\u00e9bergement H\u00e9bergeur\u00a0: OVHcloudD\u00e9nomination sociale\u00a0: OVHcloud SASAdresse\u00a0: 2 rue Kellermann, 59100 Roubaix, FranceT\u00e9l\u00e9phone\u00a0: +33 (0)9 72 10 10 07Site web\u00a0:\u00a0https:\/\/www.ovhcloud.com Propri\u00e9t\u00e9 intellectuelle L\u2019ensemble des contenus pr\u00e9sents sur ce site&hellip;<\/p>\n","protected":false},"author":1,"featured_media":0,"parent":0,"menu_order":0,"comment_status":"closed","ping_status":"closed","template":"","meta":{"footnotes":""},"class_list":["post-808","page","type-page","status-publish","hentry"],"_links":{"self":[{"href":"https:\/\/xn--ensemblepourtierc-rtb.fr\/index.php?rest_route=\/wp\/v2\/pages\/808","targetHints":{"allow":["GET"]}}],"collection":[{"href":"https:\/\/xn--ensemblepourtierc-rtb.fr\/index.php?rest_route=\/wp\/v2\/pages"}],"about":[{"href":"https:\/\/xn--ensemblepourtierc-rtb.fr\/index.php?rest_route=\/wp\/v2\/types\/page"}],"author":[{"embeddable":true,"href":"https:\/\/xn--ensemblepourtierc-rtb.fr\/index.php?rest_route=\/wp\/v2\/users\/1"}],"replies":[{"embeddable":true,"href":"https:\/\/xn--ensemblepourtierc-rtb.fr\/index.php?rest_route=%2Fwp%2Fv2%2Fcomments&post=808"}],"version-history":[{"count":4,"href":"https:\/\/xn--ensemblepourtierc-rtb.fr\/index.php?rest_route=\/wp\/v2\/pages\/808\/revisions"}],"predecessor-version":[{"id":825,"href":"https:\/\/xn--ensemblepourtierc-rtb.fr\/index.php?rest_route=\/wp\/v2\/pages\/808\/revisions\/825"}],"wp:attachment":[{"href":"https:\/\/xn--ensemblepourtierc-rtb.fr\/index.php?rest_route=%2Fwp%2Fv2%2Fmedia&parent=808"}],"curies":[{"name":"wp","href":"https:\/\/api.w.org\/{rel}","templated":true}]}}