{"id":811,"date":"2026-01-13T13:05:00","date_gmt":"2026-01-13T13:05:00","guid":{"rendered":"https:\/\/xn--ensemblepourtierc-rtb.fr\/?page_id=811"},"modified":"2026-03-09T19:40:57","modified_gmt":"2026-03-09T19:40:57","slug":"politique-de-confidentialite","status":"publish","type":"page","link":"https:\/\/xn--ensemblepourtierc-rtb.fr\/?page_id=811","title":{"rendered":"Politique de confidentialit\u00e9 (RGPD)"},"content":{"rendered":"\n<h2 class=\"wp-block-heading\">1. Donn\u00e9es personnelles collect\u00e9es<\/h2>\n\n\n\n<p>Le site <strong>ensemblepourtierce.fr<\/strong> peut permettre aux visiteurs de publier des <strong>commentaires<\/strong>.<\/p>\n\n\n\n<p>Dans ce cadre, les donn\u00e9es suivantes peuvent \u00eatre collect\u00e9es :<\/p>\n\n\n\n<ul class=\"wp-block-list\">\n<li>le <strong>nom ou pseudonyme<\/strong> indiqu\u00e9 par l\u2019utilisateur,<\/li>\n\n\n\n<li>l\u2019<strong>adresse email<\/strong> fournie par l\u2019utilisateur,<\/li>\n\n\n\n<li>le <strong>contenu du commentaire<\/strong>,<\/li>\n\n\n\n<li>l\u2019<strong>adresse IP<\/strong>,<\/li>\n\n\n\n<li>les <strong>donn\u00e9es techniques de connexion<\/strong> (logs serveur).<\/li>\n<\/ul>\n\n\n\n<p>Ces donn\u00e9es sont fournies volontairement par l\u2019utilisateur lors de la publication d\u2019un commentaire ou collect\u00e9es automatiquement pour des raisons de s\u00e9curit\u00e9.<\/p>\n\n\n\n<p>L\u2019adresse email est utilis\u00e9e uniquement pour permettre la gestion et la mod\u00e9ration des commentaires et ne sera pas utilis\u00e9e \u00e0 des fins commerciales.<\/p>\n\n\n\n<hr class=\"wp-block-separator has-alpha-channel-opacity\"\/>\n\n\n\n<h2 class=\"wp-block-heading\">2. Finalit\u00e9 du traitement<\/h2>\n\n\n\n<p>Les donn\u00e9es techniques \u00e9ventuellement collect\u00e9es ont pour seule finalit\u00e9 :<\/p>\n\n\n\n<ul class=\"wp-block-list\">\n<li>la s\u00e9curit\u00e9 du site,<\/li>\n\n\n\n<li>son bon fonctionnement technique.<\/li>\n<\/ul>\n\n\n\n<p>Aucune donn\u00e9e n\u2019est utilis\u00e9e \u00e0 des fins commerciales ou publicitaires.<\/p>\n\n\n\n<hr class=\"wp-block-separator has-alpha-channel-opacity\"\/>\n\n\n\n<h2 class=\"wp-block-heading\">3. Base l\u00e9gale<\/h2>\n\n\n\n<p>Le traitement repose sur :<\/p>\n\n\n\n<ul class=\"wp-block-list\">\n<li>l\u2019<strong>int\u00e9r\u00eat l\u00e9gitime<\/strong>&nbsp;de l\u2019\u00e9diteur \u00e0 assurer la s\u00e9curit\u00e9 et le fonctionnement du site (article 6.1.f du RGPD).<\/li>\n<\/ul>\n\n\n\n<hr class=\"wp-block-separator has-alpha-channel-opacity\"\/>\n\n\n\n<h2 class=\"wp-block-heading\">4. Dur\u00e9e de conservation<\/h2>\n\n\n\n<p>Les donn\u00e9es techniques sont conserv\u00e9es pour une dur\u00e9e limit\u00e9e, conform\u00e9ment aux obligations l\u00e9gales de l\u2019h\u00e9bergeur, puis automatiquement supprim\u00e9es.<\/p>\n\n\n\n<hr class=\"wp-block-separator has-alpha-channel-opacity\"\/>\n\n\n\n<h2 class=\"wp-block-heading\">5. Destinataires des donn\u00e9es<\/h2>\n\n\n\n<p>Les donn\u00e9es ne sont accessibles qu\u2019\u00e0 :<\/p>\n\n\n\n<ul class=\"wp-block-list\">\n<li>l\u2019h\u00e9bergeur du site (OVHcloud),<\/li>\n\n\n\n<li>l\u2019\u00e9diteur du site.<\/li>\n<\/ul>\n\n\n\n<p>Elles ne sont&nbsp;<strong>ni vendues, ni c\u00e9d\u00e9es, ni transmises \u00e0 des tiers<\/strong>.<\/p>\n\n\n\n<hr class=\"wp-block-separator has-alpha-channel-opacity\"\/>\n\n\n\n<h2 class=\"wp-block-heading\">6. Droits des personnes<\/h2>\n\n\n\n<p>Conform\u00e9ment au R\u00e8glement g\u00e9n\u00e9ral sur la protection des donn\u00e9es (RGPD), vous disposez des droits suivants :<\/p>\n\n\n\n<ul class=\"wp-block-list\">\n<li>droit d\u2019acc\u00e8s,<\/li>\n\n\n\n<li>droit de rectification,<\/li>\n\n\n\n<li>droit d\u2019effacement,<\/li>\n\n\n\n<li>droit d\u2019opposition.<\/li>\n<\/ul>\n\n\n\n<p>Toute demande peut \u00eatre adress\u00e9e \u00e0 :<br>\ud83d\udce7&nbsp;<strong><a>contact@ensemblepourtierce.fr<\/a><\/strong><\/p>\n\n\n\n<hr class=\"wp-block-separator has-alpha-channel-opacity\"\/>\n\n\n\n<h2 class=\"wp-block-heading\">7. S\u00e9curit\u00e9 des donn\u00e9es<\/h2>\n\n\n\n<p>Des mesures techniques et organisationnelles sont mises en \u0153uvre afin de prot\u00e9ger les donn\u00e9es personnelles contre tout acc\u00e8s non autoris\u00e9, perte ou divulgation.<\/p>\n\n\n\n<hr class=\"wp-block-separator has-alpha-channel-opacity\"\/>\n\n\n\n<h2 class=\"wp-block-heading\">7. Cookies<\/h2>\n\n\n\n<p>Le site n\u2019utilise&nbsp;<strong>aucun cookie publicitaire ni de suivi<\/strong>.<br>Seuls des cookies strictement n\u00e9cessaires au fonctionnement du site peuvent \u00eatre utilis\u00e9s.<\/p>\n\n\n\n<hr class=\"wp-block-separator has-alpha-channel-opacity\"\/>\n\n\n\n<h2 class=\"wp-block-heading\">8. R\u00e9clamation<\/h2>\n\n\n\n<p>Si vous estimez, apr\u00e8s nous avoir contact\u00e9s, que vos droits ne sont pas respect\u00e9s, vous pouvez adresser une r\u00e9clamation \u00e0 la&nbsp;<strong>CNIL<\/strong>&nbsp;:<br><a>www.cnil.fr<\/a><\/p>\n","protected":false},"excerpt":{"rendered":"<p>1. Donn\u00e9es personnelles collect\u00e9es Le site ensemblepourtierce.fr peut permettre aux visiteurs de publier des commentaires. Dans ce cadre, les donn\u00e9es suivantes peuvent \u00eatre collect\u00e9es : Ces donn\u00e9es sont fournies volontairement par l\u2019utilisateur lors de la publication d\u2019un commentaire ou collect\u00e9es automatiquement pour des raisons de s\u00e9curit\u00e9. L\u2019adresse email est utilis\u00e9e uniquement pour permettre la gestion&hellip;<\/p>\n","protected":false},"author":1,"featured_media":0,"parent":0,"menu_order":0,"comment_status":"closed","ping_status":"closed","template":"","meta":{"footnotes":""},"class_list":["post-811","page","type-page","status-publish","hentry"],"_links":{"self":[{"href":"https:\/\/xn--ensemblepourtierc-rtb.fr\/index.php?rest_route=\/wp\/v2\/pages\/811","targetHints":{"allow":["GET"]}}],"collection":[{"href":"https:\/\/xn--ensemblepourtierc-rtb.fr\/index.php?rest_route=\/wp\/v2\/pages"}],"about":[{"href":"https:\/\/xn--ensemblepourtierc-rtb.fr\/index.php?rest_route=\/wp\/v2\/types\/page"}],"author":[{"embeddable":true,"href":"https:\/\/xn--ensemblepourtierc-rtb.fr\/index.php?rest_route=\/wp\/v2\/users\/1"}],"replies":[{"embeddable":true,"href":"https:\/\/xn--ensemblepourtierc-rtb.fr\/index.php?rest_route=%2Fwp%2Fv2%2Fcomments&post=811"}],"version-history":[{"count":6,"href":"https:\/\/xn--ensemblepourtierc-rtb.fr\/index.php?rest_route=\/wp\/v2\/pages\/811\/revisions"}],"predecessor-version":[{"id":1389,"href":"https:\/\/xn--ensemblepourtierc-rtb.fr\/index.php?rest_route=\/wp\/v2\/pages\/811\/revisions\/1389"}],"wp:attachment":[{"href":"https:\/\/xn--ensemblepourtierc-rtb.fr\/index.php?rest_route=%2Fwp%2Fv2%2Fmedia&parent=811"}],"curies":[{"name":"wp","href":"https:\/\/api.w.org\/{rel}","templated":true}]}}