{"id":844,"date":"2026-01-17T10:42:01","date_gmt":"2026-01-17T10:42:01","guid":{"rendered":"https:\/\/xn--ensemblepourtierc-rtb.fr\/?page_id=844"},"modified":"2026-03-07T15:01:24","modified_gmt":"2026-03-07T15:01:24","slug":"lavenir-ensemble","status":"publish","type":"page","link":"https:\/\/xn--ensemblepourtierc-rtb.fr\/?page_id=844","title":{"rendered":"Nos Observations"},"content":{"rendered":"\t\t<div data-elementor-type=\"wp-page\" data-elementor-id=\"844\" class=\"elementor elementor-844\">\n\t\t\t\t<div class=\"elementor-element elementor-element-a13fe2d e-flex e-con-boxed e-con e-parent\" data-id=\"a13fe2d\" data-element_type=\"container\" data-e-type=\"container\">\n\t\t\t\t\t<div class=\"e-con-inner\">\n\t\t\t\t<div class=\"elementor-element elementor-element-7114cf6 elementor-position-top elementor-widget elementor-widget-image-box\" data-id=\"7114cf6\" data-element_type=\"widget\" data-e-type=\"widget\" data-widget_type=\"image-box.default\">\n\t\t\t\t\t<div class=\"elementor-image-box-wrapper\"><figure class=\"elementor-image-box-img\"><a href=\"https:\/\/xn--ensemblepourtierc-rtb.fr\/?page_id=1195\" tabindex=\"-1\"><img fetchpriority=\"high\" decoding=\"async\" width=\"2560\" height=\"1707\" src=\"https:\/\/xn--ensemblepourtierc-rtb.fr\/wp-content\/uploads\/2026\/03\/11132-scaled.jpg\" class=\"attachment-full size-full wp-image-1205\" alt=\"\" srcset=\"https:\/\/xn--ensemblepourtierc-rtb.fr\/wp-content\/uploads\/2026\/03\/11132-scaled.jpg 2560w, https:\/\/xn--ensemblepourtierc-rtb.fr\/wp-content\/uploads\/2026\/03\/11132-300x200.jpg 300w, https:\/\/xn--ensemblepourtierc-rtb.fr\/wp-content\/uploads\/2026\/03\/11132-1024x683.jpg 1024w, https:\/\/xn--ensemblepourtierc-rtb.fr\/wp-content\/uploads\/2026\/03\/11132-768x512.jpg 768w, https:\/\/xn--ensemblepourtierc-rtb.fr\/wp-content\/uploads\/2026\/03\/11132-1536x1024.jpg 1536w\" sizes=\"(max-width: 2560px) 100vw, 2560px\" \/><\/a><\/figure><div class=\"elementor-image-box-content\"><h3 class=\"elementor-image-box-title\"><a href=\"https:\/\/xn--ensemblepourtierc-rtb.fr\/?page_id=1195\">Transparence sur le projet immobilier entre le fun\u00e9rarium et le cimeti\u00e8re<\/a><\/h3><p class=\"elementor-image-box-description\">Depuis plusieurs semaines, de nombreux habitants de Tierc\u00e9 nous ont alert\u00e9 au sujet d\u2019un projet immobilier pr\u00e9vu sur les terrains situ\u00e9s entre le fun\u00e9rarium et le cimeti\u00e8re ...<\/p><\/div><\/div>\t\t\t\t<\/div>\n\t\t\t\t<div class=\"elementor-element elementor-element-58bb849 elementor-widget-divider--view-line elementor-widget elementor-widget-divider\" data-id=\"58bb849\" data-element_type=\"widget\" data-e-type=\"widget\" data-widget_type=\"divider.default\">\n\t\t\t\t\t\t\t<div class=\"elementor-divider\">\n\t\t\t<span class=\"elementor-divider-separator\">\n\t\t\t\t\t\t<\/span>\n\t\t<\/div>\n\t\t\t\t\t\t<\/div>\n\t\t\t\t<div class=\"elementor-element elementor-element-1daef3b elementor-position-top elementor-widget elementor-widget-image-box\" data-id=\"1daef3b\" data-element_type=\"widget\" data-e-type=\"widget\" data-widget_type=\"image-box.default\">\n\t\t\t\t\t<div class=\"elementor-image-box-wrapper\"><figure class=\"elementor-image-box-img\"><a href=\"https:\/\/xn--ensemblepourtierc-rtb.fr\/?page_id=1109\" tabindex=\"-1\"><img decoding=\"async\" width=\"2560\" height=\"1862\" src=\"https:\/\/xn--ensemblepourtierc-rtb.fr\/wp-content\/uploads\/2026\/03\/43152-scaled.jpg\" class=\"attachment-full size-full wp-image-1119\" alt=\"\" srcset=\"https:\/\/xn--ensemblepourtierc-rtb.fr\/wp-content\/uploads\/2026\/03\/43152-scaled.jpg 2560w, https:\/\/xn--ensemblepourtierc-rtb.fr\/wp-content\/uploads\/2026\/03\/43152-300x218.jpg 300w, https:\/\/xn--ensemblepourtierc-rtb.fr\/wp-content\/uploads\/2026\/03\/43152-1024x745.jpg 1024w, https:\/\/xn--ensemblepourtierc-rtb.fr\/wp-content\/uploads\/2026\/03\/43152-768x558.jpg 768w\" sizes=\"(max-width: 2560px) 100vw, 2560px\" \/><\/a><\/figure><div class=\"elementor-image-box-content\"><h3 class=\"elementor-image-box-title\"><a href=\"https:\/\/xn--ensemblepourtierc-rtb.fr\/?page_id=1109\">Ralentisseurs \u00e0 Tierc\u00e9 : entre conformit\u00e9 r\u00e9glementaire et doutes sur la s\u00e9curit\u00e9<\/a><\/h3><p class=\"elementor-image-box-description\">L\u2019installation r\u00e9cente de dispositifs de ralentissement dans plusieurs rues de Tierc\u00e9 avait pour objectif affich\u00e9 ...<\/p><\/div><\/div>\t\t\t\t<\/div>\n\t\t\t\t<div class=\"elementor-element elementor-element-5a70c9d elementor-widget-divider--view-line elementor-widget elementor-widget-divider\" data-id=\"5a70c9d\" data-element_type=\"widget\" data-e-type=\"widget\" data-widget_type=\"divider.default\">\n\t\t\t\t\t\t\t<div class=\"elementor-divider\">\n\t\t\t<span class=\"elementor-divider-separator\">\n\t\t\t\t\t\t<\/span>\n\t\t<\/div>\n\t\t\t\t\t\t<\/div>\n\t\t\t\t<div class=\"elementor-element elementor-element-e006830 elementor-position-top elementor-widget elementor-widget-image-box\" data-id=\"e006830\" data-element_type=\"widget\" data-e-type=\"widget\" data-widget_type=\"image-box.default\">\n\t\t\t\t\t<div class=\"elementor-image-box-wrapper\"><figure class=\"elementor-image-box-img\"><a href=\"https:\/\/xn--ensemblepourtierc-rtb.fr\/?page_id=1013\" tabindex=\"-1\"><img decoding=\"async\" width=\"2560\" height=\"1911\" src=\"https:\/\/xn--ensemblepourtierc-rtb.fr\/wp-content\/uploads\/2026\/02\/31461-scaled.jpg\" class=\"attachment-full size-full wp-image-1021\" alt=\"\" srcset=\"https:\/\/xn--ensemblepourtierc-rtb.fr\/wp-content\/uploads\/2026\/02\/31461-scaled.jpg 2560w, https:\/\/xn--ensemblepourtierc-rtb.fr\/wp-content\/uploads\/2026\/02\/31461-300x224.jpg 300w, https:\/\/xn--ensemblepourtierc-rtb.fr\/wp-content\/uploads\/2026\/02\/31461-1024x764.jpg 1024w, https:\/\/xn--ensemblepourtierc-rtb.fr\/wp-content\/uploads\/2026\/02\/31461-768x573.jpg 768w\" sizes=\"(max-width: 2560px) 100vw, 2560px\" \/><\/a><\/figure><div class=\"elementor-image-box-content\"><h3 class=\"elementor-image-box-title\"><a href=\"https:\/\/xn--ensemblepourtierc-rtb.fr\/?page_id=1013\">Les dessous de la cantine scolaire<\/a><\/h3><p class=\"elementor-image-box-description\">Avoir une nouvelle cantine scolaire pour nos enfants \u00e0 Tierc\u00e9, ...<\/p><\/div><\/div>\t\t\t\t<\/div>\n\t\t\t\t<div class=\"elementor-element elementor-element-758b037 elementor-widget-divider--view-line elementor-widget elementor-widget-divider\" data-id=\"758b037\" data-element_type=\"widget\" data-e-type=\"widget\" data-widget_type=\"divider.default\">\n\t\t\t\t\t\t\t<div class=\"elementor-divider\">\n\t\t\t<span class=\"elementor-divider-separator\">\n\t\t\t\t\t\t<\/span>\n\t\t<\/div>\n\t\t\t\t\t\t<\/div>\n\t\t\t\t<div class=\"elementor-element elementor-element-2dc061a elementor-position-top elementor-widget elementor-widget-image-box\" data-id=\"2dc061a\" data-element_type=\"widget\" data-e-type=\"widget\" data-widget_type=\"image-box.default\">\n\t\t\t\t\t<div class=\"elementor-image-box-wrapper\"><figure class=\"elementor-image-box-img\"><a href=\"https:\/\/xn--ensemblepourtierc-rtb.fr\/?page_id=1027\" tabindex=\"-1\"><img loading=\"lazy\" decoding=\"async\" width=\"2560\" height=\"1707\" src=\"https:\/\/xn--ensemblepourtierc-rtb.fr\/wp-content\/uploads\/2026\/02\/selective-focus-shot-some-wheat-field-scaled.jpg\" class=\"attachment-full size-full wp-image-1060\" alt=\"\" srcset=\"https:\/\/xn--ensemblepourtierc-rtb.fr\/wp-content\/uploads\/2026\/02\/selective-focus-shot-some-wheat-field-scaled.jpg 2560w, https:\/\/xn--ensemblepourtierc-rtb.fr\/wp-content\/uploads\/2026\/02\/selective-focus-shot-some-wheat-field-300x200.jpg 300w, https:\/\/xn--ensemblepourtierc-rtb.fr\/wp-content\/uploads\/2026\/02\/selective-focus-shot-some-wheat-field-1024x683.jpg 1024w, https:\/\/xn--ensemblepourtierc-rtb.fr\/wp-content\/uploads\/2026\/02\/selective-focus-shot-some-wheat-field-768x512.jpg 768w, https:\/\/xn--ensemblepourtierc-rtb.fr\/wp-content\/uploads\/2026\/02\/selective-focus-shot-some-wheat-field-1536x1024.jpg 1536w, https:\/\/xn--ensemblepourtierc-rtb.fr\/wp-content\/uploads\/2026\/02\/selective-focus-shot-some-wheat-field-2048x1365.jpg 2048w\" sizes=\"(max-width: 2560px) 100vw, 2560px\" \/><\/a><\/figure><div class=\"elementor-image-box-content\"><h3 class=\"elementor-image-box-title\"><a href=\"https:\/\/xn--ensemblepourtierc-rtb.fr\/?page_id=1027\">\ud83c\udf3f L\u2019importance de l\u2019entretien des haies et des foss\u00e9s \u00e0 Tierc\u00e9<\/a><\/h3><p class=\"elementor-image-box-description\">Dans une commune rurale comme Tierc\u00e9, o\u00f9 l\u2019agriculture et les paysages bocagers fa\u00e7onnent le territoire, ...<\/p><\/div><\/div>\t\t\t\t<\/div>\n\t\t\t\t<div class=\"elementor-element elementor-element-3eb9b7b elementor-widget-divider--view-line elementor-widget elementor-widget-divider\" data-id=\"3eb9b7b\" data-element_type=\"widget\" data-e-type=\"widget\" data-widget_type=\"divider.default\">\n\t\t\t\t\t\t\t<div class=\"elementor-divider\">\n\t\t\t<span class=\"elementor-divider-separator\">\n\t\t\t\t\t\t<\/span>\n\t\t<\/div>\n\t\t\t\t\t\t<\/div>\n\t\t\t\t<div class=\"elementor-element elementor-element-9a7f79c elementor-position-top elementor-widget elementor-widget-image-box\" data-id=\"9a7f79c\" data-element_type=\"widget\" data-e-type=\"widget\" data-widget_type=\"image-box.default\">\n\t\t\t\t\t<div class=\"elementor-image-box-wrapper\"><figure class=\"elementor-image-box-img\"><a href=\"https:\/\/xn--ensemblepourtierc-rtb.fr\/?page_id=849\" tabindex=\"-1\"><img loading=\"lazy\" decoding=\"async\" width=\"800\" height=\"534\" src=\"https:\/\/xn--ensemblepourtierc-rtb.fr\/wp-content\/uploads\/2026\/01\/finances-planification-de-budget-commercial-ou-concept-d-analyse-prise-main-112078325.webp\" class=\"attachment-full size-full wp-image-841\" alt=\"\" srcset=\"https:\/\/xn--ensemblepourtierc-rtb.fr\/wp-content\/uploads\/2026\/01\/finances-planification-de-budget-commercial-ou-concept-d-analyse-prise-main-112078325.webp 800w, https:\/\/xn--ensemblepourtierc-rtb.fr\/wp-content\/uploads\/2026\/01\/finances-planification-de-budget-commercial-ou-concept-d-analyse-prise-main-112078325-300x200.webp 300w, https:\/\/xn--ensemblepourtierc-rtb.fr\/wp-content\/uploads\/2026\/01\/finances-planification-de-budget-commercial-ou-concept-d-analyse-prise-main-112078325-768x513.webp 768w\" sizes=\"(max-width: 800px) 100vw, 800px\" \/><\/a><\/figure><div class=\"elementor-image-box-content\"><h3 class=\"elementor-image-box-title\"><a href=\"https:\/\/xn--ensemblepourtierc-rtb.fr\/?page_id=849\">Finances communales : 1\/2<\/a><\/h3><p class=\"elementor-image-box-description\">Finances communales : partir des chiffres pour agir utilement<\/p><\/div><\/div>\t\t\t\t<\/div>\n\t\t\t\t<div class=\"elementor-element elementor-element-6e9c3e4 elementor-widget-divider--view-line elementor-widget elementor-widget-divider\" data-id=\"6e9c3e4\" data-element_type=\"widget\" data-e-type=\"widget\" data-widget_type=\"divider.default\">\n\t\t\t\t\t\t\t<div class=\"elementor-divider\">\n\t\t\t<span class=\"elementor-divider-separator\">\n\t\t\t\t\t\t<\/span>\n\t\t<\/div>\n\t\t\t\t\t\t<\/div>\n\t\t\t\t<div class=\"elementor-element elementor-element-cb93bf2 elementor-position-top elementor-widget elementor-widget-image-box\" data-id=\"cb93bf2\" data-element_type=\"widget\" data-e-type=\"widget\" data-widget_type=\"image-box.default\">\n\t\t\t\t\t<div class=\"elementor-image-box-wrapper\"><figure class=\"elementor-image-box-img\"><a href=\"https:\/\/xn--ensemblepourtierc-rtb.fr\/?page_id=975\" tabindex=\"-1\"><img loading=\"lazy\" decoding=\"async\" width=\"800\" height=\"534\" src=\"https:\/\/xn--ensemblepourtierc-rtb.fr\/wp-content\/uploads\/2026\/01\/finances-planification-de-budget-commercial-ou-concept-d-analyse-prise-main-112078325.webp\" class=\"attachment-full size-full wp-image-841\" alt=\"\" srcset=\"https:\/\/xn--ensemblepourtierc-rtb.fr\/wp-content\/uploads\/2026\/01\/finances-planification-de-budget-commercial-ou-concept-d-analyse-prise-main-112078325.webp 800w, https:\/\/xn--ensemblepourtierc-rtb.fr\/wp-content\/uploads\/2026\/01\/finances-planification-de-budget-commercial-ou-concept-d-analyse-prise-main-112078325-300x200.webp 300w, https:\/\/xn--ensemblepourtierc-rtb.fr\/wp-content\/uploads\/2026\/01\/finances-planification-de-budget-commercial-ou-concept-d-analyse-prise-main-112078325-768x513.webp 768w\" sizes=\"(max-width: 800px) 100vw, 800px\" \/><\/a><\/figure><div class=\"elementor-image-box-content\"><h3 class=\"elementor-image-box-title\"><a href=\"https:\/\/xn--ensemblepourtierc-rtb.fr\/?page_id=975\">Finances communales : 2\/2<\/a><\/h3><p class=\"elementor-image-box-description\">Ce que l\u2019on ne nous dit pas : quand les d\u00e9cisions se prennent ailleurs\u2026 et sans les habitants<\/p><\/div><\/div>\t\t\t\t<\/div>\n\t\t\t\t\t<\/div>\n\t\t\t\t<\/div>\n\t\t\t\t<\/div>\n\t\t","protected":false},"excerpt":{"rendered":"<p>Transparence sur le projet immobilier entre le fun\u00e9rarium et le cimeti\u00e8re Depuis plusieurs semaines, de nombreux habitants de Tierc\u00e9 nous ont alert\u00e9 au sujet d\u2019un projet immobilier pr\u00e9vu sur les terrains situ\u00e9s entre le fun\u00e9rarium et le cimeti\u00e8re &#8230; Ralentisseurs \u00e0 Tierc\u00e9 : entre conformit\u00e9 r\u00e9glementaire et doutes sur la s\u00e9curit\u00e9 L\u2019installation r\u00e9cente de dispositifs&hellip;<\/p>\n","protected":false},"author":1,"featured_media":0,"parent":0,"menu_order":0,"comment_status":"closed","ping_status":"closed","template":"","meta":{"footnotes":""},"class_list":["post-844","page","type-page","status-publish","hentry"],"_links":{"self":[{"href":"https:\/\/xn--ensemblepourtierc-rtb.fr\/index.php?rest_route=\/wp\/v2\/pages\/844","targetHints":{"allow":["GET"]}}],"collection":[{"href":"https:\/\/xn--ensemblepourtierc-rtb.fr\/index.php?rest_route=\/wp\/v2\/pages"}],"about":[{"href":"https:\/\/xn--ensemblepourtierc-rtb.fr\/index.php?rest_route=\/wp\/v2\/types\/page"}],"author":[{"embeddable":true,"href":"https:\/\/xn--ensemblepourtierc-rtb.fr\/index.php?rest_route=\/wp\/v2\/users\/1"}],"replies":[{"embeddable":true,"href":"https:\/\/xn--ensemblepourtierc-rtb.fr\/index.php?rest_route=%2Fwp%2Fv2%2Fcomments&post=844"}],"version-history":[{"count":29,"href":"https:\/\/xn--ensemblepourtierc-rtb.fr\/index.php?rest_route=\/wp\/v2\/pages\/844\/revisions"}],"predecessor-version":[{"id":1356,"href":"https:\/\/xn--ensemblepourtierc-rtb.fr\/index.php?rest_route=\/wp\/v2\/pages\/844\/revisions\/1356"}],"wp:attachment":[{"href":"https:\/\/xn--ensemblepourtierc-rtb.fr\/index.php?rest_route=%2Fwp%2Fv2%2Fmedia&parent=844"}],"curies":[{"name":"wp","href":"https:\/\/api.w.org\/{rel}","templated":true}]}}